{"id":241,"date":"2016-08-10T01:21:31","date_gmt":"2016-08-10T04:21:31","guid":{"rendered":"http:\/\/drdouglascaetano.med.br\/web\/?page_id=241"},"modified":"2016-08-11T07:37:51","modified_gmt":"2016-08-11T10:37:51","slug":"hipospadia","status":"publish","type":"page","link":"http:\/\/drdouglascaetano.med.br\/web\/?page_id=241","title":{"rendered":"Hiposp\u00e1dia"},"content":{"rendered":"<h1><span style=\"color: #0000ff;\">Hiposp\u00e1dias<\/span><\/h1>\n<p>&nbsp;<\/p>\n<h4>\u00c9 definida como uma masculiniza\u00e7\u00e3o incompleta da genit\u00e1lia do menino, causando o desenvolvimento incompleto dos tecidos da parte anterior do p\u00eanis.<\/h4>\n<h4>Tr\u00eas anomalias est\u00e3o envolvidas:<\/h4>\n<p><img decoding=\"async\" loading=\"lazy\" class=\"aligncenter wp-image-306 \" src=\"http:\/\/drdouglascaetano.med.br\/web\/wp-content\/uploads\/2016\/08\/hiposp\u00e1dia-1-1-264x300.png\" width=\"303\" height=\"344\" srcset=\"http:\/\/drdouglascaetano.med.br\/web\/wp-content\/uploads\/2016\/08\/hiposp\u00e1dia-1-1-264x300.png 264w, http:\/\/drdouglascaetano.med.br\/web\/wp-content\/uploads\/2016\/08\/hiposp\u00e1dia-1-1.png 458w\" sizes=\"(max-width: 303px) 100vw, 303px\" \/><\/p>\n<ol>\n<li>\n<h4>\u00a0mal posicionamento do orif\u00edcio uretral<\/h4>\n<\/li>\n<li>\n<h4>curvatural peniana ventral<\/h4>\n<\/li>\n<li>\n<h4>excesso de prep\u00facio na face dorsal associado a escassez na face ventral<\/h4>\n<\/li>\n<\/ol>\n<h2><span style=\"color: #000080;\">Incid\u00eancia<\/span><\/h2>\n<p>&nbsp;<\/p>\n<h4>\u00c9 a malforma\u00e7\u00e3o mais comum da genit\u00e1lia masculina com incid\u00eancia em torno de 1 para 250 meninos, sendo ainda mais quando h\u00e1 hist\u00f3ria familiar.<\/h4>\n<p>&nbsp;<\/p>\n<h2><span style=\"color: #000080;\">Classifica\u00e7\u00e3o<\/span><\/h2>\n<p><img decoding=\"async\" loading=\"lazy\" class=\"wp-image-244 alignleft\" src=\"http:\/\/drdouglascaetano.med.br\/web\/wp-content\/uploads\/2016\/08\/hiposp\u00e1dia-2-300x165.jpg\" alt=\"hiposp\u00e1dia 2\" width=\"536\" height=\"295\" srcset=\"http:\/\/drdouglascaetano.med.br\/web\/wp-content\/uploads\/2016\/08\/hiposp\u00e1dia-2-300x165.jpg 300w, http:\/\/drdouglascaetano.med.br\/web\/wp-content\/uploads\/2016\/08\/hiposp\u00e1dia-2-768x423.jpg 768w, http:\/\/drdouglascaetano.med.br\/web\/wp-content\/uploads\/2016\/08\/hiposp\u00e1dia-2-600x330.jpg 600w, http:\/\/drdouglascaetano.med.br\/web\/wp-content\/uploads\/2016\/08\/hiposp\u00e1dia-2.jpg 937w\" sizes=\"(max-width: 536px) 100vw, 536px\" \/><\/p>\n<p>&nbsp;<\/p>\n<p>&nbsp;<\/p>\n<p>&nbsp;<\/p>\n<p>&nbsp;<\/p>\n<p>&nbsp;<\/p>\n<p>&nbsp;<\/p>\n<p>&nbsp;<\/p>\n<p>&nbsp;<\/p>\n<h2><span style=\"color: #000080;\">Causa<\/span><\/h2>\n<p>&nbsp;<\/p>\n<h4>Ocorre por um defeito na diferencia\u00e7\u00e3o sexual da genit\u00e1lia masculina por est\u00edmulo deficiente de testosterona entre a nona e a d\u00e9cima terceira semanas de gesta\u00e7\u00e3o, per\u00edodo cr\u00edtico na forma\u00e7\u00e3o da uretral.<\/h4>\n<p><img decoding=\"async\" loading=\"lazy\" class=\"wp-image-246 alignleft\" src=\"http:\/\/drdouglascaetano.med.br\/web\/wp-content\/uploads\/2016\/08\/Hiposp\u00e1dia-3-300x149.png\" alt=\"Hiposp\u00e1dia 3\" width=\"350\" height=\"174\" srcset=\"http:\/\/drdouglascaetano.med.br\/web\/wp-content\/uploads\/2016\/08\/Hiposp\u00e1dia-3-300x149.png 300w, http:\/\/drdouglascaetano.med.br\/web\/wp-content\/uploads\/2016\/08\/Hiposp\u00e1dia-3-768x383.png 768w, http:\/\/drdouglascaetano.med.br\/web\/wp-content\/uploads\/2016\/08\/Hiposp\u00e1dia-3-600x299.png 600w, http:\/\/drdouglascaetano.med.br\/web\/wp-content\/uploads\/2016\/08\/Hiposp\u00e1dia-3.png 865w\" sizes=\"(max-width: 350px) 100vw, 350px\" \/><\/p>\n<p>&nbsp;<\/p>\n<p>&nbsp;<\/p>\n<p>&nbsp;<\/p>\n<p>&nbsp;<\/p>\n<p>&nbsp;<\/p>\n<h3><span style=\"color: #000080;\">Quando Operar?<\/span><\/h3>\n<p>&nbsp;<\/p>\n<h4>A \u00fanica forma de tratamento \u00e9 atrav\u00e9s de cirurgia. Devido ou tamanho e vasculariza\u00e7\u00e3o dos tecidos penianos diminu\u00eddos em beb\u00eas pequenos, deve-se realizar o tratamento cir\u00fargico ap\u00f3s os 6 meses. H\u00e1 estudos mostrando aumento significativo nas taxas de complica\u00e7\u00f5es p\u00f3s-operat\u00f3rias a medida em que se atrasa a corre\u00e7\u00e3o cir\u00fargica ap\u00f3s o primeiro ano de vida, variando de 18% a 50% para crian\u00e7as operadas com 1 e 5 anos de idade respectivamente.<\/h4>\n<p>&nbsp;<\/p>\n<h3><span style=\"color: #000080;\">Objetivos Cir\u00fargicos<\/span><\/h3>\n<p>&nbsp;<\/p>\n<h4>O tratamento envolve corre\u00e7\u00e3o funcional e est\u00e9tica e basea-se em 3 objetivos principais:<\/h4>\n<h4>1.\u00a0\u00a0\u00a0\u00a0 Reconstru\u00e7\u00e3o da uretra com reposicionamento do meato;<\/h4>\n<h4>2.\u00a0\u00a0\u00a0\u00a0 Corre\u00e7\u00e3o da curvatura peniana;<\/h4>\n<h4>3.\u00a0\u00a0\u00a0\u00a0 Prepucioplastia: Redu\u00e7\u00e3o do excesso de prep\u00facio dorsal e corre\u00e7\u00e3o da excassez ventral;<\/h4>\n<h4>Espera-se como resultado que a menino tenha um jato de urina forte e para frente, seu p\u00eanis seja reto e com aspecto adequado.<\/h4>\n<p>&nbsp;<\/p>\n<h3><span style=\"color: #000080;\">Tratamento Cir\u00fargico<\/span><\/h3>\n<p>&nbsp;<\/p>\n<h4>A fragilidade dos tecidos manipulados exige materiais adequados, composto por lupa de magnifica\u00e7\u00e3o al\u00e9m de pin\u00e7as e fios delicados.<br \/>\n<img decoding=\"async\" loading=\"lazy\" class=\" wp-image-249 alignleft\" src=\"http:\/\/drdouglascaetano.med.br\/web\/wp-content\/uploads\/2016\/08\/hipospadia-4-300x234.png\" alt=\"hipospadia 4\" width=\"226\" height=\"176\" srcset=\"http:\/\/drdouglascaetano.med.br\/web\/wp-content\/uploads\/2016\/08\/hipospadia-4-300x234.png 300w, http:\/\/drdouglascaetano.med.br\/web\/wp-content\/uploads\/2016\/08\/hipospadia-4.png 375w\" sizes=\"(max-width: 226px) 100vw, 226px\" \/><img decoding=\"async\" loading=\"lazy\" class=\" wp-image-251 alignnone\" src=\"http:\/\/drdouglascaetano.med.br\/web\/wp-content\/uploads\/2016\/08\/hipospadia-6.png\" alt=\"hipospadia 6\" width=\"186\" height=\"110\" \/><img decoding=\"async\" loading=\"lazy\" class=\" wp-image-250 alignleft\" src=\"http:\/\/drdouglascaetano.med.br\/web\/wp-content\/uploads\/2016\/08\/hiposp\u00e1dia-5.png\" alt=\"hiposp\u00e1dia 5\" width=\"177\" height=\"91\" \/><\/h4>\n<p>&nbsp;<\/p>\n<p>&nbsp;<\/p>\n<p>&nbsp;<\/p>\n<h3><span style=\"color: #000080;\">Hiposp\u00e1dias de Baixa Complexidade<\/span><\/h3>\n<h4>&#8211;<span style=\"color: #800000;\">Distal ou glandar, pouca deformidade de prep\u00facio, sem curvatura peniana<\/span><\/h4>\n<p><img decoding=\"async\" loading=\"lazy\" class=\"size-medium wp-image-252 alignleft\" src=\"http:\/\/drdouglascaetano.med.br\/web\/wp-content\/uploads\/2016\/08\/hipospadia-7-161x300.png\" alt=\"hipospadia 7\" width=\"161\" height=\"300\" srcset=\"http:\/\/drdouglascaetano.med.br\/web\/wp-content\/uploads\/2016\/08\/hipospadia-7-161x300.png 161w, http:\/\/drdouglascaetano.med.br\/web\/wp-content\/uploads\/2016\/08\/hipospadia-7.png 262w\" sizes=\"(max-width: 161px) 100vw, 161px\" \/><\/p>\n<p>&nbsp;<\/p>\n<p>&nbsp;<\/p>\n<p>&nbsp;<\/p>\n<p>&nbsp;<\/p>\n<p>&nbsp;<\/p>\n<p>A cirurgia \u00e9 individualizada para cada caso, mas em geral se inicia com a marca\u00e7\u00e3o dos locais de incis\u00e3o. A t\u00e9cnica mais utilizada por n\u00f3s e a maioria dos Servi\u00e7os de Uropediatria \u00e9 a de Snodgrass<\/p>\n<p>&nbsp;<\/p>\n<p>&nbsp;<\/p>\n<p>&nbsp;<\/p>\n<p><img decoding=\"async\" loading=\"lazy\" class=\" wp-image-253\" src=\"http:\/\/drdouglascaetano.med.br\/web\/wp-content\/uploads\/2016\/08\/hipospadia-8-201x300.png\" alt=\"Ap\u00f3s a incis\u00e3o na glande e no prep\u00facio a placa que ser\u00e1 usada para reconstru\u00e7\u00e3o da uretra \u00e9 incisada medialmente para ampliar seu di\u00e2metro e, consequentemente garantir um maior calibre \u00e0 neouretra tubularizada\" width=\"233\" height=\"348\" srcset=\"http:\/\/drdouglascaetano.med.br\/web\/wp-content\/uploads\/2016\/08\/hipospadia-8-201x300.png 201w, http:\/\/drdouglascaetano.med.br\/web\/wp-content\/uploads\/2016\/08\/hipospadia-8.png 356w\" sizes=\"(max-width: 233px) 100vw, 233px\" \/>\u00a0 \u00a0\u00a0<img decoding=\"async\" loading=\"lazy\" class=\"wp-image-254 alignnone\" src=\"http:\/\/drdouglascaetano.med.br\/web\/wp-content\/uploads\/2016\/08\/hipospadia-9-202x300.png\" alt=\"hipospadia 9\" width=\"227\" height=\"338\" \/><\/p>\n<p>Ap\u00f3s a incis\u00e3o na glande e no prep\u00facio a placa que ser\u00e1 usada para reconstru\u00e7\u00e3o da uretra \u00e9 incisada medialmente para ampliar seu di\u00e2metro e, consequentemente garantir um maior \u00a0calibre \u00e0 neouretra tubular.<\/p>\n<p><img decoding=\"async\" loading=\"lazy\" class=\"alignleft wp-image-255 size-medium\" src=\"http:\/\/drdouglascaetano.med.br\/web\/wp-content\/uploads\/2016\/08\/hipospadia-10-260x300.png\" alt=\"hipospadia 10\" width=\"260\" height=\"300\" srcset=\"http:\/\/drdouglascaetano.med.br\/web\/wp-content\/uploads\/2016\/08\/hipospadia-10-260x300.png 260w, http:\/\/drdouglascaetano.med.br\/web\/wp-content\/uploads\/2016\/08\/hipospadia-10.png 407w\" sizes=\"(max-width: 260px) 100vw, 260px\" \/><\/p>\n<p>&nbsp;<\/p>\n<p>&nbsp;<\/p>\n<p>&nbsp;<\/p>\n<p>&nbsp;<\/p>\n<p>&nbsp;<\/p>\n<p>&nbsp;<\/p>\n<p>O tubo uretral \u00e9 confeccionado sobre cateter de silicone que al\u00e9m de servir como molde drena a urina nos primeiros dias de p\u00f3s-operat\u00f3rio, mantendo o curativo seco e evitando reten\u00e7\u00f5es urin\u00e1rias<\/p>\n<p>&nbsp;<\/p>\n<p>&nbsp;<\/p>\n<p><img decoding=\"async\" loading=\"lazy\" class=\"alignleft wp-image-256 size-medium\" src=\"http:\/\/drdouglascaetano.med.br\/web\/wp-content\/uploads\/2016\/08\/hipospadia-11-202x300.png\" alt=\"A linha de sutura da neouretra recebe refor\u00e7o de tecido vizinho como o dartos (figura) ou a t\u00fanica vaginal. Essa prote\u00e7\u00e3o diminui a incid\u00eancia de f\u00edstulas\" width=\"202\" height=\"300\" srcset=\"http:\/\/drdouglascaetano.med.br\/web\/wp-content\/uploads\/2016\/08\/hipospadia-11-202x300.png 202w, http:\/\/drdouglascaetano.med.br\/web\/wp-content\/uploads\/2016\/08\/hipospadia-11.png 364w\" sizes=\"(max-width: 202px) 100vw, 202px\" \/><\/p>\n<p><img decoding=\"async\" loading=\"lazy\" class=\"size-medium wp-image-257 alignnone\" src=\"http:\/\/drdouglascaetano.med.br\/web\/wp-content\/uploads\/2016\/08\/hipospadia-12-300x296.png\" alt=\"hipospadia 12\" width=\"300\" height=\"296\" srcset=\"http:\/\/drdouglascaetano.med.br\/web\/wp-content\/uploads\/2016\/08\/hipospadia-12-300x296.png 300w, http:\/\/drdouglascaetano.med.br\/web\/wp-content\/uploads\/2016\/08\/hipospadia-12.png 485w\" sizes=\"(max-width: 300px) 100vw, 300px\" \/><\/p>\n<p>A linha de sutura da neouretra recebe refor\u00e7o de tecido vizinho como o dartos (figura) ou a t\u00fanica vaginal. Essa prote\u00e7\u00e3o diminui a incid\u00eancia de f\u00edstulas<\/p>\n<p><img decoding=\"async\" loading=\"lazy\" class=\"size-medium wp-image-258 alignleft\" src=\"http:\/\/drdouglascaetano.med.br\/web\/wp-content\/uploads\/2016\/08\/hipospadia-13-175x300.png\" alt=\"hipospadia 13\" width=\"175\" height=\"300\" srcset=\"http:\/\/drdouglascaetano.med.br\/web\/wp-content\/uploads\/2016\/08\/hipospadia-13-175x300.png 175w, http:\/\/drdouglascaetano.med.br\/web\/wp-content\/uploads\/2016\/08\/hipospadia-13.png 241w\" sizes=\"(max-width: 175px) 100vw, 175px\" \/><\/p>\n<p>&nbsp;<\/p>\n<p>&nbsp;<\/p>\n<p>&nbsp;<\/p>\n<p>&nbsp;<\/p>\n<p>&nbsp;<\/p>\n<p>&nbsp;<\/p>\n<p>&nbsp;<\/p>\n<p>Em seguida \u00e9 realizada pl\u00e1stica do prep\u00facio, na qual o excesso de prep\u00facio posterior \u00e9 utilizado para corrigir a escassez ventral.<\/p>\n<p>&nbsp;<\/p>\n<h3><span style=\"color: #333399;\">Hiposp\u00e1dias de Alta Complexidade<\/span><\/h3>\n<h4><span style=\"color: #993300;\">Proximais, defeito de prep\u00facio acentuado e\/ou curvature peniana<\/span><\/h4>\n<p>&nbsp;<\/p>\n<h4>Ortoplastia (Teste e Corre\u00e7\u00e3o da curvature)<\/h4>\n<p><img decoding=\"async\" loading=\"lazy\" class=\"wp-image-259 alignleft\" src=\"http:\/\/drdouglascaetano.med.br\/web\/wp-content\/uploads\/2016\/08\/hiposp\u00e1dia-14-300x260.png\" alt=\"hiposp\u00e1dia 14\" width=\"295\" height=\"256\" srcset=\"http:\/\/drdouglascaetano.med.br\/web\/wp-content\/uploads\/2016\/08\/hiposp\u00e1dia-14-300x260.png 300w, http:\/\/drdouglascaetano.med.br\/web\/wp-content\/uploads\/2016\/08\/hiposp\u00e1dia-14.png 488w\" sizes=\"(max-width: 295px) 100vw, 295px\" \/><img decoding=\"async\" loading=\"lazy\" class=\"wp-image-260 alignnone\" src=\"http:\/\/drdouglascaetano.med.br\/web\/wp-content\/uploads\/2016\/08\/hiposp\u00e1dia-15.png\" alt=\"hiposp\u00e1dia 15\" width=\"203\" height=\"115\" \/><img decoding=\"async\" loading=\"lazy\" class=\" wp-image-261 alignnone\" src=\"http:\/\/drdouglascaetano.med.br\/web\/wp-content\/uploads\/2016\/08\/hipospadia-16.png\" alt=\"hipospadia 16\" width=\"145\" height=\"119\" \/><\/p>\n<p>Desenluvamento do p\u00eanis e observa\u00e7\u00e3o de curvatura peniana com ere\u00e7\u00e3o artificial. Curvaturas acima de 40<sup>o <\/sup>podem exigir sec\u00e7\u00e3o da uretra e corre\u00e7\u00e3o estadiada com enxertos.<\/p>\n<p>&nbsp;<\/p>\n<p>&nbsp;<\/p>\n<p><img decoding=\"async\" loading=\"lazy\" class=\"size-medium wp-image-262 alignleft\" src=\"http:\/\/drdouglascaetano.med.br\/web\/wp-content\/uploads\/2016\/08\/hipospadia-17-224x300.png\" alt=\"hipospadia 17\" width=\"224\" height=\"300\" srcset=\"http:\/\/drdouglascaetano.med.br\/web\/wp-content\/uploads\/2016\/08\/hipospadia-17-224x300.png 224w, http:\/\/drdouglascaetano.med.br\/web\/wp-content\/uploads\/2016\/08\/hipospadia-17.png 399w\" sizes=\"(max-width: 224px) 100vw, 224px\" \/>\u00a0<img decoding=\"async\" loading=\"lazy\" class=\" wp-image-263 alignnone\" src=\"http:\/\/drdouglascaetano.med.br\/web\/wp-content\/uploads\/2016\/08\/hipospadia-19.png\" alt=\"hipospadia 19\" width=\"177\" height=\"151\" \/><img decoding=\"async\" loading=\"lazy\" class=\" wp-image-264 alignnone\" src=\"http:\/\/drdouglascaetano.med.br\/web\/wp-content\/uploads\/2016\/08\/hipospadia-21.png\" alt=\"hipospadia 21\" width=\"153\" height=\"151\" \/><\/p>\n<p>Plicatura dorsal ao n\u00edvel da curvatura para retifica\u00e7\u00e3o peniana. As t\u00e9cnicas mais utilizadas s\u00e3o a de Nesbitt (ilustra\u00e7\u00e3o) ou a de Baskin.<\/p>\n<p>&nbsp;<\/p>\n<p>&nbsp;<\/p>\n<p>&nbsp;<\/p>\n<p><img decoding=\"async\" loading=\"lazy\" class=\" wp-image-265 alignleft\" src=\"http:\/\/drdouglascaetano.med.br\/web\/wp-content\/uploads\/2016\/08\/hiposp\u00e1dia-22-300x232.png\" alt=\"hiposp\u00e1dia 22\" width=\"423\" height=\"327\" srcset=\"http:\/\/drdouglascaetano.med.br\/web\/wp-content\/uploads\/2016\/08\/hiposp\u00e1dia-22-300x232.png 300w, http:\/\/drdouglascaetano.med.br\/web\/wp-content\/uploads\/2016\/08\/hiposp\u00e1dia-22-768x594.png 768w, http:\/\/drdouglascaetano.med.br\/web\/wp-content\/uploads\/2016\/08\/hiposp\u00e1dia-22-600x464.png 600w, http:\/\/drdouglascaetano.med.br\/web\/wp-content\/uploads\/2016\/08\/hiposp\u00e1dia-22.png 865w\" sizes=\"(max-width: 423px) 100vw, 423px\" \/><\/p>\n<p>&nbsp;<\/p>\n<p>&nbsp;<\/p>\n<p>&nbsp;<\/p>\n<p>&nbsp;<\/p>\n<p>&nbsp;<\/p>\n<p>&nbsp;<\/p>\n<p>&nbsp;<\/p>\n<p>&nbsp;<\/p>\n<p>&nbsp;<\/p>\n<p>&nbsp;<\/p>\n<p><img decoding=\"async\" loading=\"lazy\" class=\"wp-image-266 alignleft\" src=\"http:\/\/drdouglascaetano.med.br\/web\/wp-content\/uploads\/2016\/08\/hipospadia-23-300x181.png\" alt=\"hipospadia 23\" width=\"415\" height=\"250\" srcset=\"http:\/\/drdouglascaetano.med.br\/web\/wp-content\/uploads\/2016\/08\/hipospadia-23-300x181.png 300w, http:\/\/drdouglascaetano.med.br\/web\/wp-content\/uploads\/2016\/08\/hipospadia-23-768x465.png 768w, http:\/\/drdouglascaetano.med.br\/web\/wp-content\/uploads\/2016\/08\/hipospadia-23-600x363.png 600w, http:\/\/drdouglascaetano.med.br\/web\/wp-content\/uploads\/2016\/08\/hipospadia-23.png 863w\" sizes=\"(max-width: 415px) 100vw, 415px\" \/><\/p>\n<p>&nbsp;<\/p>\n<p>Hiposp\u00e1dias proximais frequentemente exigem a utiliza\u00e7\u00e3o de retalhos ou enxertos de tecidos de outra regi\u00e3o al\u00e9m da placa uretral para a confec\u00e7\u00e3o da neouretra. Geralmente a primeira op\u00e7\u00e3o \u00e9 um retalho de prep\u00facio dorsal. Entre as alternativas est\u00e3o enxertos de mucosa labial e bexiga<\/p>\n<p>&nbsp;<\/p>\n<p>&nbsp;<\/p>\n<p>&nbsp;<\/p>\n<p>&nbsp;<\/p>\n<p>&nbsp;<\/p>\n<h3><span style=\"color: #000080;\">P\u00f3s-operat\u00f3rio<\/span><\/h3>\n<p>&nbsp;<\/p>\n<h4>O paciente permanece com o curativo por no m\u00ednimo 48h. J\u00e1 a sonda de hiposp\u00e1dia, que tem as fun\u00e7\u00f5es de calibra\u00e7\u00e3o da neo-uretra, evitar reten\u00e7\u00f5es urin\u00e1rias p\u00f3s-operat\u00f3ria e manter o curativo seco, permanece por 7 dias em m\u00e9dia, e nesses per\u00edodo o paciente mantem antibioticoterapia para prevenir infec\u00e7\u00f5es urin\u00e1rias.<\/h4>\n<h4>O \u00edndice de complica\u00e7\u00f5es aumenta quanto mais proximal \u00e9 a hiposp\u00e1dia. De maneira geral est\u00e1 entre 12 e 30% e a f\u00edstula de uretra \u00e9 a mais comum, seguida de estenose de meto, estenose e divert\u00edculo de uretra. Na maioria dos casos \u00e9 necess\u00e1ria nova interven\u00e7\u00e3o cir\u00fargica, que ocorre em 8 a 15,7% das hiposp\u00e1dias distais e 15 a 45% das hiposp\u00e1dias proximais. Em 64% dos casos com complica\u00e7\u00e3o p\u00f3s-operat\u00f3ria, o problema j\u00e1 \u00e9 evidente na primeira consulta de revis\u00e3o, e 80% das complica\u00e7\u00f5es ocorreram no primeiro ano. Dessa forma o tempo m\u00ednimo de acompanhamento p\u00f3s-operat\u00f3rio \u00e9 de 1 ano.<\/h4>\n<p>&nbsp;<\/p>\n<p>&nbsp;<\/p>\n<p><img decoding=\"async\" loading=\"lazy\" class=\"size-medium wp-image-268 alignnone\" src=\"http:\/\/drdouglascaetano.med.br\/web\/wp-content\/uploads\/2016\/08\/hiposp\u00e1dia-25-257x300.png\" alt=\"hiposp\u00e1dia 25\" width=\"257\" height=\"300\" srcset=\"http:\/\/drdouglascaetano.med.br\/web\/wp-content\/uploads\/2016\/08\/hiposp\u00e1dia-25-257x300.png 257w, http:\/\/drdouglascaetano.med.br\/web\/wp-content\/uploads\/2016\/08\/hiposp\u00e1dia-25.png 409w\" sizes=\"(max-width: 257px) 100vw, 257px\" \/>\u00a0\u00a0<img decoding=\"async\" loading=\"lazy\" class=\" wp-image-270 alignnone\" src=\"http:\/\/drdouglascaetano.med.br\/web\/wp-content\/uploads\/2016\/08\/hipospadia-27-300x288.png\" alt=\"hipospadia 27\" width=\"307\" height=\"295\" srcset=\"http:\/\/drdouglascaetano.med.br\/web\/wp-content\/uploads\/2016\/08\/hipospadia-27-300x288.png 300w, http:\/\/drdouglascaetano.med.br\/web\/wp-content\/uploads\/2016\/08\/hipospadia-27.png 412w\" sizes=\"(max-width: 307px) 100vw, 307px\" \/><\/p>\n<p><img decoding=\"async\" loading=\"lazy\" class=\" wp-image-302 alignnone\" src=\"http:\/\/drdouglascaetano.med.br\/web\/wp-content\/uploads\/2016\/08\/hipospadia-30-292x300.png\" alt=\"hipospadia 30\" width=\"261\" height=\"268\" srcset=\"http:\/\/drdouglascaetano.med.br\/web\/wp-content\/uploads\/2016\/08\/hipospadia-30-292x300.png 292w, http:\/\/drdouglascaetano.med.br\/web\/wp-content\/uploads\/2016\/08\/hipospadia-30.png 346w\" sizes=\"(max-width: 261px) 100vw, 261px\" \/>\u00a0<img decoding=\"async\" loading=\"lazy\" class=\" wp-image-269 alignnone\" src=\"http:\/\/drdouglascaetano.med.br\/web\/wp-content\/uploads\/2016\/08\/hipospadia-26-300x281.png\" alt=\"hipospadia 26\" width=\"291\" height=\"273\" srcset=\"http:\/\/drdouglascaetano.med.br\/web\/wp-content\/uploads\/2016\/08\/hipospadia-26-300x281.png 300w, http:\/\/drdouglascaetano.med.br\/web\/wp-content\/uploads\/2016\/08\/hipospadia-26.png 425w\" sizes=\"(max-width: 291px) 100vw, 291px\" \/><\/p>\n<p>Paciente portador de hiposp\u00e1dia distal antes e 3 semanas ap\u00f3s corre\u00e7\u00e3o cir\u00fargica mostrnado bom posicionamento do meato e corre\u00e7\u00e3o do defeito do prep\u00facio<\/p>\n<p><img decoding=\"async\" loading=\"lazy\" class=\"size-medium wp-image-271 alignleft\" src=\"http:\/\/drdouglascaetano.med.br\/web\/wp-content\/uploads\/2016\/08\/hiposp\u00e1dia-28-190x300.png\" alt=\"hiposp\u00e1dia 28\" width=\"190\" height=\"300\" srcset=\"http:\/\/drdouglascaetano.med.br\/web\/wp-content\/uploads\/2016\/08\/hiposp\u00e1dia-28-190x300.png 190w, http:\/\/drdouglascaetano.med.br\/web\/wp-content\/uploads\/2016\/08\/hiposp\u00e1dia-28.png 431w\" sizes=\"(max-width: 190px) 100vw, 190px\" \/><\/p>\n<p>&nbsp;<\/p>\n<p>&nbsp;<\/p>\n<p>&nbsp;<\/p>\n<p>&nbsp;<\/p>\n<p>&nbsp;<\/p>\n<p>&nbsp;<\/p>\n<p>Paciente com 2 meses p\u00f3s-operat\u00f3rio de hiposp\u00e1dia distal mostrando jato urin\u00e1rio forte e bem direcionado.<\/p>\n","protected":false},"excerpt":{"rendered":"<p>Hiposp\u00e1dias &nbsp; \u00c9 definida como uma masculiniza\u00e7\u00e3o incompleta da genit\u00e1lia do menino, causando o desenvolvimento incompleto dos tecidos da parte anterior do p\u00eanis. Tr\u00eas anomalias est\u00e3o envolvidas: \u00a0mal posicionamento do orif\u00edcio uretral curvatural peniana ventral excesso de prep\u00facio na face dorsal associado a escassez na face ventral Incid\u00eancia &nbsp; \u00c9 a malforma\u00e7\u00e3o mais comum da [&hellip;]<\/p>\n","protected":false},"author":1,"featured_media":306,"parent":18,"menu_order":0,"comment_status":"closed","ping_status":"closed","template":"","meta":[],"_links":{"self":[{"href":"http:\/\/drdouglascaetano.med.br\/web\/index.php?rest_route=\/wp\/v2\/pages\/241"}],"collection":[{"href":"http:\/\/drdouglascaetano.med.br\/web\/index.php?rest_route=\/wp\/v2\/pages"}],"about":[{"href":"http:\/\/drdouglascaetano.med.br\/web\/index.php?rest_route=\/wp\/v2\/types\/page"}],"author":[{"embeddable":true,"href":"http:\/\/drdouglascaetano.med.br\/web\/index.php?rest_route=\/wp\/v2\/users\/1"}],"replies":[{"embeddable":true,"href":"http:\/\/drdouglascaetano.med.br\/web\/index.php?rest_route=%2Fwp%2Fv2%2Fcomments&post=241"}],"version-history":[{"count":35,"href":"http:\/\/drdouglascaetano.med.br\/web\/index.php?rest_route=\/wp\/v2\/pages\/241\/revisions"}],"predecessor-version":[{"id":307,"href":"http:\/\/drdouglascaetano.med.br\/web\/index.php?rest_route=\/wp\/v2\/pages\/241\/revisions\/307"}],"up":[{"embeddable":true,"href":"http:\/\/drdouglascaetano.med.br\/web\/index.php?rest_route=\/wp\/v2\/pages\/18"}],"wp:featuredmedia":[{"embeddable":true,"href":"http:\/\/drdouglascaetano.med.br\/web\/index.php?rest_route=\/wp\/v2\/media\/306"}],"wp:attachment":[{"href":"http:\/\/drdouglascaetano.med.br\/web\/index.php?rest_route=%2Fwp%2Fv2%2Fmedia&parent=241"}],"curies":[{"name":"wp","href":"https:\/\/api.w.org\/{rel}","templated":true}]}}