{"id":32,"date":"2017-03-30T17:58:22","date_gmt":"2017-03-30T17:58:22","guid":{"rendered":"http:\/\/drdouglascaetano.med.br\/novo\/?page_id=32"},"modified":"2017-03-31T01:45:58","modified_gmt":"2017-03-31T01:45:58","slug":"casos-frequentes","status":"publish","type":"page","link":"https:\/\/drdouglascaetano.med.br\/novo\/casos-frequentes\/","title":{"rendered":"Casos frequentes"},"content":{"rendered":"<ul>\n<li><a href=\"http:\/\/drdouglascaetano.med.br\/novo\/casos-frequentes\/fimose\/\">Fimose<\/a>;<\/li>\n<li><a href=\"http:\/\/drdouglascaetano.med.br\/novo\/casos-frequentes\/criptorquidia\/\">Criptorquidia<\/a>;<\/li>\n<li><a href=\"http:\/\/drdouglascaetano.med.br\/novo\/casos-frequentes\/hernia-inguinal-e-hidrocele\/\">H\u00e9rnia inguinal e hidrocele<\/a>;<\/li>\n<li><a href=\"http:\/\/drdouglascaetano.med.br\/novo\/casos-frequentes\/hernia-umbilical\/\">H\u00e9rnia umbilical<\/a>;<\/li>\n<li><a href=\"http:\/\/drdouglascaetano.med.br\/novo\/casos-frequentes\/hipospadia\/\">Hiposp\u00e1dia<\/a>.<\/li>\n<\/ul>\n","protected":false},"excerpt":{"rendered":"<p>Fimose; Criptorquidia; H\u00e9rnia inguinal e hidrocele; H\u00e9rnia umbilical; Hiposp\u00e1dia.<\/p>\n","protected":false},"author":1,"featured_media":0,"parent":0,"menu_order":0,"comment_status":"closed","ping_status":"closed","template":"","meta":{"advanced_seo_description":"","jetpack_seo_html_title":"","jetpack_seo_noindex":false,"jetpack_post_was_ever_published":false,"footnotes":""},"class_list":["post-32","page","type-page","status-publish","hentry"],"jetpack_sharing_enabled":true,"jetpack_shortlink":"https:\/\/wp.me\/P8zks0-w","jetpack-related-posts":[],"_links":{"self":[{"href":"https:\/\/drdouglascaetano.med.br\/novo\/wp-json\/wp\/v2\/pages\/32","targetHints":{"allow":["GET"]}}],"collection":[{"href":"https:\/\/drdouglascaetano.med.br\/novo\/wp-json\/wp\/v2\/pages"}],"about":[{"href":"https:\/\/drdouglascaetano.med.br\/novo\/wp-json\/wp\/v2\/types\/page"}],"author":[{"embeddable":true,"href":"https:\/\/drdouglascaetano.med.br\/novo\/wp-json\/wp\/v2\/users\/1"}],"replies":[{"embeddable":true,"href":"https:\/\/drdouglascaetano.med.br\/novo\/wp-json\/wp\/v2\/comments?post=32"}],"version-history":[{"count":3,"href":"https:\/\/drdouglascaetano.med.br\/novo\/wp-json\/wp\/v2\/pages\/32\/revisions"}],"predecessor-version":[{"id":250,"href":"https:\/\/drdouglascaetano.med.br\/novo\/wp-json\/wp\/v2\/pages\/32\/revisions\/250"}],"wp:attachment":[{"href":"https:\/\/drdouglascaetano.med.br\/novo\/wp-json\/wp\/v2\/media?parent=32"}],"curies":[{"name":"wp","href":"https:\/\/api.w.org\/{rel}","templated":true}]}}