{"id":327,"date":"2017-05-08T18:57:19","date_gmt":"2017-05-08T18:57:19","guid":{"rendered":"http:\/\/drdouglascaetano.med.br\/novo\/?page_id=327"},"modified":"2022-02-09T23:40:18","modified_gmt":"2022-02-09T23:40:18","slug":"penis-pequeno","status":"publish","type":"page","link":"https:\/\/drdouglascaetano.med.br\/novo\/casos-frequentes\/penis-pequeno\/","title":{"rendered":"P\u00eanis Pequeno"},"content":{"rendered":"<h2><strong>O que \u00e9 p\u00eanis embutido?<\/strong><\/h2>\n<p><img data-recalc-dims=\"1\" decoding=\"async\" data-attachment-id=\"328\" data-permalink=\"https:\/\/drdouglascaetano.med.br\/novo\/casos-frequentes\/penis-pequeno\/penis1\/\" data-orig-file=\"https:\/\/i0.wp.com\/drdouglascaetano.med.br\/novo\/wp-content\/uploads\/2017\/05\/penis1.png?fit=154%2C228&amp;ssl=1\" data-orig-size=\"154,228\" data-comments-opened=\"0\" data-image-meta=\"{&quot;aperture&quot;:&quot;0&quot;,&quot;credit&quot;:&quot;&quot;,&quot;camera&quot;:&quot;&quot;,&quot;caption&quot;:&quot;&quot;,&quot;created_timestamp&quot;:&quot;0&quot;,&quot;copyright&quot;:&quot;&quot;,&quot;focal_length&quot;:&quot;0&quot;,&quot;iso&quot;:&quot;0&quot;,&quot;shutter_speed&quot;:&quot;0&quot;,&quot;title&quot;:&quot;&quot;,&quot;orientation&quot;:&quot;0&quot;}\" data-image-title=\"penis1\" data-image-description=\"\" data-image-caption=\"\" data-medium-file=\"https:\/\/i0.wp.com\/drdouglascaetano.med.br\/novo\/wp-content\/uploads\/2017\/05\/penis1.png?fit=154%2C228&amp;ssl=1\" data-large-file=\"https:\/\/i0.wp.com\/drdouglascaetano.med.br\/novo\/wp-content\/uploads\/2017\/05\/penis1.png?fit=154%2C228&amp;ssl=1\" class=\"size-full wp-image-328 alignleft\" src=\"https:\/\/i0.wp.com\/drdouglascaetano.med.br\/novo\/wp-content\/uploads\/2017\/05\/penis1.png?resize=154%2C228\" alt=\"\" width=\"154\" height=\"228\" \/><\/p>\n<p>&nbsp;<\/p>\n<p>&nbsp;<\/p>\n<p>&nbsp;<\/p>\n<p>\u00c9 uma condi\u00e7\u00e3o cong\u00eanita rara na qual o p\u00eanis encontra-se aparentemente ausente ou anormalmente pequeno, que ocorre quando este perde sua bainha adequada de pele e encontra-se enterrado sob o tecido supra-p\u00fabico ou da bolsa escrotal, dificultando sua exposi\u00e7\u00e3o.<\/p>\n<p>&nbsp;<\/p>\n<h2><strong>Por que ocorre?<\/strong><\/h2>\n<p>Diversas etiologias s\u00e3o apontadas como causas o p\u00eanis embutido, as principais s\u00e3o:<\/p>\n<ol>\n<li>Falha de fixa\u00e7\u00e3o da f\u00e1scia de dartos e da pele do p\u00eanis (prep\u00facio) \u00e0 f\u00e1scia de Buck;<\/li>\n<li>Excesso deposi\u00e7\u00e3o de gordura supra-p\u00fabica<\/li>\n<li>Perda de elasticidade do dartos<\/li>\n<\/ol>\n<p>Existem ainda casos adquiridos devido a sucessivas b\u00e1lano-postites ou complica\u00e7\u00f5es de cicatriza\u00e7\u00e3o de cirurgias pr\u00e9vias, especialmente circuncis\u00e3o em beb\u00eas.<br \/>\n<img data-recalc-dims=\"1\" fetchpriority=\"high\" decoding=\"async\" data-attachment-id=\"389\" data-permalink=\"https:\/\/drdouglascaetano.med.br\/novo\/casos-frequentes\/penis-pequeno\/slide1\/\" data-orig-file=\"https:\/\/i0.wp.com\/drdouglascaetano.med.br\/novo\/wp-content\/uploads\/2017\/05\/Slide1.jpg?fit=668%2C312&amp;ssl=1\" data-orig-size=\"668,312\" data-comments-opened=\"0\" data-image-meta=\"{&quot;aperture&quot;:&quot;0&quot;,&quot;credit&quot;:&quot;&quot;,&quot;camera&quot;:&quot;&quot;,&quot;caption&quot;:&quot;&quot;,&quot;created_timestamp&quot;:&quot;0&quot;,&quot;copyright&quot;:&quot;&quot;,&quot;focal_length&quot;:&quot;0&quot;,&quot;iso&quot;:&quot;0&quot;,&quot;shutter_speed&quot;:&quot;0&quot;,&quot;title&quot;:&quot;&quot;,&quot;orientation&quot;:&quot;1&quot;}\" data-image-title=\"Slide1\" data-image-description=\"\" data-image-caption=\"\" data-medium-file=\"https:\/\/i0.wp.com\/drdouglascaetano.med.br\/novo\/wp-content\/uploads\/2017\/05\/Slide1.jpg?fit=300%2C140&amp;ssl=1\" data-large-file=\"https:\/\/i0.wp.com\/drdouglascaetano.med.br\/novo\/wp-content\/uploads\/2017\/05\/Slide1.jpg?fit=640%2C299&amp;ssl=1\" class=\"aligncenter size-full wp-image-389\" src=\"https:\/\/i0.wp.com\/drdouglascaetano.med.br\/novo\/wp-content\/uploads\/2017\/05\/Slide1.jpg?resize=640%2C299\" alt=\"\" width=\"640\" height=\"299\" srcset=\"https:\/\/i0.wp.com\/drdouglascaetano.med.br\/novo\/wp-content\/uploads\/2017\/05\/Slide1.jpg?w=668&amp;ssl=1 668w, https:\/\/i0.wp.com\/drdouglascaetano.med.br\/novo\/wp-content\/uploads\/2017\/05\/Slide1.jpg?resize=300%2C140&amp;ssl=1 300w\" sizes=\"(max-width: 640px) 100vw, 640px\" \/><\/p>\n<h2><strong>Diagn\u00f3stico<\/strong><\/h2>\n<p>Infelizmente em geral esses pacientes t\u00eam o diagn\u00f3stico tardio. \u00c9 muito comum essas crian\u00e7as chegarem ao consult\u00f3rio j\u00e1 tendo equivocadamente tido seu problema atribu\u00eddo \u00e0 obesidade. Inclusive em alguns casos s\u00e3o submetidos a postectomias, que al\u00e9m de n\u00e3o solucionarem o problema, podem comprometer a quantidade de prep\u00facio necess\u00e1ria para a corre\u00e7\u00e3o do p\u00eanis embutido e com isso o resultado do tratamento. O diagn\u00f3stico \u00e9 cl\u00ednica e s\u00e3o considerados mais graves os casos em que o p\u00eanis exposto \u00e9 menor que 2 cm em meninos at\u00e9 3 anos.<\/p>\n<h2><strong>Classifica\u00e7\u00e3o<\/strong><strong>\u00a0<\/strong><\/h2>\n<p><strong>Normal: <\/strong>Tamanho normal de eixo peniano, com tamanho de prep\u00facio interno normal e fixa\u00e7\u00e3o normal de f\u00e1scia do dartos e ligamentos fusiforme e suspensor do p\u00eanis<img data-recalc-dims=\"1\" decoding=\"async\" data-attachment-id=\"331\" data-permalink=\"https:\/\/drdouglascaetano.med.br\/novo\/casos-frequentes\/penis-pequeno\/penis4\/\" data-orig-file=\"https:\/\/i0.wp.com\/drdouglascaetano.med.br\/novo\/wp-content\/uploads\/2017\/05\/penis4.png?fit=347%2C351&amp;ssl=1\" data-orig-size=\"347,351\" data-comments-opened=\"0\" data-image-meta=\"{&quot;aperture&quot;:&quot;0&quot;,&quot;credit&quot;:&quot;&quot;,&quot;camera&quot;:&quot;&quot;,&quot;caption&quot;:&quot;&quot;,&quot;created_timestamp&quot;:&quot;0&quot;,&quot;copyright&quot;:&quot;&quot;,&quot;focal_length&quot;:&quot;0&quot;,&quot;iso&quot;:&quot;0&quot;,&quot;shutter_speed&quot;:&quot;0&quot;,&quot;title&quot;:&quot;&quot;,&quot;orientation&quot;:&quot;0&quot;}\" data-image-title=\"penis4\" data-image-description=\"\" data-image-caption=\"\" data-medium-file=\"https:\/\/i0.wp.com\/drdouglascaetano.med.br\/novo\/wp-content\/uploads\/2017\/05\/penis4.png?fit=297%2C300&amp;ssl=1\" data-large-file=\"https:\/\/i0.wp.com\/drdouglascaetano.med.br\/novo\/wp-content\/uploads\/2017\/05\/penis4.png?fit=347%2C351&amp;ssl=1\" class=\"wp-image-331 aligncenter\" src=\"https:\/\/i0.wp.com\/drdouglascaetano.med.br\/novo\/wp-content\/uploads\/2017\/05\/penis4.png?resize=333%2C337\" alt=\"\" width=\"333\" height=\"337\" srcset=\"https:\/\/i0.wp.com\/drdouglascaetano.med.br\/novo\/wp-content\/uploads\/2017\/05\/penis4.png?w=347&amp;ssl=1 347w, https:\/\/i0.wp.com\/drdouglascaetano.med.br\/novo\/wp-content\/uploads\/2017\/05\/penis4.png?resize=297%2C300&amp;ssl=1 297w\" sizes=\"(max-width: 333px) 100vw, 333px\" \/><\/p>\n<p>&nbsp;<\/p>\n<p><strong>Grau 1:<\/strong> Megaprep\u00facio interno e falha de fixa\u00e7\u00e3o do dartos<\/p>\n<p><img data-recalc-dims=\"1\" loading=\"lazy\" decoding=\"async\" data-attachment-id=\"392\" data-permalink=\"https:\/\/drdouglascaetano.med.br\/novo\/casos-frequentes\/penis-pequeno\/slide1-2\/\" data-orig-file=\"https:\/\/i0.wp.com\/drdouglascaetano.med.br\/novo\/wp-content\/uploads\/2017\/05\/Slide1-1.jpg?fit=679%2C363&amp;ssl=1\" data-orig-size=\"679,363\" data-comments-opened=\"0\" data-image-meta=\"{&quot;aperture&quot;:&quot;0&quot;,&quot;credit&quot;:&quot;&quot;,&quot;camera&quot;:&quot;&quot;,&quot;caption&quot;:&quot;&quot;,&quot;created_timestamp&quot;:&quot;0&quot;,&quot;copyright&quot;:&quot;&quot;,&quot;focal_length&quot;:&quot;0&quot;,&quot;iso&quot;:&quot;0&quot;,&quot;shutter_speed&quot;:&quot;0&quot;,&quot;title&quot;:&quot;&quot;,&quot;orientation&quot;:&quot;1&quot;}\" data-image-title=\"Slide1\" data-image-description=\"\" data-image-caption=\"\" data-medium-file=\"https:\/\/i0.wp.com\/drdouglascaetano.med.br\/novo\/wp-content\/uploads\/2017\/05\/Slide1-1.jpg?fit=300%2C160&amp;ssl=1\" data-large-file=\"https:\/\/i0.wp.com\/drdouglascaetano.med.br\/novo\/wp-content\/uploads\/2017\/05\/Slide1-1.jpg?fit=640%2C342&amp;ssl=1\" class=\"aligncenter  wp-image-392\" src=\"https:\/\/i0.wp.com\/drdouglascaetano.med.br\/novo\/wp-content\/uploads\/2017\/05\/Slide1-1.jpg?resize=640%2C342\" alt=\"\" width=\"640\" height=\"342\" srcset=\"https:\/\/i0.wp.com\/drdouglascaetano.med.br\/novo\/wp-content\/uploads\/2017\/05\/Slide1-1.jpg?w=679&amp;ssl=1 679w, https:\/\/i0.wp.com\/drdouglascaetano.med.br\/novo\/wp-content\/uploads\/2017\/05\/Slide1-1.jpg?resize=300%2C160&amp;ssl=1 300w\" sizes=\"(max-width: 640px) 100vw, 640px\" \/><\/p>\n<p><strong>Grau 2: <\/strong>Megaprep\u00facio interno e falha de fixa\u00e7\u00e3o do dartos associados a fus\u00e3o anormal dos ligamentos fusiforme e suspensor do p\u00eanis.<\/p>\n<p><img data-recalc-dims=\"1\" loading=\"lazy\" decoding=\"async\" data-attachment-id=\"394\" data-permalink=\"https:\/\/drdouglascaetano.med.br\/novo\/casos-frequentes\/penis-pequeno\/slide1-4\/\" data-orig-file=\"https:\/\/i0.wp.com\/drdouglascaetano.med.br\/novo\/wp-content\/uploads\/2017\/05\/Slide1-3.jpg?fit=677%2C336&amp;ssl=1\" data-orig-size=\"677,336\" data-comments-opened=\"0\" data-image-meta=\"{&quot;aperture&quot;:&quot;0&quot;,&quot;credit&quot;:&quot;&quot;,&quot;camera&quot;:&quot;&quot;,&quot;caption&quot;:&quot;&quot;,&quot;created_timestamp&quot;:&quot;0&quot;,&quot;copyright&quot;:&quot;&quot;,&quot;focal_length&quot;:&quot;0&quot;,&quot;iso&quot;:&quot;0&quot;,&quot;shutter_speed&quot;:&quot;0&quot;,&quot;title&quot;:&quot;&quot;,&quot;orientation&quot;:&quot;1&quot;}\" data-image-title=\"Slide1\" data-image-description=\"\" data-image-caption=\"\" data-medium-file=\"https:\/\/i0.wp.com\/drdouglascaetano.med.br\/novo\/wp-content\/uploads\/2017\/05\/Slide1-3.jpg?fit=300%2C149&amp;ssl=1\" data-large-file=\"https:\/\/i0.wp.com\/drdouglascaetano.med.br\/novo\/wp-content\/uploads\/2017\/05\/Slide1-3.jpg?fit=640%2C318&amp;ssl=1\" class=\"aligncenter size-full wp-image-394\" src=\"https:\/\/i0.wp.com\/drdouglascaetano.med.br\/novo\/wp-content\/uploads\/2017\/05\/Slide1-3.jpg?resize=640%2C318\" alt=\"\" width=\"640\" height=\"318\" srcset=\"https:\/\/i0.wp.com\/drdouglascaetano.med.br\/novo\/wp-content\/uploads\/2017\/05\/Slide1-3.jpg?w=677&amp;ssl=1 677w, https:\/\/i0.wp.com\/drdouglascaetano.med.br\/novo\/wp-content\/uploads\/2017\/05\/Slide1-3.jpg?resize=300%2C149&amp;ssl=1 300w\" sizes=\"(max-width: 640px) 100vw, 640px\" \/><\/p>\n<p><strong>Grau 3: <\/strong>Caracterizado pelo excesso de deposi\u00e7\u00e3o de gordura supra-p\u00fabico.<\/p>\n<p><img data-recalc-dims=\"1\" loading=\"lazy\" decoding=\"async\" data-attachment-id=\"395\" data-permalink=\"https:\/\/drdouglascaetano.med.br\/novo\/casos-frequentes\/penis-pequeno\/slide1-5\/\" data-orig-file=\"https:\/\/i0.wp.com\/drdouglascaetano.med.br\/novo\/wp-content\/uploads\/2017\/05\/Slide1-4.jpg?fit=678%2C312&amp;ssl=1\" data-orig-size=\"678,312\" data-comments-opened=\"0\" data-image-meta=\"{&quot;aperture&quot;:&quot;0&quot;,&quot;credit&quot;:&quot;&quot;,&quot;camera&quot;:&quot;&quot;,&quot;caption&quot;:&quot;&quot;,&quot;created_timestamp&quot;:&quot;0&quot;,&quot;copyright&quot;:&quot;&quot;,&quot;focal_length&quot;:&quot;0&quot;,&quot;iso&quot;:&quot;0&quot;,&quot;shutter_speed&quot;:&quot;0&quot;,&quot;title&quot;:&quot;&quot;,&quot;orientation&quot;:&quot;1&quot;}\" data-image-title=\"Slide1\" data-image-description=\"\" data-image-caption=\"\" data-medium-file=\"https:\/\/i0.wp.com\/drdouglascaetano.med.br\/novo\/wp-content\/uploads\/2017\/05\/Slide1-4.jpg?fit=300%2C138&amp;ssl=1\" data-large-file=\"https:\/\/i0.wp.com\/drdouglascaetano.med.br\/novo\/wp-content\/uploads\/2017\/05\/Slide1-4.jpg?fit=640%2C295&amp;ssl=1\" class=\"aligncenter size-full wp-image-395\" src=\"https:\/\/i0.wp.com\/drdouglascaetano.med.br\/novo\/wp-content\/uploads\/2017\/05\/Slide1-4.jpg?resize=640%2C295\" alt=\"\" width=\"640\" height=\"295\" srcset=\"https:\/\/i0.wp.com\/drdouglascaetano.med.br\/novo\/wp-content\/uploads\/2017\/05\/Slide1-4.jpg?w=678&amp;ssl=1 678w, https:\/\/i0.wp.com\/drdouglascaetano.med.br\/novo\/wp-content\/uploads\/2017\/05\/Slide1-4.jpg?resize=300%2C138&amp;ssl=1 300w\" sizes=\"(max-width: 640px) 100vw, 640px\" \/><\/p>\n<p>&nbsp;<\/p>\n<h2><strong>Consequ\u00eancias<\/strong><\/h2>\n<p>O p\u00eanis embutido ou incluso \u00e9 um causa comum de ang\u00fastia para toda a fam\u00edlia. Muitos casos come\u00e7am a ser acompanhados ap\u00f3s as crian\u00e7as sofrerem bullying na escola. Alguns desses meninos inclusive t\u00eam problemas de intera\u00e7\u00e3o social. Do ponto de cl\u00ednico, uma das principais complica\u00e7\u00f5es \u00e9 a balanopostite de repeti\u00e7\u00e3o, devido \u00e0 dificuldade de higiene local. Futuramente h\u00e1 dificuldades em rela\u00e7\u00e3o \u00e0 vida sexual.<\/p>\n<h2><strong>\u00a0<\/strong><strong>Tratamento<\/strong><\/h2>\n<p><strong>\u00a0<\/strong>A cirurgia corretiva \u00e9 complexa e existem muitas t\u00e9cnicas descritas, mas as principais etapas s\u00e3o:<\/p>\n<ul>\n<li>Abertura do prep\u00facio;<\/li>\n<li>Cateteriza\u00e7\u00e3o da uretra;<\/li>\n<li>Desenluvamento do p\u00eanis;<\/li>\n<li>Divis\u00e3o dos ligamentos fusiforme e suspensor do p\u00eanis;<\/li>\n<li>Fixa\u00e7\u00e3o da base do p\u00eanis ao pube;<\/li>\n<li>Pl\u00e1stica do prep\u00facio<\/li>\n<li>Sutura do prep\u00facio ao corpo do p\u00eanis;<\/li>\n<\/ul>\n<p>&nbsp;<\/p>\n<p><img data-recalc-dims=\"1\" loading=\"lazy\" decoding=\"async\" data-attachment-id=\"338\" data-permalink=\"https:\/\/drdouglascaetano.med.br\/novo\/casos-frequentes\/penis-pequeno\/penis11\/\" data-orig-file=\"https:\/\/i0.wp.com\/drdouglascaetano.med.br\/novo\/wp-content\/uploads\/2017\/05\/penis11.png?fit=720%2C417&amp;ssl=1\" data-orig-size=\"720,417\" data-comments-opened=\"0\" data-image-meta=\"{&quot;aperture&quot;:&quot;0&quot;,&quot;credit&quot;:&quot;&quot;,&quot;camera&quot;:&quot;&quot;,&quot;caption&quot;:&quot;&quot;,&quot;created_timestamp&quot;:&quot;0&quot;,&quot;copyright&quot;:&quot;&quot;,&quot;focal_length&quot;:&quot;0&quot;,&quot;iso&quot;:&quot;0&quot;,&quot;shutter_speed&quot;:&quot;0&quot;,&quot;title&quot;:&quot;&quot;,&quot;orientation&quot;:&quot;0&quot;}\" data-image-title=\"penis11\" data-image-description=\"\" data-image-caption=\"\" data-medium-file=\"https:\/\/i0.wp.com\/drdouglascaetano.med.br\/novo\/wp-content\/uploads\/2017\/05\/penis11.png?fit=300%2C174&amp;ssl=1\" data-large-file=\"https:\/\/i0.wp.com\/drdouglascaetano.med.br\/novo\/wp-content\/uploads\/2017\/05\/penis11.png?fit=640%2C371&amp;ssl=1\" class=\"aligncenter size-full wp-image-338\" src=\"https:\/\/i0.wp.com\/drdouglascaetano.med.br\/novo\/wp-content\/uploads\/2017\/05\/penis11.png?resize=640%2C371\" alt=\"\" width=\"640\" height=\"371\" srcset=\"https:\/\/i0.wp.com\/drdouglascaetano.med.br\/novo\/wp-content\/uploads\/2017\/05\/penis11.png?w=720&amp;ssl=1 720w, https:\/\/i0.wp.com\/drdouglascaetano.med.br\/novo\/wp-content\/uploads\/2017\/05\/penis11.png?resize=300%2C174&amp;ssl=1 300w\" sizes=\"(max-width: 640px) 100vw, 640px\" \/><\/p>\n<p>Casos mais graves com grande quantidade de tecido gorduroso supra-p\u00fabico, podem exigir lipectomia supra-p\u00fabica extensa.<\/p>\n<h2><strong>P\u00eanis Palmado<\/strong><\/h2>\n<p>\u00c9 o defeito na angula\u00e7\u00e3o entre o p\u00eanis e a bolsa escrotal, que normalmente \u00e9 menos de 90<sup>o<\/sup>. No p\u00eanis palmado, a implanta\u00e7\u00e3o da bolsa escrotal ocorre mais pr\u00f3ximo \u00e0 extremidade do p\u00eanis, tonando este aparentemente menor.\u00a0O tratamento em uma ressec\u00e7\u00e3o parcial da bolsa e uma pl\u00e1stica da jun\u00e7\u00e3o peno-escrotal.<\/p>\n<p><img data-recalc-dims=\"1\" loading=\"lazy\" decoding=\"async\" data-attachment-id=\"343\" data-permalink=\"https:\/\/drdouglascaetano.med.br\/novo\/casos-frequentes\/penis-pequeno\/penis16\/\" data-orig-file=\"https:\/\/i0.wp.com\/drdouglascaetano.med.br\/novo\/wp-content\/uploads\/2017\/05\/penis16.png?fit=244%2C354&amp;ssl=1\" data-orig-size=\"244,354\" data-comments-opened=\"0\" data-image-meta=\"{&quot;aperture&quot;:&quot;0&quot;,&quot;credit&quot;:&quot;&quot;,&quot;camera&quot;:&quot;&quot;,&quot;caption&quot;:&quot;&quot;,&quot;created_timestamp&quot;:&quot;0&quot;,&quot;copyright&quot;:&quot;&quot;,&quot;focal_length&quot;:&quot;0&quot;,&quot;iso&quot;:&quot;0&quot;,&quot;shutter_speed&quot;:&quot;0&quot;,&quot;title&quot;:&quot;&quot;,&quot;orientation&quot;:&quot;0&quot;}\" data-image-title=\"penis16\" data-image-description=\"\" data-image-caption=\"\" data-medium-file=\"https:\/\/i0.wp.com\/drdouglascaetano.med.br\/novo\/wp-content\/uploads\/2017\/05\/penis16.png?fit=207%2C300&amp;ssl=1\" data-large-file=\"https:\/\/i0.wp.com\/drdouglascaetano.med.br\/novo\/wp-content\/uploads\/2017\/05\/penis16.png?fit=244%2C354&amp;ssl=1\" class=\"size-full wp-image-343 aligncenter\" src=\"https:\/\/i0.wp.com\/drdouglascaetano.med.br\/novo\/wp-content\/uploads\/2017\/05\/penis16.png?resize=244%2C354\" alt=\"\" width=\"244\" height=\"354\" srcset=\"https:\/\/i0.wp.com\/drdouglascaetano.med.br\/novo\/wp-content\/uploads\/2017\/05\/penis16.png?w=244&amp;ssl=1 244w, https:\/\/i0.wp.com\/drdouglascaetano.med.br\/novo\/wp-content\/uploads\/2017\/05\/penis16.png?resize=207%2C300&amp;ssl=1 207w\" sizes=\"(max-width: 244px) 100vw, 244px\" \/><\/p>\n<p>&nbsp;<\/p>\n<h2><strong>Microp\u00eanis<\/strong><\/h2>\n<p>Condi\u00e7\u00e3o rara na qual o p\u00eanis tem a estrutura habitual, por\u00e9m apresenta tamanho muito menor que o normal para a idade. Ocorre por uma hipoplasia dos corpos cavernosos. No rec\u00e9m-nascido a termo \u00e9 considerado microp\u00eanis aquele que apresenta tamanho menor que 1,9 cm, medido desde o osso pubes at\u00e9 a ponto da glande e levemente esticado. \u00c9 frequentemente acompanhado de outras altera\u00e7\u00f5es da genit\u00e1lia como criptorquidia, test\u00edculos diminu\u00eddos e defeitos de fus\u00e3o da bolsa escrotal. Muitas vezes t\u00eam indica\u00e7\u00e3o de dist\u00farbios de diferencia\u00e7\u00e3o sexual.<\/p>\n<p><img data-recalc-dims=\"1\" loading=\"lazy\" decoding=\"async\" data-attachment-id=\"399\" data-permalink=\"https:\/\/drdouglascaetano.med.br\/novo\/casos-frequentes\/penis-pequeno\/slide1-7\/\" data-orig-file=\"https:\/\/i0.wp.com\/drdouglascaetano.med.br\/novo\/wp-content\/uploads\/2017\/05\/Slide1-6.jpg?fit=679%2C333&amp;ssl=1\" data-orig-size=\"679,333\" data-comments-opened=\"0\" data-image-meta=\"{&quot;aperture&quot;:&quot;0&quot;,&quot;credit&quot;:&quot;&quot;,&quot;camera&quot;:&quot;&quot;,&quot;caption&quot;:&quot;&quot;,&quot;created_timestamp&quot;:&quot;0&quot;,&quot;copyright&quot;:&quot;&quot;,&quot;focal_length&quot;:&quot;0&quot;,&quot;iso&quot;:&quot;0&quot;,&quot;shutter_speed&quot;:&quot;0&quot;,&quot;title&quot;:&quot;&quot;,&quot;orientation&quot;:&quot;1&quot;}\" data-image-title=\"Slide1\" data-image-description=\"\" data-image-caption=\"\" data-medium-file=\"https:\/\/i0.wp.com\/drdouglascaetano.med.br\/novo\/wp-content\/uploads\/2017\/05\/Slide1-6.jpg?fit=300%2C147&amp;ssl=1\" data-large-file=\"https:\/\/i0.wp.com\/drdouglascaetano.med.br\/novo\/wp-content\/uploads\/2017\/05\/Slide1-6.jpg?fit=640%2C314&amp;ssl=1\" class=\"aligncenter size-full wp-image-399\" src=\"https:\/\/i0.wp.com\/drdouglascaetano.med.br\/novo\/wp-content\/uploads\/2017\/05\/Slide1-6.jpg?resize=640%2C314\" alt=\"\" width=\"640\" height=\"314\" srcset=\"https:\/\/i0.wp.com\/drdouglascaetano.med.br\/novo\/wp-content\/uploads\/2017\/05\/Slide1-6.jpg?w=679&amp;ssl=1 679w, https:\/\/i0.wp.com\/drdouglascaetano.med.br\/novo\/wp-content\/uploads\/2017\/05\/Slide1-6.jpg?resize=300%2C147&amp;ssl=1 300w\" sizes=\"(max-width: 640px) 100vw, 640px\" \/><\/p>\n<p>&nbsp;<\/p>\n<p>&nbsp;<\/p>\n<p>&nbsp;<\/p>\n<p>&nbsp;<\/p>\n<p>&nbsp;<\/p>\n<p>&nbsp;<\/p>\n<p>&nbsp;<\/p>\n<p>&nbsp;<\/p>\n<p>&nbsp;<\/p>\n","protected":false},"excerpt":{"rendered":"<p>O que \u00e9 p\u00eanis embutido? &nbsp; &nbsp; &nbsp; \u00c9 uma condi\u00e7\u00e3o cong\u00eanita rara na qual o p\u00eanis encontra-se aparentemente ausente ou anormalmente pequeno, que ocorre quando este perde sua bainha adequada de pele e encontra-se enterrado sob o tecido supra-p\u00fabico ou da bolsa escrotal, dificultando sua exposi\u00e7\u00e3o. &nbsp; Por que ocorre? Diversas etiologias s\u00e3o apontadas&#8230;<\/p>\n","protected":false},"author":1,"featured_media":0,"parent":32,"menu_order":0,"comment_status":"closed","ping_status":"closed","template":"","meta":{"advanced_seo_description":"","jetpack_seo_html_title":"","jetpack_seo_noindex":false,"jetpack_post_was_ever_published":false,"footnotes":""},"class_list":["post-327","page","type-page","status-publish","hentry"],"jetpack_sharing_enabled":true,"jetpack_shortlink":"https:\/\/wp.me\/P8zks0-5h","jetpack-related-posts":[],"_links":{"self":[{"href":"https:\/\/drdouglascaetano.med.br\/novo\/wp-json\/wp\/v2\/pages\/327","targetHints":{"allow":["GET"]}}],"collection":[{"href":"https:\/\/drdouglascaetano.med.br\/novo\/wp-json\/wp\/v2\/pages"}],"about":[{"href":"https:\/\/drdouglascaetano.med.br\/novo\/wp-json\/wp\/v2\/types\/page"}],"author":[{"embeddable":true,"href":"https:\/\/drdouglascaetano.med.br\/novo\/wp-json\/wp\/v2\/users\/1"}],"replies":[{"embeddable":true,"href":"https:\/\/drdouglascaetano.med.br\/novo\/wp-json\/wp\/v2\/comments?post=327"}],"version-history":[{"count":51,"href":"https:\/\/drdouglascaetano.med.br\/novo\/wp-json\/wp\/v2\/pages\/327\/revisions"}],"predecessor-version":[{"id":453,"href":"https:\/\/drdouglascaetano.med.br\/novo\/wp-json\/wp\/v2\/pages\/327\/revisions\/453"}],"up":[{"embeddable":true,"href":"https:\/\/drdouglascaetano.med.br\/novo\/wp-json\/wp\/v2\/pages\/32"}],"wp:attachment":[{"href":"https:\/\/drdouglascaetano.med.br\/novo\/wp-json\/wp\/v2\/media?parent=327"}],"curies":[{"name":"wp","href":"https:\/\/api.w.org\/{rel}","templated":true}]}}