{"id":37,"date":"2017-03-30T18:07:52","date_gmt":"2017-03-30T18:07:52","guid":{"rendered":"http:\/\/drdouglascaetano.med.br\/novo\/?page_id=37"},"modified":"2017-03-31T00:24:33","modified_gmt":"2017-03-31T00:24:33","slug":"criptorquidia","status":"publish","type":"page","link":"https:\/\/drdouglascaetano.med.br\/novo\/casos-frequentes\/criptorquidia\/","title":{"rendered":"Criptorquidia"},"content":{"rendered":"<p><strong>O que \u00e9?<\/strong><\/p>\n<p>\u00c9 a condi\u00e7\u00e3o na qual o test\u00edculo n\u00e3o atingiu a posi\u00e7\u00e3o anat\u00f4mica adequada dentro da bolsa escrotal. Atinge 4% dos meninos nascidos ap\u00f3s 37 semanas de gesta\u00e7\u00e3o e 30% dos pr\u00e9-maturos. Em 15% dos casos, ocorre dos dois lados.<\/p>\n<p style=\"text-align: center;\"><img data-recalc-dims=\"1\" fetchpriority=\"high\" decoding=\"async\" data-attachment-id=\"40\" data-permalink=\"https:\/\/drdouglascaetano.med.br\/novo\/casos-frequentes\/fimose\/criptorquidia1\/\" data-orig-file=\"https:\/\/i0.wp.com\/drdouglascaetano.med.br\/novo\/wp-content\/uploads\/2017\/03\/criptorquidia1.jpg?fit=604%2C390&amp;ssl=1\" data-orig-size=\"604,390\" data-comments-opened=\"0\" data-image-meta=\"{&quot;aperture&quot;:&quot;0&quot;,&quot;credit&quot;:&quot;&quot;,&quot;camera&quot;:&quot;&quot;,&quot;caption&quot;:&quot;&quot;,&quot;created_timestamp&quot;:&quot;0&quot;,&quot;copyright&quot;:&quot;&quot;,&quot;focal_length&quot;:&quot;0&quot;,&quot;iso&quot;:&quot;0&quot;,&quot;shutter_speed&quot;:&quot;0&quot;,&quot;title&quot;:&quot;&quot;,&quot;orientation&quot;:&quot;0&quot;}\" data-image-title=\"criptorquidia1\" data-image-description=\"\" data-image-caption=\"\" data-medium-file=\"https:\/\/i0.wp.com\/drdouglascaetano.med.br\/novo\/wp-content\/uploads\/2017\/03\/criptorquidia1.jpg?fit=300%2C194&amp;ssl=1\" data-large-file=\"https:\/\/i0.wp.com\/drdouglascaetano.med.br\/novo\/wp-content\/uploads\/2017\/03\/criptorquidia1.jpg?fit=604%2C390&amp;ssl=1\" class=\"aligncenter size-full wp-image-40\" src=\"https:\/\/i0.wp.com\/drdouglascaetano.med.br\/novo\/wp-content\/uploads\/2017\/03\/criptorquidia1.jpg?resize=604%2C390\" alt=\"\" width=\"604\" height=\"390\" srcset=\"https:\/\/i0.wp.com\/drdouglascaetano.med.br\/novo\/wp-content\/uploads\/2017\/03\/criptorquidia1.jpg?w=604&amp;ssl=1 604w, https:\/\/i0.wp.com\/drdouglascaetano.med.br\/novo\/wp-content\/uploads\/2017\/03\/criptorquidia1.jpg?resize=300%2C194&amp;ssl=1 300w\" sizes=\"(max-width: 604px) 100vw, 604px\" \/><\/p>\n<p><strong>Por que acontece?<\/strong><\/p>\n<p>Os test\u00edculos come\u00e7am a se formar entre a 7<sup>a <\/sup>e 8<sup>a <\/sup>semana de gesta\u00e7\u00e3o, no abdome do embri\u00e3o e migram para a bolsa escrotal at\u00e9 a 35<sup>a <\/sup>semana. Por fatores gen\u00e9ticos, anat\u00f4mico e hormonais, ainda n\u00e3o totalmente esclarecidos, ocorre uma falha nesse processo de descida, fazendo com que o test\u00edculo se situe em diferentes posi\u00e7\u00f5es nesse trajeto ou at\u00e9 mesmo fora dele.<\/p>\n<p><strong>Diagn\u00f3stico<\/strong><\/p>\n<p>O diagn\u00f3stico \u00e9 feito pelo do exame f\u00edsico cuidadoso, realizado por Cirurgi\u00e3o Pedi\u00e1trico com experi\u00eancia. A ultrassonografia da regi\u00e3o inguinal auxilia na localiza\u00e7\u00e3o de test\u00edculos de crian\u00e7as com o ind\u00edce de gordura maior, que possa dificultar o exame f\u00edsico. A ultrassonografia n\u00e3o \u00e9 um bom exame para localizar test\u00edculos intra-abdominais.<\/p>\n<p style=\"text-align: center;\"><img data-recalc-dims=\"1\" decoding=\"async\" data-attachment-id=\"41\" data-permalink=\"https:\/\/drdouglascaetano.med.br\/novo\/casos-frequentes\/fimose\/criptorquidia2\/\" data-orig-file=\"https:\/\/i0.wp.com\/drdouglascaetano.med.br\/novo\/wp-content\/uploads\/2017\/03\/criptorquidia2.jpg?fit=645%2C478&amp;ssl=1\" data-orig-size=\"645,478\" data-comments-opened=\"0\" data-image-meta=\"{&quot;aperture&quot;:&quot;0&quot;,&quot;credit&quot;:&quot;&quot;,&quot;camera&quot;:&quot;&quot;,&quot;caption&quot;:&quot;&quot;,&quot;created_timestamp&quot;:&quot;0&quot;,&quot;copyright&quot;:&quot;&quot;,&quot;focal_length&quot;:&quot;0&quot;,&quot;iso&quot;:&quot;0&quot;,&quot;shutter_speed&quot;:&quot;0&quot;,&quot;title&quot;:&quot;&quot;,&quot;orientation&quot;:&quot;0&quot;}\" data-image-title=\"criptorquidia2\" data-image-description=\"\" data-image-caption=\"\" data-medium-file=\"https:\/\/i0.wp.com\/drdouglascaetano.med.br\/novo\/wp-content\/uploads\/2017\/03\/criptorquidia2.jpg?fit=300%2C222&amp;ssl=1\" data-large-file=\"https:\/\/i0.wp.com\/drdouglascaetano.med.br\/novo\/wp-content\/uploads\/2017\/03\/criptorquidia2.jpg?fit=640%2C474&amp;ssl=1\" class=\"aligncenter size-full wp-image-41\" src=\"https:\/\/i0.wp.com\/drdouglascaetano.med.br\/novo\/wp-content\/uploads\/2017\/03\/criptorquidia2.jpg?resize=640%2C474\" alt=\"\" width=\"640\" height=\"474\" srcset=\"https:\/\/i0.wp.com\/drdouglascaetano.med.br\/novo\/wp-content\/uploads\/2017\/03\/criptorquidia2.jpg?w=645&amp;ssl=1 645w, https:\/\/i0.wp.com\/drdouglascaetano.med.br\/novo\/wp-content\/uploads\/2017\/03\/criptorquidia2.jpg?resize=300%2C222&amp;ssl=1 300w\" sizes=\"(max-width: 640px) 100vw, 640px\" \/><\/p>\n<p><strong>Test\u00edculo impalp\u00e1vel<\/strong><\/p>\n<p>A n\u00e3o palpa\u00e7\u00e3o do test\u00edculo na bolsa escrotal ou no canal inguinal por um Cirurgi\u00e3o Pedi\u00e1trico pode ocorrer por aumento do tecido adiposo local (gordura), dificultando o exame f\u00edsico; test\u00edculos intra-abdominais; ou, mais raramente, aus\u00eancia do test\u00edculo.<\/p>\n<p><strong>Test\u00edculo retr\u00e1til<\/strong><\/p>\n<p>\u00c9 o test\u00edculo que est\u00e1 frequentemente na bolsa, mas, por est\u00edmulos do toque ou do frio, o m\u00fasculo crem\u00e1ster, que envolve o ped\u00edculo esperm\u00e1tico ligado a ele, pode se contrair de forma exagerada e elev\u00e1-lo para o canal inguinal momentaneamente. Esses pacientes, se n\u00e3o apresentarem queixas de dor, n\u00e3o necessitam de cirurgia, mas devem ser acompanhados semestralmente.<\/p>\n<p><strong>O test\u00edculo pode descer sozinho?<\/strong><\/p>\n<p>Muitos dos test\u00edculos mal posicionados descer\u00e3o espontaneamente at\u00e9 os 6 meses. Estudos n\u00e3o mostraram casos de descida espont\u00e2nea ap\u00f3s os 9 meses.<\/p>\n<p><strong>Infertilidade<\/strong><\/p>\n<p>Na bolsa escrotal, o test\u00edculo encontra-se a uma temperatura de 33<sup>o <\/sup>C. Temperatura ideal para a multiplica\u00e7\u00e3o e o desenvolvimento das c\u00e9lulas germinativas, que futuramente dar\u00e3o origem aos espermatoz\u00f3ides. A temperatura aumetada dos test\u00edculos mal posicionados (35<sup>o<\/sup>C no canal inguinal e 37<sup>o<\/sup>C no abdome) gera degenera\u00e7\u00e3o dessas c\u00e9lulas, mais intensa quanto mais alta for a posi\u00e7\u00e3o e quanto maior for a idade da crian\u00e7a. Aos 2 anos de idade cerca de 22% dos test\u00edculos criptorqu\u00eddicos perderam totalmente as c\u00e9lulas germinativas, que tamb\u00e9m encontram-se diminu\u00eddas no outro test\u00edculo, quando bem posicionados. Em m\u00e9dia 21,5 % das crian\u00e7as com criptorquidia unilateral se tornaram inf\u00e9rteis, e 49% quando o problema ocorrer dos 2 lados.<\/p>\n<p><strong>Quando operar?<\/strong><\/p>\n<p>A idade ideal para operar \u00e9 ap\u00f3s os 9 meses (quando n\u00e3o h\u00e1 mais possibilidade de descida espont\u00e2nea e o test\u00edculo j\u00e1 apresenta uma boa vasculariza\u00e7\u00e3o) e antes dos 2 anos (quando j\u00e1 existe uma degrada\u00e7\u00e3o importante das c\u00e9lulas germinativas).<\/p>\n<p><strong>Como \u00e9 a cirurgia?<\/strong><\/p>\n<figure id=\"attachment_91\" class=\"wp-caption alignnone\">\n<p><figure id=\"attachment_42\" aria-describedby=\"caption-attachment-42\" style=\"width: 340px\" class=\"wp-caption aligncenter\"><img data-recalc-dims=\"1\" decoding=\"async\" data-attachment-id=\"42\" data-permalink=\"https:\/\/drdouglascaetano.med.br\/novo\/casos-frequentes\/fimose\/criptorquidia3\/\" data-orig-file=\"https:\/\/i0.wp.com\/drdouglascaetano.med.br\/novo\/wp-content\/uploads\/2017\/03\/criptorquidia3.jpg?fit=340%2C359&amp;ssl=1\" data-orig-size=\"340,359\" data-comments-opened=\"0\" data-image-meta=\"{&quot;aperture&quot;:&quot;0&quot;,&quot;credit&quot;:&quot;&quot;,&quot;camera&quot;:&quot;&quot;,&quot;caption&quot;:&quot;&quot;,&quot;created_timestamp&quot;:&quot;0&quot;,&quot;copyright&quot;:&quot;&quot;,&quot;focal_length&quot;:&quot;0&quot;,&quot;iso&quot;:&quot;0&quot;,&quot;shutter_speed&quot;:&quot;0&quot;,&quot;title&quot;:&quot;&quot;,&quot;orientation&quot;:&quot;0&quot;}\" data-image-title=\"criptorquidia3\" data-image-description=\"\" data-image-caption=\"&lt;p&gt;Incis\u00e3o na regi\u00e3o inguinal&lt;\/p&gt;\n\" data-medium-file=\"https:\/\/i0.wp.com\/drdouglascaetano.med.br\/novo\/wp-content\/uploads\/2017\/03\/criptorquidia3.jpg?fit=284%2C300&amp;ssl=1\" data-large-file=\"https:\/\/i0.wp.com\/drdouglascaetano.med.br\/novo\/wp-content\/uploads\/2017\/03\/criptorquidia3.jpg?fit=340%2C359&amp;ssl=1\" class=\"size-full wp-image-42\" src=\"https:\/\/i0.wp.com\/drdouglascaetano.med.br\/novo\/wp-content\/uploads\/2017\/03\/criptorquidia3.jpg?resize=340%2C359\" alt=\"\" width=\"340\" height=\"359\" srcset=\"https:\/\/i0.wp.com\/drdouglascaetano.med.br\/novo\/wp-content\/uploads\/2017\/03\/criptorquidia3.jpg?w=340&amp;ssl=1 340w, https:\/\/i0.wp.com\/drdouglascaetano.med.br\/novo\/wp-content\/uploads\/2017\/03\/criptorquidia3.jpg?resize=284%2C300&amp;ssl=1 284w\" sizes=\"(max-width: 340px) 100vw, 340px\" \/><figcaption id=\"caption-attachment-42\" class=\"wp-caption-text\">Incis\u00e3o na regi\u00e3o inguinal<\/figcaption><\/figure><figcaption id=\"figcaption_attachment_91\" class=\"wp-caption-text\"><\/figcaption><\/figure>\n<figure id=\"attachment_92\" class=\"wp-caption alignnone\"><figcaption id=\"figcaption_attachment_92\" class=\"wp-caption-text\">\n<figure id=\"attachment_43\" aria-describedby=\"caption-attachment-43\" style=\"width: 314px\" class=\"wp-caption aligncenter\"><img data-recalc-dims=\"1\" loading=\"lazy\" decoding=\"async\" data-attachment-id=\"43\" data-permalink=\"https:\/\/drdouglascaetano.med.br\/novo\/casos-frequentes\/fimose\/criptorquidia4\/\" data-orig-file=\"https:\/\/i0.wp.com\/drdouglascaetano.med.br\/novo\/wp-content\/uploads\/2017\/03\/criptorquidia4.jpg?fit=472%2C476&amp;ssl=1\" data-orig-size=\"472,476\" data-comments-opened=\"0\" data-image-meta=\"{&quot;aperture&quot;:&quot;0&quot;,&quot;credit&quot;:&quot;&quot;,&quot;camera&quot;:&quot;&quot;,&quot;caption&quot;:&quot;&quot;,&quot;created_timestamp&quot;:&quot;0&quot;,&quot;copyright&quot;:&quot;&quot;,&quot;focal_length&quot;:&quot;0&quot;,&quot;iso&quot;:&quot;0&quot;,&quot;shutter_speed&quot;:&quot;0&quot;,&quot;title&quot;:&quot;&quot;,&quot;orientation&quot;:&quot;0&quot;}\" data-image-title=\"criptorquidia4\" data-image-description=\"\" data-image-caption=\"&lt;p&gt;Test\u00edculo localizado no canal inguinal e liberado para a descida&lt;\/p&gt;\n\" data-medium-file=\"https:\/\/i0.wp.com\/drdouglascaetano.med.br\/novo\/wp-content\/uploads\/2017\/03\/criptorquidia4.jpg?fit=297%2C300&amp;ssl=1\" data-large-file=\"https:\/\/i0.wp.com\/drdouglascaetano.med.br\/novo\/wp-content\/uploads\/2017\/03\/criptorquidia4.jpg?fit=472%2C476&amp;ssl=1\" class=\" wp-image-43\" src=\"https:\/\/i0.wp.com\/drdouglascaetano.med.br\/novo\/wp-content\/uploads\/2017\/03\/criptorquidia4.jpg?resize=314%2C317\" alt=\"\" width=\"314\" height=\"317\" srcset=\"https:\/\/i0.wp.com\/drdouglascaetano.med.br\/novo\/wp-content\/uploads\/2017\/03\/criptorquidia4.jpg?w=472&amp;ssl=1 472w, https:\/\/i0.wp.com\/drdouglascaetano.med.br\/novo\/wp-content\/uploads\/2017\/03\/criptorquidia4.jpg?resize=150%2C150&amp;ssl=1 150w, https:\/\/i0.wp.com\/drdouglascaetano.med.br\/novo\/wp-content\/uploads\/2017\/03\/criptorquidia4.jpg?resize=297%2C300&amp;ssl=1 297w\" sizes=\"(max-width: 314px) 100vw, 314px\" \/><figcaption id=\"caption-attachment-43\" class=\"wp-caption-text\">Test\u00edculo localizado no canal inguinal e liberado para a descida<\/figcaption><\/figure>\n<\/figcaption><\/figure>\n<figure id=\"attachment_93\" class=\"wp-caption alignnone\">\n<figure id=\"attachment_44\" aria-describedby=\"caption-attachment-44\" style=\"width: 283px\" class=\"wp-caption aligncenter\"><img data-recalc-dims=\"1\" loading=\"lazy\" decoding=\"async\" data-attachment-id=\"44\" data-permalink=\"https:\/\/drdouglascaetano.med.br\/novo\/casos-frequentes\/fimose\/criptorquidia5\/\" data-orig-file=\"https:\/\/i0.wp.com\/drdouglascaetano.med.br\/novo\/wp-content\/uploads\/2017\/03\/criptorquidia5.jpg?fit=391%2C561&amp;ssl=1\" data-orig-size=\"391,561\" data-comments-opened=\"0\" data-image-meta=\"{&quot;aperture&quot;:&quot;0&quot;,&quot;credit&quot;:&quot;&quot;,&quot;camera&quot;:&quot;&quot;,&quot;caption&quot;:&quot;&quot;,&quot;created_timestamp&quot;:&quot;0&quot;,&quot;copyright&quot;:&quot;&quot;,&quot;focal_length&quot;:&quot;0&quot;,&quot;iso&quot;:&quot;0&quot;,&quot;shutter_speed&quot;:&quot;0&quot;,&quot;title&quot;:&quot;&quot;,&quot;orientation&quot;:&quot;0&quot;}\" data-image-title=\"criptorquidia5\" data-image-description=\"\" data-image-caption=\"&lt;p&gt;Incis\u00e3o na bolsa escrotal e cria\u00e7\u00e3o de espa\u00e7o para acomodar o test\u00edculo&lt;\/p&gt;\n\" data-medium-file=\"https:\/\/i0.wp.com\/drdouglascaetano.med.br\/novo\/wp-content\/uploads\/2017\/03\/criptorquidia5.jpg?fit=209%2C300&amp;ssl=1\" data-large-file=\"https:\/\/i0.wp.com\/drdouglascaetano.med.br\/novo\/wp-content\/uploads\/2017\/03\/criptorquidia5.jpg?fit=391%2C561&amp;ssl=1\" class=\" wp-image-44\" src=\"https:\/\/i0.wp.com\/drdouglascaetano.med.br\/novo\/wp-content\/uploads\/2017\/03\/criptorquidia5.jpg?resize=283%2C406\" alt=\"\" width=\"283\" height=\"406\" srcset=\"https:\/\/i0.wp.com\/drdouglascaetano.med.br\/novo\/wp-content\/uploads\/2017\/03\/criptorquidia5.jpg?w=391&amp;ssl=1 391w, https:\/\/i0.wp.com\/drdouglascaetano.med.br\/novo\/wp-content\/uploads\/2017\/03\/criptorquidia5.jpg?resize=209%2C300&amp;ssl=1 209w\" sizes=\"(max-width: 283px) 100vw, 283px\" \/><figcaption id=\"caption-attachment-44\" class=\"wp-caption-text\">Incis\u00e3o na bolsa escrotal e cria\u00e7\u00e3o de espa\u00e7o para acomodar o test\u00edculo<\/figcaption><\/figure>\n<p><figure id=\"attachment_45\" aria-describedby=\"caption-attachment-45\" style=\"width: 250px\" class=\"wp-caption aligncenter\"><img data-recalc-dims=\"1\" loading=\"lazy\" decoding=\"async\" data-attachment-id=\"45\" data-permalink=\"https:\/\/drdouglascaetano.med.br\/novo\/casos-frequentes\/fimose\/criptorquidia6\/\" data-orig-file=\"https:\/\/i0.wp.com\/drdouglascaetano.med.br\/novo\/wp-content\/uploads\/2017\/03\/criptorquidia6.jpg?fit=378%2C506&amp;ssl=1\" data-orig-size=\"378,506\" data-comments-opened=\"0\" data-image-meta=\"{&quot;aperture&quot;:&quot;0&quot;,&quot;credit&quot;:&quot;&quot;,&quot;camera&quot;:&quot;&quot;,&quot;caption&quot;:&quot;&quot;,&quot;created_timestamp&quot;:&quot;0&quot;,&quot;copyright&quot;:&quot;&quot;,&quot;focal_length&quot;:&quot;0&quot;,&quot;iso&quot;:&quot;0&quot;,&quot;shutter_speed&quot;:&quot;0&quot;,&quot;title&quot;:&quot;&quot;,&quot;orientation&quot;:&quot;0&quot;}\" data-image-title=\"criptorquidia6\" data-image-description=\"\" data-image-caption=\"&lt;p&gt;Descida e fixa\u00e7\u00e3o do test\u00edculo \u00e0 bolsa escrotal&lt;\/p&gt;\n\" data-medium-file=\"https:\/\/i0.wp.com\/drdouglascaetano.med.br\/novo\/wp-content\/uploads\/2017\/03\/criptorquidia6.jpg?fit=224%2C300&amp;ssl=1\" data-large-file=\"https:\/\/i0.wp.com\/drdouglascaetano.med.br\/novo\/wp-content\/uploads\/2017\/03\/criptorquidia6.jpg?fit=378%2C506&amp;ssl=1\" class=\" wp-image-45\" src=\"https:\/\/i0.wp.com\/drdouglascaetano.med.br\/novo\/wp-content\/uploads\/2017\/03\/criptorquidia6.jpg?resize=250%2C335\" alt=\"\" width=\"250\" height=\"335\" srcset=\"https:\/\/i0.wp.com\/drdouglascaetano.med.br\/novo\/wp-content\/uploads\/2017\/03\/criptorquidia6.jpg?w=378&amp;ssl=1 378w, https:\/\/i0.wp.com\/drdouglascaetano.med.br\/novo\/wp-content\/uploads\/2017\/03\/criptorquidia6.jpg?resize=224%2C300&amp;ssl=1 224w\" sizes=\"(max-width: 250px) 100vw, 250px\" \/><figcaption id=\"caption-attachment-45\" class=\"wp-caption-text\">Descida e fixa\u00e7\u00e3o do test\u00edculo \u00e0 bolsa escrotal<\/figcaption><\/figure><figcaption id=\"figcaption_attachment_94\" class=\"wp-caption-text\">\n<figure id=\"attachment_46\" aria-describedby=\"caption-attachment-46\" style=\"width: 233px\" class=\"wp-caption aligncenter\"><img data-recalc-dims=\"1\" loading=\"lazy\" decoding=\"async\" data-attachment-id=\"46\" data-permalink=\"https:\/\/drdouglascaetano.med.br\/novo\/casos-frequentes\/fimose\/criptorquidia7\/\" data-orig-file=\"https:\/\/i0.wp.com\/drdouglascaetano.med.br\/novo\/wp-content\/uploads\/2017\/03\/criptorquidia7.jpg?fit=342%2C353&amp;ssl=1\" data-orig-size=\"342,353\" data-comments-opened=\"0\" data-image-meta=\"{&quot;aperture&quot;:&quot;0&quot;,&quot;credit&quot;:&quot;&quot;,&quot;camera&quot;:&quot;&quot;,&quot;caption&quot;:&quot;&quot;,&quot;created_timestamp&quot;:&quot;0&quot;,&quot;copyright&quot;:&quot;&quot;,&quot;focal_length&quot;:&quot;0&quot;,&quot;iso&quot;:&quot;0&quot;,&quot;shutter_speed&quot;:&quot;0&quot;,&quot;title&quot;:&quot;&quot;,&quot;orientation&quot;:&quot;0&quot;}\" data-image-title=\"criptorquidia7\" data-image-description=\"\" data-image-caption=\"&lt;p&gt;Fechamento das incis\u00f5es&lt;\/p&gt;\n\" data-medium-file=\"https:\/\/i0.wp.com\/drdouglascaetano.med.br\/novo\/wp-content\/uploads\/2017\/03\/criptorquidia7.jpg?fit=291%2C300&amp;ssl=1\" data-large-file=\"https:\/\/i0.wp.com\/drdouglascaetano.med.br\/novo\/wp-content\/uploads\/2017\/03\/criptorquidia7.jpg?fit=342%2C353&amp;ssl=1\" class=\" wp-image-46\" src=\"https:\/\/i0.wp.com\/drdouglascaetano.med.br\/novo\/wp-content\/uploads\/2017\/03\/criptorquidia7.jpg?resize=233%2C240\" alt=\"\" width=\"233\" height=\"240\" srcset=\"https:\/\/i0.wp.com\/drdouglascaetano.med.br\/novo\/wp-content\/uploads\/2017\/03\/criptorquidia7.jpg?w=342&amp;ssl=1 342w, https:\/\/i0.wp.com\/drdouglascaetano.med.br\/novo\/wp-content\/uploads\/2017\/03\/criptorquidia7.jpg?resize=291%2C300&amp;ssl=1 291w\" sizes=\"(max-width: 233px) 100vw, 233px\" \/><figcaption id=\"caption-attachment-46\" class=\"wp-caption-text\">Fechamento das incis\u00f5es<\/figcaption><\/figure>\n<\/figcaption><\/figure>\n<p>Em casos em que o test\u00edculo esteja pr\u00f3ximo \u00e0 sua posi\u00e7\u00e3o correta e n\u00e3o haja associa\u00e7\u00e3o com h\u00e9rnias, \u00e9 poss\u00edvel a realiza\u00e7\u00e3o da cirurgia apenas com uma incis\u00e3o na bolsa escrotal.<\/p>\n<p><strong>Test\u00edculos impalp\u00e1veis<\/strong><\/p>\n<p>Test\u00edculos que n\u00e3o s\u00e3o palpados ao exame f\u00edsico devem ser procurados no abdome por laparoscopia, t\u00e9cnica que consiste na introdu\u00e7\u00e3o de c\u00e2mera atrav\u00e9s de pequena incis\u00e3o junto ao umbigo.<\/p>\n<figure id=\"attachment_89\" class=\"wp-caption alignnone\">\n<p><figure id=\"attachment_39\" aria-describedby=\"caption-attachment-39\" style=\"width: 503px\" class=\"wp-caption aligncenter\"><img data-recalc-dims=\"1\" loading=\"lazy\" decoding=\"async\" data-attachment-id=\"39\" data-permalink=\"https:\/\/drdouglascaetano.med.br\/novo\/casos-frequentes\/fimose\/criptoquidia8\/\" data-orig-file=\"https:\/\/i0.wp.com\/drdouglascaetano.med.br\/novo\/wp-content\/uploads\/2017\/03\/criptoquidia8.jpg?fit=503%2C377&amp;ssl=1\" data-orig-size=\"503,377\" data-comments-opened=\"0\" data-image-meta=\"{&quot;aperture&quot;:&quot;0&quot;,&quot;credit&quot;:&quot;&quot;,&quot;camera&quot;:&quot;&quot;,&quot;caption&quot;:&quot;&quot;,&quot;created_timestamp&quot;:&quot;0&quot;,&quot;copyright&quot;:&quot;&quot;,&quot;focal_length&quot;:&quot;0&quot;,&quot;iso&quot;:&quot;0&quot;,&quot;shutter_speed&quot;:&quot;0&quot;,&quot;title&quot;:&quot;&quot;,&quot;orientation&quot;:&quot;0&quot;}\" data-image-title=\"criptoquidia8\" data-image-description=\"\" data-image-caption=\"&lt;p&gt;Uma vez localizado, o test\u00edculo ser\u00e1 liberado e baixado at\u00e9 a bolsa escrotal com o aux\u00edlio pin\u00e7as especiais para cirurgia laparosc\u00f3pica&lt;\/p&gt;\n\" data-medium-file=\"https:\/\/i0.wp.com\/drdouglascaetano.med.br\/novo\/wp-content\/uploads\/2017\/03\/criptoquidia8.jpg?fit=300%2C225&amp;ssl=1\" data-large-file=\"https:\/\/i0.wp.com\/drdouglascaetano.med.br\/novo\/wp-content\/uploads\/2017\/03\/criptoquidia8.jpg?fit=503%2C377&amp;ssl=1\" class=\"size-full wp-image-39\" src=\"https:\/\/i0.wp.com\/drdouglascaetano.med.br\/novo\/wp-content\/uploads\/2017\/03\/criptoquidia8.jpg?resize=503%2C377\" alt=\"\" width=\"503\" height=\"377\" srcset=\"https:\/\/i0.wp.com\/drdouglascaetano.med.br\/novo\/wp-content\/uploads\/2017\/03\/criptoquidia8.jpg?w=503&amp;ssl=1 503w, https:\/\/i0.wp.com\/drdouglascaetano.med.br\/novo\/wp-content\/uploads\/2017\/03\/criptoquidia8.jpg?resize=300%2C225&amp;ssl=1 300w\" sizes=\"(max-width: 503px) 100vw, 503px\" \/><figcaption id=\"caption-attachment-39\" class=\"wp-caption-text\">Uma vez localizado, o test\u00edculo ser\u00e1 liberado e baixado at\u00e9 a bolsa escrotal com o aux\u00edlio pin\u00e7as especiais para cirurgia laparosc\u00f3pica<\/figcaption><\/figure><\/figure>\n<p style=\"text-align: center;\"><img data-recalc-dims=\"1\" loading=\"lazy\" decoding=\"async\" data-attachment-id=\"47\" data-permalink=\"https:\/\/drdouglascaetano.med.br\/novo\/casos-frequentes\/fimose\/criptorquidia9\/\" data-orig-file=\"https:\/\/i0.wp.com\/drdouglascaetano.med.br\/novo\/wp-content\/uploads\/2017\/03\/criptorquidia9.jpg?fit=470%2C463&amp;ssl=1\" data-orig-size=\"470,463\" data-comments-opened=\"0\" data-image-meta=\"{&quot;aperture&quot;:&quot;0&quot;,&quot;credit&quot;:&quot;&quot;,&quot;camera&quot;:&quot;&quot;,&quot;caption&quot;:&quot;&quot;,&quot;created_timestamp&quot;:&quot;0&quot;,&quot;copyright&quot;:&quot;&quot;,&quot;focal_length&quot;:&quot;0&quot;,&quot;iso&quot;:&quot;0&quot;,&quot;shutter_speed&quot;:&quot;0&quot;,&quot;title&quot;:&quot;&quot;,&quot;orientation&quot;:&quot;0&quot;}\" data-image-title=\"criptorquidia9\" data-image-description=\"\" data-image-caption=\"\" data-medium-file=\"https:\/\/i0.wp.com\/drdouglascaetano.med.br\/novo\/wp-content\/uploads\/2017\/03\/criptorquidia9.jpg?fit=300%2C296&amp;ssl=1\" data-large-file=\"https:\/\/i0.wp.com\/drdouglascaetano.med.br\/novo\/wp-content\/uploads\/2017\/03\/criptorquidia9.jpg?fit=470%2C463&amp;ssl=1\" class=\"aligncenter  wp-image-47\" src=\"https:\/\/i0.wp.com\/drdouglascaetano.med.br\/novo\/wp-content\/uploads\/2017\/03\/criptorquidia9.jpg?resize=236%2C232\" alt=\"\" width=\"236\" height=\"232\" srcset=\"https:\/\/i0.wp.com\/drdouglascaetano.med.br\/novo\/wp-content\/uploads\/2017\/03\/criptorquidia9.jpg?w=470&amp;ssl=1 470w, https:\/\/i0.wp.com\/drdouglascaetano.med.br\/novo\/wp-content\/uploads\/2017\/03\/criptorquidia9.jpg?resize=300%2C296&amp;ssl=1 300w\" sizes=\"(max-width: 236px) 100vw, 236px\" \/><\/p>\n<p>Em casos mais raros, ocorre a aus\u00eancia do test\u00edculo. Nesse caso o paciente deve receber uma pr\u00f3tese de silicone para minimizar os efeitos est\u00e9ticos. Se o outro test\u00edculo for saud\u00e1vel ser\u00e1 suficiente para que o menino tenha uma vida normal tanto na produ\u00e7\u00e3o de horm\u00f4nios quanto na fertilidade.<\/p>\n<p><strong>P\u00f3s operat\u00f3rio<\/strong><\/p>\n<p>A crian\u00e7a pode ir pra casa no mesmo dia da cirurgia. Em geral a dor \u00e9 facilmente controlada com os analg\u00e9sicos orais e a recupera\u00e7\u00e3o \u00e9 r\u00e1pida. Em cerca de 5 dias a crian\u00e7a pode voltar \u00e0 escola, se for o caso. Entretanto as atividades f\u00edsicas for\u00e7adas ou com impacto,como educa\u00e7\u00e3o f\u00edsica, devem ser evitadas no primeiro m\u00eas ap\u00f3s a cirurgia.<\/p>\n<p>Quanto mais alto for o test\u00edculo, maior vai ser a manipula\u00e7\u00e3o necess\u00e1ria para sua descida e, portanto, maior a chance de edema da bolsa escrotal no p\u00f3s-operat\u00f3rio.<\/p>\n<p>\u00c9 necess\u00e1rio que a crian\u00e7a permane\u00e7a em acompanhamento ambulatorial com o Cirurgi\u00e3o Pedi\u00e1trico afim de se observar a cicatriza\u00e7\u00e3o da cirurgia e o desenvolvimento do test\u00edculo descido.<\/p>\n","protected":false},"excerpt":{"rendered":"<p>O que \u00e9? \u00c9 a condi\u00e7\u00e3o na qual o test\u00edculo n\u00e3o atingiu a posi\u00e7\u00e3o anat\u00f4mica adequada dentro da bolsa escrotal. Atinge 4% dos meninos nascidos ap\u00f3s 37 semanas de gesta\u00e7\u00e3o e 30% dos pr\u00e9-maturos. Em 15% dos casos, ocorre dos dois lados. Por que acontece? Os test\u00edculos come\u00e7am a se formar entre a 7a e&#8230;<\/p>\n","protected":false},"author":1,"featured_media":0,"parent":32,"menu_order":0,"comment_status":"closed","ping_status":"closed","template":"","meta":{"advanced_seo_description":"","jetpack_seo_html_title":"","jetpack_seo_noindex":false,"jetpack_post_was_ever_published":false,"footnotes":""},"class_list":["post-37","page","type-page","status-publish","hentry"],"jetpack_sharing_enabled":true,"jetpack_shortlink":"https:\/\/wp.me\/P8zks0-B","jetpack-related-posts":[],"_links":{"self":[{"href":"https:\/\/drdouglascaetano.med.br\/novo\/wp-json\/wp\/v2\/pages\/37","targetHints":{"allow":["GET"]}}],"collection":[{"href":"https:\/\/drdouglascaetano.med.br\/novo\/wp-json\/wp\/v2\/pages"}],"about":[{"href":"https:\/\/drdouglascaetano.med.br\/novo\/wp-json\/wp\/v2\/types\/page"}],"author":[{"embeddable":true,"href":"https:\/\/drdouglascaetano.med.br\/novo\/wp-json\/wp\/v2\/users\/1"}],"replies":[{"embeddable":true,"href":"https:\/\/drdouglascaetano.med.br\/novo\/wp-json\/wp\/v2\/comments?post=37"}],"version-history":[{"count":3,"href":"https:\/\/drdouglascaetano.med.br\/novo\/wp-json\/wp\/v2\/pages\/37\/revisions"}],"predecessor-version":[{"id":169,"href":"https:\/\/drdouglascaetano.med.br\/novo\/wp-json\/wp\/v2\/pages\/37\/revisions\/169"}],"up":[{"embeddable":true,"href":"https:\/\/drdouglascaetano.med.br\/novo\/wp-json\/wp\/v2\/pages\/32"}],"wp:attachment":[{"href":"https:\/\/drdouglascaetano.med.br\/novo\/wp-json\/wp\/v2\/media?parent=37"}],"curies":[{"name":"wp","href":"https:\/\/api.w.org\/{rel}","templated":true}]}}