{"id":407,"date":"2017-06-10T00:35:38","date_gmt":"2017-06-10T00:35:38","guid":{"rendered":"http:\/\/drdouglascaetano.med.br\/novo\/?page_id=407"},"modified":"2017-06-10T00:36:24","modified_gmt":"2017-06-10T00:36:24","slug":"cisto-tireoglosso","status":"publish","type":"page","link":"https:\/\/drdouglascaetano.med.br\/novo\/casos-frequentes\/cisto-tireoglosso\/","title":{"rendered":"Cisto Tireoglosso"},"content":{"rendered":"<h3><strong>O que \u00e9?<\/strong><\/h3>\n<p>O cisto tireoglosso \u00e9 a malforma\u00e7\u00e3o cong\u00eanita mais comum do pesco\u00e7o. \u00c9 um cisto origin\u00e1rio do defeito de fechamento do ducto tireoglosso.<\/p>\n<p><img data-recalc-dims=\"1\" fetchpriority=\"high\" decoding=\"async\" data-attachment-id=\"410\" data-permalink=\"https:\/\/drdouglascaetano.med.br\/novo\/casos-frequentes\/cisto-tireoglosso\/cisto-tireoglosso1-2\/\" data-orig-file=\"https:\/\/i0.wp.com\/drdouglascaetano.med.br\/novo\/wp-content\/uploads\/2017\/06\/cisto-tireoglosso1.png?fit=472%2C495&amp;ssl=1\" data-orig-size=\"472,495\" data-comments-opened=\"0\" data-image-meta=\"{&quot;aperture&quot;:&quot;0&quot;,&quot;credit&quot;:&quot;&quot;,&quot;camera&quot;:&quot;&quot;,&quot;caption&quot;:&quot;&quot;,&quot;created_timestamp&quot;:&quot;0&quot;,&quot;copyright&quot;:&quot;&quot;,&quot;focal_length&quot;:&quot;0&quot;,&quot;iso&quot;:&quot;0&quot;,&quot;shutter_speed&quot;:&quot;0&quot;,&quot;title&quot;:&quot;&quot;,&quot;orientation&quot;:&quot;0&quot;}\" data-image-title=\"cisto tireoglosso1\" data-image-description=\"\" data-image-caption=\"\" data-medium-file=\"https:\/\/i0.wp.com\/drdouglascaetano.med.br\/novo\/wp-content\/uploads\/2017\/06\/cisto-tireoglosso1.png?fit=286%2C300&amp;ssl=1\" data-large-file=\"https:\/\/i0.wp.com\/drdouglascaetano.med.br\/novo\/wp-content\/uploads\/2017\/06\/cisto-tireoglosso1.png?fit=472%2C495&amp;ssl=1\" class=\"aligncenter wp-image-410\" src=\"https:\/\/i0.wp.com\/drdouglascaetano.med.br\/novo\/wp-content\/uploads\/2017\/06\/cisto-tireoglosso1.png?resize=547%2C574\" alt=\"\" width=\"547\" height=\"574\" srcset=\"https:\/\/i0.wp.com\/drdouglascaetano.med.br\/novo\/wp-content\/uploads\/2017\/06\/cisto-tireoglosso1.png?w=472&amp;ssl=1 472w, https:\/\/i0.wp.com\/drdouglascaetano.med.br\/novo\/wp-content\/uploads\/2017\/06\/cisto-tireoglosso1.png?resize=286%2C300&amp;ssl=1 286w\" sizes=\"(max-width: 547px) 100vw, 547px\" \/><\/p>\n<p>&nbsp;<\/p>\n<h3><strong>Por que ocorre?<\/strong><\/h3>\n<p>A origem do cisto do ducto tireoglosso est\u00e1 intimamente relacionada \u00e0 forma\u00e7\u00e3o da l\u00edngua, do osso hi\u00f3ide e da tire\u00f3ide. A <strong>tire\u00f3ide lingual<\/strong> come\u00e7a a se formar na 17<sup>o <\/sup>dia da vida embrion\u00e1ria do espessamento do endoderma no assoalho da faringe. O <strong>forame cego<\/strong> \u00e9 o local de desenvolvimento do <strong>divert\u00edculo tire\u00f3ideo<\/strong>, na base da l\u00edngua. \u00c0 medida em que a l\u00edngua vai se desenvolvendo o divert\u00edculo tire\u00f3ideo se diferencia em gl\u00e2ndula tire\u00f3ide e desce at\u00e9 sua posi\u00e7\u00e3o habitual no pesco\u00e7o, entre a 4<sup>a <\/sup>e a 7<sup>a <\/sup>semanas de gesta\u00e7\u00e3o, permanecendo. Durante a descida o divert\u00edculo permanece ligado ao forame cego pelo <strong>ducto tireoglosso<\/strong>. Nesse momento tamb\u00e9m est\u00e1 em desenvolvimento o <strong>osso hi\u00f3ide<\/strong>, no caminho da migra\u00e7\u00e3o do divert\u00edculo. Em decorr\u00eancia desses m\u00faltiplos eventos que ocorrem simultaneamente, o ducto tireoglosso, na maioria das vezes passa atrav\u00e9s do osso hi\u00f3ide.<\/p>\n<p>Ap\u00f3s a tire\u00f3ide chegar \u00e0 sua posi\u00e7\u00e3o final no pesco\u00e7o, o ducto tireoglosso normalmente se atrofia completamente, por\u00e9m cerca de 7% da popula\u00e7\u00e3o apresentam remanescestes do ducto tireoglosso. Na maioria dos casos n\u00e3o h\u00e1 sintomas, por\u00e9m alguns desenvolver\u00e3o o cisto do ducto tireiglosso ou cisto tireoglosso, que pode se localizar em qualquer ponto do trajeto entre a base da l\u00edngua e a tire\u00f3ide.<\/p>\n<p>&nbsp;<\/p>\n<p><img data-recalc-dims=\"1\" decoding=\"async\" data-attachment-id=\"411\" data-permalink=\"https:\/\/drdouglascaetano.med.br\/novo\/casos-frequentes\/cisto-tireoglosso\/cisto-tireoglosso2\/\" data-orig-file=\"https:\/\/i0.wp.com\/drdouglascaetano.med.br\/novo\/wp-content\/uploads\/2017\/06\/cisto-tireoglosso2.png?fit=400%2C409&amp;ssl=1\" data-orig-size=\"400,409\" data-comments-opened=\"0\" data-image-meta=\"{&quot;aperture&quot;:&quot;0&quot;,&quot;credit&quot;:&quot;&quot;,&quot;camera&quot;:&quot;&quot;,&quot;caption&quot;:&quot;&quot;,&quot;created_timestamp&quot;:&quot;0&quot;,&quot;copyright&quot;:&quot;&quot;,&quot;focal_length&quot;:&quot;0&quot;,&quot;iso&quot;:&quot;0&quot;,&quot;shutter_speed&quot;:&quot;0&quot;,&quot;title&quot;:&quot;&quot;,&quot;orientation&quot;:&quot;0&quot;}\" data-image-title=\"cisto tireoglosso2\" data-image-description=\"\" data-image-caption=\"\" data-medium-file=\"https:\/\/i0.wp.com\/drdouglascaetano.med.br\/novo\/wp-content\/uploads\/2017\/06\/cisto-tireoglosso2.png?fit=293%2C300&amp;ssl=1\" data-large-file=\"https:\/\/i0.wp.com\/drdouglascaetano.med.br\/novo\/wp-content\/uploads\/2017\/06\/cisto-tireoglosso2.png?fit=400%2C409&amp;ssl=1\" class=\"aligncenter size-full wp-image-411\" src=\"https:\/\/i0.wp.com\/drdouglascaetano.med.br\/novo\/wp-content\/uploads\/2017\/06\/cisto-tireoglosso2.png?resize=400%2C409\" alt=\"\" width=\"400\" height=\"409\" srcset=\"https:\/\/i0.wp.com\/drdouglascaetano.med.br\/novo\/wp-content\/uploads\/2017\/06\/cisto-tireoglosso2.png?w=400&amp;ssl=1 400w, https:\/\/i0.wp.com\/drdouglascaetano.med.br\/novo\/wp-content\/uploads\/2017\/06\/cisto-tireoglosso2.png?resize=293%2C300&amp;ssl=1 293w\" sizes=\"(max-width: 400px) 100vw, 400px\" \/><\/p>\n<p><strong>\u00a0<\/strong><\/p>\n<h3><strong>Manifesta\u00e7\u00f5es<\/strong><\/h3>\n<p>Apesar da origem embriol\u00f3gica, o cisto tireoglosso muito raramente se manifesta no per\u00edodo neonatal. Na maioria das vezes \u00e9 notado no per\u00edodo pr\u00e9-escolar, mas pode se manifestar em qualquer idade. Mais comumente aparece como pequena les\u00e3o esf\u00e9rica, indolor, na linha m\u00e9dia cervical anterior, logo abaixo do osso hi\u00f3ide. Pela comunica\u00e7\u00e3o de mant\u00e9m com o forame cego, pode ser observada eleva\u00e7\u00e3o do cisto com a protrus\u00e3o da l\u00edngua. Na maioria das vezes n\u00e3o h\u00e1 sintomas, mas um ter\u00e7o se apresenta com infec\u00e7\u00f5es recorrentes e um quarto apresentar\u00e3o drenagem espont\u00e2nea de sinus ou em s\u00edtios de drenagens de abscessos.<\/p>\n<h3><strong>\u00c9 grave?<\/strong><\/h3>\n<p>O cisto tireoglosso \u00e9 em geral uma les\u00e3o benigna e raramente alcan\u00e7a grandes propor\u00e7\u00f5es. A chance de desenvolver malignidade (carcinoma papil\u00edfero) \u00e9 menor que 1%.<\/p>\n<p><img data-recalc-dims=\"1\" decoding=\"async\" data-attachment-id=\"412\" data-permalink=\"https:\/\/drdouglascaetano.med.br\/novo\/casos-frequentes\/cisto-tireoglosso\/cisto-tireoglosso3\/\" data-orig-file=\"https:\/\/i0.wp.com\/drdouglascaetano.med.br\/novo\/wp-content\/uploads\/2017\/06\/Cisto-tireoglosso3.png?fit=458%2C354&amp;ssl=1\" data-orig-size=\"458,354\" data-comments-opened=\"0\" data-image-meta=\"{&quot;aperture&quot;:&quot;0&quot;,&quot;credit&quot;:&quot;&quot;,&quot;camera&quot;:&quot;&quot;,&quot;caption&quot;:&quot;&quot;,&quot;created_timestamp&quot;:&quot;0&quot;,&quot;copyright&quot;:&quot;&quot;,&quot;focal_length&quot;:&quot;0&quot;,&quot;iso&quot;:&quot;0&quot;,&quot;shutter_speed&quot;:&quot;0&quot;,&quot;title&quot;:&quot;&quot;,&quot;orientation&quot;:&quot;0&quot;}\" data-image-title=\"Cisto tireoglosso3\" data-image-description=\"\" data-image-caption=\"\" data-medium-file=\"https:\/\/i0.wp.com\/drdouglascaetano.med.br\/novo\/wp-content\/uploads\/2017\/06\/Cisto-tireoglosso3.png?fit=300%2C232&amp;ssl=1\" data-large-file=\"https:\/\/i0.wp.com\/drdouglascaetano.med.br\/novo\/wp-content\/uploads\/2017\/06\/Cisto-tireoglosso3.png?fit=458%2C354&amp;ssl=1\" class=\"aligncenter size-full wp-image-412\" src=\"https:\/\/i0.wp.com\/drdouglascaetano.med.br\/novo\/wp-content\/uploads\/2017\/06\/Cisto-tireoglosso3.png?resize=458%2C354\" alt=\"\" width=\"458\" height=\"354\" srcset=\"https:\/\/i0.wp.com\/drdouglascaetano.med.br\/novo\/wp-content\/uploads\/2017\/06\/Cisto-tireoglosso3.png?w=458&amp;ssl=1 458w, https:\/\/i0.wp.com\/drdouglascaetano.med.br\/novo\/wp-content\/uploads\/2017\/06\/Cisto-tireoglosso3.png?resize=300%2C232&amp;ssl=1 300w\" sizes=\"(max-width: 458px) 100vw, 458px\" \/><\/p>\n<h3><strong>Como \u00e9 a cirurgia?<\/strong><\/h3>\n<p><img data-recalc-dims=\"1\" loading=\"lazy\" decoding=\"async\" data-attachment-id=\"413\" data-permalink=\"https:\/\/drdouglascaetano.med.br\/novo\/casos-frequentes\/cisto-tireoglosso\/cisto-tireoglosso4\/\" data-orig-file=\"https:\/\/i0.wp.com\/drdouglascaetano.med.br\/novo\/wp-content\/uploads\/2017\/06\/Cisto-tireoglosso4.png?fit=319%2C448&amp;ssl=1\" data-orig-size=\"319,448\" data-comments-opened=\"0\" data-image-meta=\"{&quot;aperture&quot;:&quot;0&quot;,&quot;credit&quot;:&quot;&quot;,&quot;camera&quot;:&quot;&quot;,&quot;caption&quot;:&quot;&quot;,&quot;created_timestamp&quot;:&quot;0&quot;,&quot;copyright&quot;:&quot;&quot;,&quot;focal_length&quot;:&quot;0&quot;,&quot;iso&quot;:&quot;0&quot;,&quot;shutter_speed&quot;:&quot;0&quot;,&quot;title&quot;:&quot;&quot;,&quot;orientation&quot;:&quot;0&quot;}\" data-image-title=\"Cisto tireoglosso4\" data-image-description=\"\" data-image-caption=\"\" data-medium-file=\"https:\/\/i0.wp.com\/drdouglascaetano.med.br\/novo\/wp-content\/uploads\/2017\/06\/Cisto-tireoglosso4.png?fit=214%2C300&amp;ssl=1\" data-large-file=\"https:\/\/i0.wp.com\/drdouglascaetano.med.br\/novo\/wp-content\/uploads\/2017\/06\/Cisto-tireoglosso4.png?fit=319%2C448&amp;ssl=1\" class=\"size-full wp-image-413 alignleft\" src=\"https:\/\/i0.wp.com\/drdouglascaetano.med.br\/novo\/wp-content\/uploads\/2017\/06\/Cisto-tireoglosso4.png?resize=319%2C448\" alt=\"\" width=\"319\" height=\"448\" srcset=\"https:\/\/i0.wp.com\/drdouglascaetano.med.br\/novo\/wp-content\/uploads\/2017\/06\/Cisto-tireoglosso4.png?w=319&amp;ssl=1 319w, https:\/\/i0.wp.com\/drdouglascaetano.med.br\/novo\/wp-content\/uploads\/2017\/06\/Cisto-tireoglosso4.png?resize=214%2C300&amp;ssl=1 214w\" sizes=\"(max-width: 319px) 100vw, 319px\" \/><\/p>\n<p>&nbsp;<\/p>\n<p>&nbsp;<\/p>\n<p>&nbsp;<\/p>\n<p>&nbsp;<\/p>\n<p>&nbsp;<\/p>\n<p>&nbsp;<\/p>\n<p>&nbsp;<\/p>\n<p>&nbsp;<\/p>\n<p>&nbsp;<\/p>\n<p>O cisto e o osso hi\u00f3ide s\u00e3o identificados<\/p>\n<p>&nbsp;<\/p>\n<p>&nbsp;<\/p>\n<p>&nbsp;<\/p>\n<p>&nbsp;<\/p>\n<p><img data-recalc-dims=\"1\" loading=\"lazy\" decoding=\"async\" data-attachment-id=\"415\" data-permalink=\"https:\/\/drdouglascaetano.med.br\/novo\/casos-frequentes\/cisto-tireoglosso\/cisto-tireoglosso5\/\" data-orig-file=\"https:\/\/i0.wp.com\/drdouglascaetano.med.br\/novo\/wp-content\/uploads\/2017\/06\/Cisto-tireoglosso5.png?fit=319%2C295&amp;ssl=1\" data-orig-size=\"319,295\" data-comments-opened=\"0\" data-image-meta=\"{&quot;aperture&quot;:&quot;0&quot;,&quot;credit&quot;:&quot;&quot;,&quot;camera&quot;:&quot;&quot;,&quot;caption&quot;:&quot;&quot;,&quot;created_timestamp&quot;:&quot;0&quot;,&quot;copyright&quot;:&quot;&quot;,&quot;focal_length&quot;:&quot;0&quot;,&quot;iso&quot;:&quot;0&quot;,&quot;shutter_speed&quot;:&quot;0&quot;,&quot;title&quot;:&quot;&quot;,&quot;orientation&quot;:&quot;0&quot;}\" data-image-title=\"Cisto tireoglosso5\" data-image-description=\"\" data-image-caption=\"\" data-medium-file=\"https:\/\/i0.wp.com\/drdouglascaetano.med.br\/novo\/wp-content\/uploads\/2017\/06\/Cisto-tireoglosso5.png?fit=300%2C277&amp;ssl=1\" data-large-file=\"https:\/\/i0.wp.com\/drdouglascaetano.med.br\/novo\/wp-content\/uploads\/2017\/06\/Cisto-tireoglosso5.png?fit=319%2C295&amp;ssl=1\" class=\"size-full wp-image-415 alignleft\" src=\"https:\/\/i0.wp.com\/drdouglascaetano.med.br\/novo\/wp-content\/uploads\/2017\/06\/Cisto-tireoglosso5.png?resize=319%2C295\" alt=\"\" width=\"319\" height=\"295\" srcset=\"https:\/\/i0.wp.com\/drdouglascaetano.med.br\/novo\/wp-content\/uploads\/2017\/06\/Cisto-tireoglosso5.png?w=319&amp;ssl=1 319w, https:\/\/i0.wp.com\/drdouglascaetano.med.br\/novo\/wp-content\/uploads\/2017\/06\/Cisto-tireoglosso5.png?resize=300%2C277&amp;ssl=1 300w\" sizes=\"(max-width: 319px) 100vw, 319px\" \/><\/p>\n<p>&nbsp;<\/p>\n<p>&nbsp;<\/p>\n<p>&nbsp;<\/p>\n<p>&nbsp;<\/p>\n<p>&nbsp;<\/p>\n<p>\u00c9 realizada uma incis\u00e3o cervical transversa no s\u00edtio da les\u00e3o<\/p>\n<p>&nbsp;<\/p>\n<p>&nbsp;<\/p>\n<p>&nbsp;<\/p>\n<p>&nbsp;<\/p>\n<p>&nbsp;<\/p>\n<p><img data-recalc-dims=\"1\" loading=\"lazy\" decoding=\"async\" data-attachment-id=\"416\" data-permalink=\"https:\/\/drdouglascaetano.med.br\/novo\/casos-frequentes\/cisto-tireoglosso\/cisto-tireoglosso6\/\" data-orig-file=\"https:\/\/i0.wp.com\/drdouglascaetano.med.br\/novo\/wp-content\/uploads\/2017\/06\/Cisto-tireoglosso6.png?fit=547%2C320&amp;ssl=1\" data-orig-size=\"547,320\" data-comments-opened=\"0\" data-image-meta=\"{&quot;aperture&quot;:&quot;0&quot;,&quot;credit&quot;:&quot;&quot;,&quot;camera&quot;:&quot;&quot;,&quot;caption&quot;:&quot;&quot;,&quot;created_timestamp&quot;:&quot;0&quot;,&quot;copyright&quot;:&quot;&quot;,&quot;focal_length&quot;:&quot;0&quot;,&quot;iso&quot;:&quot;0&quot;,&quot;shutter_speed&quot;:&quot;0&quot;,&quot;title&quot;:&quot;&quot;,&quot;orientation&quot;:&quot;0&quot;}\" data-image-title=\"Cisto tireoglosso6\" data-image-description=\"\" data-image-caption=\"\" data-medium-file=\"https:\/\/i0.wp.com\/drdouglascaetano.med.br\/novo\/wp-content\/uploads\/2017\/06\/Cisto-tireoglosso6.png?fit=300%2C176&amp;ssl=1\" data-large-file=\"https:\/\/i0.wp.com\/drdouglascaetano.med.br\/novo\/wp-content\/uploads\/2017\/06\/Cisto-tireoglosso6.png?fit=547%2C320&amp;ssl=1\" class=\"size-full wp-image-416 alignleft\" src=\"https:\/\/i0.wp.com\/drdouglascaetano.med.br\/novo\/wp-content\/uploads\/2017\/06\/Cisto-tireoglosso6.png?resize=547%2C320\" alt=\"\" width=\"547\" height=\"320\" srcset=\"https:\/\/i0.wp.com\/drdouglascaetano.med.br\/novo\/wp-content\/uploads\/2017\/06\/Cisto-tireoglosso6.png?w=547&amp;ssl=1 547w, https:\/\/i0.wp.com\/drdouglascaetano.med.br\/novo\/wp-content\/uploads\/2017\/06\/Cisto-tireoglosso6.png?resize=300%2C176&amp;ssl=1 300w\" sizes=\"(max-width: 547px) 100vw, 547px\" \/><\/p>\n<p>&nbsp;<\/p>\n<p>&nbsp;<\/p>\n<p>&nbsp;<\/p>\n<p>&nbsp;<\/p>\n<p>&nbsp;<\/p>\n<p>&nbsp;<\/p>\n<p>&nbsp;<\/p>\n<p>&nbsp;<\/p>\n<p><img data-recalc-dims=\"1\" loading=\"lazy\" decoding=\"async\" data-attachment-id=\"417\" data-permalink=\"https:\/\/drdouglascaetano.med.br\/novo\/casos-frequentes\/cisto-tireoglosso\/cisto-tireoglosso7\/\" data-orig-file=\"https:\/\/i0.wp.com\/drdouglascaetano.med.br\/novo\/wp-content\/uploads\/2017\/06\/Cisto-tireoglosso7.png?fit=511%2C293&amp;ssl=1\" data-orig-size=\"511,293\" data-comments-opened=\"0\" data-image-meta=\"{&quot;aperture&quot;:&quot;0&quot;,&quot;credit&quot;:&quot;&quot;,&quot;camera&quot;:&quot;&quot;,&quot;caption&quot;:&quot;&quot;,&quot;created_timestamp&quot;:&quot;0&quot;,&quot;copyright&quot;:&quot;&quot;,&quot;focal_length&quot;:&quot;0&quot;,&quot;iso&quot;:&quot;0&quot;,&quot;shutter_speed&quot;:&quot;0&quot;,&quot;title&quot;:&quot;&quot;,&quot;orientation&quot;:&quot;0&quot;}\" data-image-title=\"Cisto tireoglosso7\" data-image-description=\"\" data-image-caption=\"\" data-medium-file=\"https:\/\/i0.wp.com\/drdouglascaetano.med.br\/novo\/wp-content\/uploads\/2017\/06\/Cisto-tireoglosso7.png?fit=300%2C172&amp;ssl=1\" data-large-file=\"https:\/\/i0.wp.com\/drdouglascaetano.med.br\/novo\/wp-content\/uploads\/2017\/06\/Cisto-tireoglosso7.png?fit=511%2C293&amp;ssl=1\" class=\"size-full wp-image-417 alignleft\" src=\"https:\/\/i0.wp.com\/drdouglascaetano.med.br\/novo\/wp-content\/uploads\/2017\/06\/Cisto-tireoglosso7.png?resize=511%2C293\" alt=\"\" width=\"511\" height=\"293\" srcset=\"https:\/\/i0.wp.com\/drdouglascaetano.med.br\/novo\/wp-content\/uploads\/2017\/06\/Cisto-tireoglosso7.png?w=511&amp;ssl=1 511w, https:\/\/i0.wp.com\/drdouglascaetano.med.br\/novo\/wp-content\/uploads\/2017\/06\/Cisto-tireoglosso7.png?resize=300%2C172&amp;ssl=1 300w\" sizes=\"(max-width: 511px) 100vw, 511px\" \/><\/p>\n<p>&nbsp;<\/p>\n<p>&nbsp;<\/p>\n<p>&nbsp;<\/p>\n<p>&nbsp;<\/p>\n<p>O ducto tireoglosso que alimento o cisto \u00e9 localizado e dissecado at\u00e9 o osso hi\u00f3ide, que tem o seguimento medial retirado juntamente com o ducto. Este, por sua vez, \u00e9 ligado pr\u00f3ximo a sua origem na base da l\u00edngua.<\/p>\n<p>&nbsp;<\/p>\n<p>&nbsp;<\/p>\n<p>&nbsp;<\/p>\n<p>A chance de recorr\u00eancia \u00e9 de 5 a 10%, aumentando se houver inflama\u00e7\u00e3o no momento da cirurgia.<\/p>\n","protected":false},"excerpt":{"rendered":"<p>O que \u00e9? O cisto tireoglosso \u00e9 a malforma\u00e7\u00e3o cong\u00eanita mais comum do pesco\u00e7o. \u00c9 um cisto origin\u00e1rio do defeito de fechamento do ducto tireoglosso. &nbsp; Por que ocorre? A origem do cisto do ducto tireoglosso est\u00e1 intimamente relacionada \u00e0 forma\u00e7\u00e3o da l\u00edngua, do osso hi\u00f3ide e da tire\u00f3ide. A tire\u00f3ide lingual come\u00e7a a se&#8230;<\/p>\n","protected":false},"author":1,"featured_media":0,"parent":32,"menu_order":0,"comment_status":"closed","ping_status":"closed","template":"","meta":{"advanced_seo_description":"","jetpack_seo_html_title":"","jetpack_seo_noindex":false,"jetpack_post_was_ever_published":false,"footnotes":""},"class_list":["post-407","page","type-page","status-publish","hentry"],"jetpack_sharing_enabled":true,"jetpack_shortlink":"https:\/\/wp.me\/P8zks0-6z","jetpack-related-posts":[],"_links":{"self":[{"href":"https:\/\/drdouglascaetano.med.br\/novo\/wp-json\/wp\/v2\/pages\/407","targetHints":{"allow":["GET"]}}],"collection":[{"href":"https:\/\/drdouglascaetano.med.br\/novo\/wp-json\/wp\/v2\/pages"}],"about":[{"href":"https:\/\/drdouglascaetano.med.br\/novo\/wp-json\/wp\/v2\/types\/page"}],"author":[{"embeddable":true,"href":"https:\/\/drdouglascaetano.med.br\/novo\/wp-json\/wp\/v2\/users\/1"}],"replies":[{"embeddable":true,"href":"https:\/\/drdouglascaetano.med.br\/novo\/wp-json\/wp\/v2\/comments?post=407"}],"version-history":[{"count":9,"href":"https:\/\/drdouglascaetano.med.br\/novo\/wp-json\/wp\/v2\/pages\/407\/revisions"}],"predecessor-version":[{"id":424,"href":"https:\/\/drdouglascaetano.med.br\/novo\/wp-json\/wp\/v2\/pages\/407\/revisions\/424"}],"up":[{"embeddable":true,"href":"https:\/\/drdouglascaetano.med.br\/novo\/wp-json\/wp\/v2\/pages\/32"}],"wp:attachment":[{"href":"https:\/\/drdouglascaetano.med.br\/novo\/wp-json\/wp\/v2\/media?parent=407"}],"curies":[{"name":"wp","href":"https:\/\/api.w.org\/{rel}","templated":true}]}}