{"id":426,"date":"2017-06-10T04:09:26","date_gmt":"2017-06-10T04:09:26","guid":{"rendered":"http:\/\/drdouglascaetano.med.br\/novo\/?page_id=426"},"modified":"2017-06-10T04:09:26","modified_gmt":"2017-06-10T04:09:26","slug":"calculos-biliares","status":"publish","type":"page","link":"https:\/\/drdouglascaetano.med.br\/novo\/a-cirurgia-pediatrica\/calculos-biliares\/","title":{"rendered":"C\u00e1lculos Biliares"},"content":{"rendered":"<h2><strong>Lit\u00edase Biliar<\/strong><\/h2>\n<h2><strong>Crian\u00e7as t\u00eam c\u00e1lculo na ves\u00edcula biliar?<\/strong><\/h2>\n<p>A lit\u00edase biliar, tamb\u00e9m chamados de c\u00e1lculos biliares \u00e9 rara na idade pedi\u00e1trica. Enquanto na popula\u00e7\u00e3o adulta entre 30 e 65 anos 9,5% dos homens e 20% das mulheres apresentam c\u00e1lculo na <strong>ves\u00edcula biliar<\/strong> ou nas <strong>vias biliares<\/strong>, apenas 0,1-2% das crian\u00e7as apresentam o problema.<\/p>\n<p><img data-recalc-dims=\"1\" fetchpriority=\"high\" decoding=\"async\" data-attachment-id=\"427\" data-permalink=\"https:\/\/drdouglascaetano.med.br\/novo\/a-cirurgia-pediatrica\/calculos-biliares\/slide1-9\/\" data-orig-file=\"https:\/\/i0.wp.com\/drdouglascaetano.med.br\/novo\/wp-content\/uploads\/2017\/06\/Slide1.jpg?fit=720%2C540&amp;ssl=1\" data-orig-size=\"720,540\" data-comments-opened=\"0\" data-image-meta=\"{&quot;aperture&quot;:&quot;0&quot;,&quot;credit&quot;:&quot;&quot;,&quot;camera&quot;:&quot;&quot;,&quot;caption&quot;:&quot;&quot;,&quot;created_timestamp&quot;:&quot;0&quot;,&quot;copyright&quot;:&quot;&quot;,&quot;focal_length&quot;:&quot;0&quot;,&quot;iso&quot;:&quot;0&quot;,&quot;shutter_speed&quot;:&quot;0&quot;,&quot;title&quot;:&quot;&quot;,&quot;orientation&quot;:&quot;1&quot;}\" data-image-title=\"Slide1\" data-image-description=\"\" data-image-caption=\"\" data-medium-file=\"https:\/\/i0.wp.com\/drdouglascaetano.med.br\/novo\/wp-content\/uploads\/2017\/06\/Slide1.jpg?fit=300%2C225&amp;ssl=1\" data-large-file=\"https:\/\/i0.wp.com\/drdouglascaetano.med.br\/novo\/wp-content\/uploads\/2017\/06\/Slide1.jpg?fit=640%2C480&amp;ssl=1\" class=\"aligncenter  wp-image-427\" src=\"https:\/\/i0.wp.com\/drdouglascaetano.med.br\/novo\/wp-content\/uploads\/2017\/06\/Slide1.jpg?resize=431%2C323\" alt=\"\" width=\"431\" height=\"323\" srcset=\"https:\/\/i0.wp.com\/drdouglascaetano.med.br\/novo\/wp-content\/uploads\/2017\/06\/Slide1.jpg?w=720&amp;ssl=1 720w, https:\/\/i0.wp.com\/drdouglascaetano.med.br\/novo\/wp-content\/uploads\/2017\/06\/Slide1.jpg?resize=300%2C225&amp;ssl=1 300w\" sizes=\"(max-width: 431px) 100vw, 431px\" \/><\/p>\n<h2><strong>O que \u00e9 bile?<br \/>\n<\/strong><\/h2>\n<p>A bile \u00e9 uma subst\u00e2ncia produzida no f\u00edgado e armazenada na ves\u00edcula biliar, cuja principal fun\u00e7\u00e3o \u00e9 a digest\u00e3o da gordura presente na alimenta\u00e7\u00e3o. Dessa forma, toda vez que h\u00e1 a ingest\u00e3o alimentos com algum teor de gordura, a ves\u00edcula biliar \u00e9 estimulada a contrair e secretar a bile atrav\u00e9s do <strong>ducto col\u00e9doco<\/strong> num segmento do intestino chamada duodeno.<\/p>\n<h2><strong>Como se formam os c\u00e1lculos?<\/strong><\/h2>\n<p>O mecanismo de forma\u00e7\u00e3o \u00e9 multifatorial e fatores que causem estase biliar ou altera\u00e7\u00f5es no caminho de recircula\u00e7\u00e3o de bile s\u00e3o importantes no desenv.olvimento de c\u00e1lculos.<\/p>\n<p>A bile \u00e9 formada por tr\u00eas componentes principais al\u00e9m da \u00e1gua, que constitui 84%:<\/p>\n<ul>\n<li>Bilirrubina<\/li>\n<li>Colesterol<\/li>\n<li>Sais biliares<\/li>\n<\/ul>\n<p>O aumento da concentra\u00e7\u00e3o desses componentes, especialmente do colesterol e da bilirrubina, atrapalham sua solubilidade na bile e precipita a forma\u00e7\u00e3o de aglomerados que dar\u00e3o origem aos c\u00e1lculos. Enquanto nos adultos a maioria dos c\u00e1lculos \u00e9 composta principalmente por colesterol, em crian\u00e7as h\u00e1 uma incid\u00eancia maior de c\u00e1lculos pigmentares, que s\u00e3o compostos principalmente por bilirrubinato de c\u00e1lcio, formado a partir do aumento da concentra\u00e7\u00e3o de bilirrubina e sais de c\u00e1lcio na bile.<\/p>\n<p>A bilirrubina \u00e9 o principal produto da destrui\u00e7\u00e3o dos gl\u00f3bulos vermelhos do sangue, e, portanto \u00e9 produzida em grande quantidade nos pacientes com anemia hemol\u00edtica, nas quais s\u00e3o destru\u00eddos em excesso.<\/p>\n<p><img data-recalc-dims=\"1\" decoding=\"async\" data-attachment-id=\"428\" data-permalink=\"https:\/\/drdouglascaetano.med.br\/novo\/a-cirurgia-pediatrica\/calculos-biliares\/slide1-10\/\" data-orig-file=\"https:\/\/i0.wp.com\/drdouglascaetano.med.br\/novo\/wp-content\/uploads\/2017\/06\/Slide1-1.jpg?fit=426%2C218&amp;ssl=1\" data-orig-size=\"426,218\" data-comments-opened=\"0\" data-image-meta=\"{&quot;aperture&quot;:&quot;0&quot;,&quot;credit&quot;:&quot;&quot;,&quot;camera&quot;:&quot;&quot;,&quot;caption&quot;:&quot;&quot;,&quot;created_timestamp&quot;:&quot;0&quot;,&quot;copyright&quot;:&quot;&quot;,&quot;focal_length&quot;:&quot;0&quot;,&quot;iso&quot;:&quot;0&quot;,&quot;shutter_speed&quot;:&quot;0&quot;,&quot;title&quot;:&quot;&quot;,&quot;orientation&quot;:&quot;1&quot;}\" data-image-title=\"Slide1\" data-image-description=\"\" data-image-caption=\"\" data-medium-file=\"https:\/\/i0.wp.com\/drdouglascaetano.med.br\/novo\/wp-content\/uploads\/2017\/06\/Slide1-1.jpg?fit=300%2C154&amp;ssl=1\" data-large-file=\"https:\/\/i0.wp.com\/drdouglascaetano.med.br\/novo\/wp-content\/uploads\/2017\/06\/Slide1-1.jpg?fit=426%2C218&amp;ssl=1\" class=\"aligncenter size-full wp-image-428\" src=\"https:\/\/i0.wp.com\/drdouglascaetano.med.br\/novo\/wp-content\/uploads\/2017\/06\/Slide1-1.jpg?resize=426%2C218\" alt=\"\" width=\"426\" height=\"218\" srcset=\"https:\/\/i0.wp.com\/drdouglascaetano.med.br\/novo\/wp-content\/uploads\/2017\/06\/Slide1-1.jpg?w=426&amp;ssl=1 426w, https:\/\/i0.wp.com\/drdouglascaetano.med.br\/novo\/wp-content\/uploads\/2017\/06\/Slide1-1.jpg?resize=300%2C154&amp;ssl=1 300w\" sizes=\"(max-width: 426px) 100vw, 426px\" \/><\/p>\n<p>&nbsp;<\/p>\n<h2><strong>Fatores de Risco em Crian\u00e7as<\/strong><\/h2>\n<p><strong><img data-recalc-dims=\"1\" decoding=\"async\" data-attachment-id=\"430\" data-permalink=\"https:\/\/drdouglascaetano.med.br\/novo\/a-cirurgia-pediatrica\/calculos-biliares\/slide1-12\/\" data-orig-file=\"https:\/\/i0.wp.com\/drdouglascaetano.med.br\/novo\/wp-content\/uploads\/2017\/06\/Slide1-3.jpg?fit=451%2C426&amp;ssl=1\" data-orig-size=\"451,426\" data-comments-opened=\"0\" data-image-meta=\"{&quot;aperture&quot;:&quot;0&quot;,&quot;credit&quot;:&quot;&quot;,&quot;camera&quot;:&quot;&quot;,&quot;caption&quot;:&quot;&quot;,&quot;created_timestamp&quot;:&quot;0&quot;,&quot;copyright&quot;:&quot;&quot;,&quot;focal_length&quot;:&quot;0&quot;,&quot;iso&quot;:&quot;0&quot;,&quot;shutter_speed&quot;:&quot;0&quot;,&quot;title&quot;:&quot;&quot;,&quot;orientation&quot;:&quot;1&quot;}\" data-image-title=\"Slide1\" data-image-description=\"\" data-image-caption=\"\" data-medium-file=\"https:\/\/i0.wp.com\/drdouglascaetano.med.br\/novo\/wp-content\/uploads\/2017\/06\/Slide1-3.jpg?fit=300%2C283&amp;ssl=1\" data-large-file=\"https:\/\/i0.wp.com\/drdouglascaetano.med.br\/novo\/wp-content\/uploads\/2017\/06\/Slide1-3.jpg?fit=451%2C426&amp;ssl=1\" class=\"aligncenter size-full wp-image-430\" src=\"https:\/\/i0.wp.com\/drdouglascaetano.med.br\/novo\/wp-content\/uploads\/2017\/06\/Slide1-3.jpg?resize=451%2C426\" alt=\"\" width=\"451\" height=\"426\" srcset=\"https:\/\/i0.wp.com\/drdouglascaetano.med.br\/novo\/wp-content\/uploads\/2017\/06\/Slide1-3.jpg?w=451&amp;ssl=1 451w, https:\/\/i0.wp.com\/drdouglascaetano.med.br\/novo\/wp-content\/uploads\/2017\/06\/Slide1-3.jpg?resize=300%2C283&amp;ssl=1 300w\" sizes=\"(max-width: 451px) 100vw, 451px\" \/><\/strong><\/p>\n<h2><strong>Manifesta\u00e7\u00f5es Cl\u00ednicas<\/strong><\/h2>\n<p>Os principais sintomas est\u00e3o relacionados ao est\u00edmulo \u00e0 contra\u00e7\u00e3o da ves\u00edcula biliar devido a ingest\u00e3o de alimentos gordurosos. Dessa forma, ao contrair, a ves\u00edcula pode impulsionar os c\u00e1lculos em dire\u00e7\u00e3o ao seu infund\u00edbulo (por\u00e7\u00e3o mais estreita pr\u00f3ximo ao ducto c\u00edstico) e causar obstru\u00e7\u00e3o tempor\u00e1ria, gerando as <strong>c\u00f3licas biliares. <\/strong>A dor tipicamente se localiza no quadrante superior direito, podendo irradiar para o dorso e associar-se a v\u00f4mitos. Por isso os pacientes passam a ter intoler\u00e2ncia a alimentos gordurosos<\/p>\n<h2><strong>Diagn\u00f3stico<\/strong><\/h2>\n<p><img data-recalc-dims=\"1\" loading=\"lazy\" decoding=\"async\" data-attachment-id=\"431\" data-permalink=\"https:\/\/drdouglascaetano.med.br\/novo\/a-cirurgia-pediatrica\/calculos-biliares\/us\/\" data-orig-file=\"https:\/\/i0.wp.com\/drdouglascaetano.med.br\/novo\/wp-content\/uploads\/2017\/06\/US.png?fit=448%2C356&amp;ssl=1\" data-orig-size=\"448,356\" data-comments-opened=\"0\" data-image-meta=\"{&quot;aperture&quot;:&quot;0&quot;,&quot;credit&quot;:&quot;&quot;,&quot;camera&quot;:&quot;&quot;,&quot;caption&quot;:&quot;&quot;,&quot;created_timestamp&quot;:&quot;0&quot;,&quot;copyright&quot;:&quot;&quot;,&quot;focal_length&quot;:&quot;0&quot;,&quot;iso&quot;:&quot;0&quot;,&quot;shutter_speed&quot;:&quot;0&quot;,&quot;title&quot;:&quot;&quot;,&quot;orientation&quot;:&quot;0&quot;}\" data-image-title=\"US\" data-image-description=\"\" data-image-caption=\"\" data-medium-file=\"https:\/\/i0.wp.com\/drdouglascaetano.med.br\/novo\/wp-content\/uploads\/2017\/06\/US.png?fit=300%2C238&amp;ssl=1\" data-large-file=\"https:\/\/i0.wp.com\/drdouglascaetano.med.br\/novo\/wp-content\/uploads\/2017\/06\/US.png?fit=448%2C356&amp;ssl=1\" class=\"size-full wp-image-431 alignleft\" src=\"https:\/\/i0.wp.com\/drdouglascaetano.med.br\/novo\/wp-content\/uploads\/2017\/06\/US.png?resize=448%2C356\" alt=\"\" width=\"448\" height=\"356\" srcset=\"https:\/\/i0.wp.com\/drdouglascaetano.med.br\/novo\/wp-content\/uploads\/2017\/06\/US.png?w=448&amp;ssl=1 448w, https:\/\/i0.wp.com\/drdouglascaetano.med.br\/novo\/wp-content\/uploads\/2017\/06\/US.png?resize=300%2C238&amp;ssl=1 300w\" sizes=\"(max-width: 448px) 100vw, 448px\" \/><\/p>\n<p>&nbsp;<\/p>\n<p>&nbsp;<\/p>\n<p>&nbsp;<\/p>\n<p>&nbsp;<\/p>\n<p>&nbsp;<\/p>\n<p>&nbsp;<\/p>\n<p>A Ultrasonografia \u00e9 o exame de escolha para o diagn\u00f3stico. Possui sensibilidade de 95% e especificidade de 99% e \u00e9 capaz de avaliar dilata\u00e7\u00e3o das vias biliares.<\/p>\n<p>&nbsp;<\/p>\n<p>&nbsp;<\/p>\n<p>&nbsp;<\/p>\n<h2><strong>Complica\u00e7\u00f5es<\/strong><\/h2>\n<p>As complica\u00e7\u00f5es associadas \u00e0 lit\u00edase biliar t\u00eam origem na obstru\u00e7\u00e3o das vias biliares em diferentes locais, geralmente pela migra\u00e7\u00e3o dos c\u00e1lculos da ves\u00edcula. A <strong>coledocolit\u00edase<\/strong> \u00e9 a presen\u00e7a de c\u00e1lculo no ducto col\u00e9doco.<\/p>\n<p><img data-recalc-dims=\"1\" loading=\"lazy\" decoding=\"async\" data-attachment-id=\"437\" data-permalink=\"https:\/\/drdouglascaetano.med.br\/novo\/a-cirurgia-pediatrica\/calculos-biliares\/img7\/\" data-orig-file=\"https:\/\/i0.wp.com\/drdouglascaetano.med.br\/novo\/wp-content\/uploads\/2017\/06\/img7.jpg?fit=656%2C847&amp;ssl=1\" data-orig-size=\"656,847\" data-comments-opened=\"0\" data-image-meta=\"{&quot;aperture&quot;:&quot;0&quot;,&quot;credit&quot;:&quot;&quot;,&quot;camera&quot;:&quot;&quot;,&quot;caption&quot;:&quot;&quot;,&quot;created_timestamp&quot;:&quot;0&quot;,&quot;copyright&quot;:&quot;&quot;,&quot;focal_length&quot;:&quot;0&quot;,&quot;iso&quot;:&quot;0&quot;,&quot;shutter_speed&quot;:&quot;0&quot;,&quot;title&quot;:&quot;&quot;,&quot;orientation&quot;:&quot;0&quot;}\" data-image-title=\"img7\" data-image-description=\"\" data-image-caption=\"\" data-medium-file=\"https:\/\/i0.wp.com\/drdouglascaetano.med.br\/novo\/wp-content\/uploads\/2017\/06\/img7.jpg?fit=232%2C300&amp;ssl=1\" data-large-file=\"https:\/\/i0.wp.com\/drdouglascaetano.med.br\/novo\/wp-content\/uploads\/2017\/06\/img7.jpg?fit=640%2C826&amp;ssl=1\" class=\"aligncenter  wp-image-437\" src=\"https:\/\/i0.wp.com\/drdouglascaetano.med.br\/novo\/wp-content\/uploads\/2017\/06\/img7.jpg?resize=457%2C590\" alt=\"\" width=\"457\" height=\"590\" srcset=\"https:\/\/i0.wp.com\/drdouglascaetano.med.br\/novo\/wp-content\/uploads\/2017\/06\/img7.jpg?w=656&amp;ssl=1 656w, https:\/\/i0.wp.com\/drdouglascaetano.med.br\/novo\/wp-content\/uploads\/2017\/06\/img7.jpg?resize=232%2C300&amp;ssl=1 232w\" sizes=\"(max-width: 457px) 100vw, 457px\" \/><\/p>\n<p>&nbsp;<\/p>\n<ul>\n<li>\n<h3>Colecistite aguda<\/h3>\n<\/li>\n<\/ul>\n<p>A obstru\u00e7\u00e3o persistente do ducto c\u00edstico causa distens\u00e3o da ves\u00edcula biliar e consequente inflama\u00e7\u00e3o e edema de sua parede. O quadro cl\u00ednico em geral cursa com dor abdominal em hipoc\u00f4ndrio direito, n\u00e1useas e v\u00f4mitos. O achado mais caracter\u00edstico ao exame f\u00edsico \u00e9 o <strong>Sinal de Murphy<\/strong>, no qual h\u00e1 uma interrup\u00e7\u00e3o s\u00fabita da inspira\u00e7\u00e3o profunda, quando se est\u00e1 comprimindo o hipoc\u00f4ndrio direito. A maioria dos casos responde bem ao tratamento com antibi\u00f3ticos, por\u00e9m alguns casos podem evoluir com quadro infeccioso grave, inclusive com perfura\u00e7\u00e3o da ves\u00edcula.<\/p>\n<p><img data-recalc-dims=\"1\" loading=\"lazy\" decoding=\"async\" data-attachment-id=\"432\" data-permalink=\"https:\/\/drdouglascaetano.med.br\/novo\/a-cirurgia-pediatrica\/calculos-biliares\/slide1-13\/\" data-orig-file=\"https:\/\/i0.wp.com\/drdouglascaetano.med.br\/novo\/wp-content\/uploads\/2017\/06\/Slide1-4.jpg?fit=718%2C264&amp;ssl=1\" data-orig-size=\"718,264\" data-comments-opened=\"0\" data-image-meta=\"{&quot;aperture&quot;:&quot;0&quot;,&quot;credit&quot;:&quot;&quot;,&quot;camera&quot;:&quot;&quot;,&quot;caption&quot;:&quot;&quot;,&quot;created_timestamp&quot;:&quot;0&quot;,&quot;copyright&quot;:&quot;&quot;,&quot;focal_length&quot;:&quot;0&quot;,&quot;iso&quot;:&quot;0&quot;,&quot;shutter_speed&quot;:&quot;0&quot;,&quot;title&quot;:&quot;&quot;,&quot;orientation&quot;:&quot;1&quot;}\" data-image-title=\"Slide1\" data-image-description=\"\" data-image-caption=\"\" data-medium-file=\"https:\/\/i0.wp.com\/drdouglascaetano.med.br\/novo\/wp-content\/uploads\/2017\/06\/Slide1-4.jpg?fit=300%2C110&amp;ssl=1\" data-large-file=\"https:\/\/i0.wp.com\/drdouglascaetano.med.br\/novo\/wp-content\/uploads\/2017\/06\/Slide1-4.jpg?fit=640%2C235&amp;ssl=1\" class=\"aligncenter  wp-image-432\" src=\"https:\/\/i0.wp.com\/drdouglascaetano.med.br\/novo\/wp-content\/uploads\/2017\/06\/Slide1-4.jpg?resize=634%2C233\" alt=\"\" width=\"634\" height=\"233\" srcset=\"https:\/\/i0.wp.com\/drdouglascaetano.med.br\/novo\/wp-content\/uploads\/2017\/06\/Slide1-4.jpg?w=718&amp;ssl=1 718w, https:\/\/i0.wp.com\/drdouglascaetano.med.br\/novo\/wp-content\/uploads\/2017\/06\/Slide1-4.jpg?resize=300%2C110&amp;ssl=1 300w\" sizes=\"(max-width: 634px) 100vw, 634px\" \/><\/p>\n<p>&nbsp;<\/p>\n<ul>\n<li>\n<h3>Colangite<\/h3>\n<\/li>\n<\/ul>\n<p>Infec\u00e7\u00e3o bacteriana do sistema ductal biliar, causada pela obstru\u00e7\u00e3o biliar e concentra\u00e7\u00e3o de bact\u00e9rias na bile em estase. Os 3 principais sintomas, que formam a famosa <strong>Tr\u00edade de Charcot <\/strong>s\u00e3o: Dor abdominal, icter\u00edcia e febre.<\/p>\n<p>O tratamento exige antibioticoterapia venosa e desobstru\u00e7\u00e3o da via biliar, preferencialmente por Colangiopancreatografia Retr\u00f3grada Endosc\u00f3pica (CPRE)<\/p>\n<p>&nbsp;<\/p>\n<p><img data-recalc-dims=\"1\" loading=\"lazy\" decoding=\"async\" data-attachment-id=\"433\" data-permalink=\"https:\/\/drdouglascaetano.med.br\/novo\/a-cirurgia-pediatrica\/calculos-biliares\/slide1-14\/\" data-orig-file=\"https:\/\/i0.wp.com\/drdouglascaetano.med.br\/novo\/wp-content\/uploads\/2017\/06\/Slide1-5.jpg?fit=611%2C525&amp;ssl=1\" data-orig-size=\"611,525\" data-comments-opened=\"0\" data-image-meta=\"{&quot;aperture&quot;:&quot;0&quot;,&quot;credit&quot;:&quot;&quot;,&quot;camera&quot;:&quot;&quot;,&quot;caption&quot;:&quot;&quot;,&quot;created_timestamp&quot;:&quot;0&quot;,&quot;copyright&quot;:&quot;&quot;,&quot;focal_length&quot;:&quot;0&quot;,&quot;iso&quot;:&quot;0&quot;,&quot;shutter_speed&quot;:&quot;0&quot;,&quot;title&quot;:&quot;&quot;,&quot;orientation&quot;:&quot;1&quot;}\" data-image-title=\"Slide1\" data-image-description=\"\" data-image-caption=\"\" data-medium-file=\"https:\/\/i0.wp.com\/drdouglascaetano.med.br\/novo\/wp-content\/uploads\/2017\/06\/Slide1-5.jpg?fit=300%2C258&amp;ssl=1\" data-large-file=\"https:\/\/i0.wp.com\/drdouglascaetano.med.br\/novo\/wp-content\/uploads\/2017\/06\/Slide1-5.jpg?fit=611%2C525&amp;ssl=1\" class=\"aligncenter  wp-image-433\" src=\"https:\/\/i0.wp.com\/drdouglascaetano.med.br\/novo\/wp-content\/uploads\/2017\/06\/Slide1-5.jpg?resize=421%2C361\" alt=\"\" width=\"421\" height=\"361\" srcset=\"https:\/\/i0.wp.com\/drdouglascaetano.med.br\/novo\/wp-content\/uploads\/2017\/06\/Slide1-5.jpg?w=611&amp;ssl=1 611w, https:\/\/i0.wp.com\/drdouglascaetano.med.br\/novo\/wp-content\/uploads\/2017\/06\/Slide1-5.jpg?resize=300%2C258&amp;ssl=1 300w\" sizes=\"(max-width: 421px) 100vw, 421px\" \/><\/p>\n<p>&nbsp;<\/p>\n<ul>\n<li>\n<h3>Pancretite aguda<\/h3>\n<\/li>\n<\/ul>\n<p>Normalmente o col\u00e9doco une-se ao ducto pancre\u00e1tico em sua por\u00e7\u00e3o final drenando a bile juntamente como suco pancre\u00e1tico pela ampola de Vater para o duodeno. Em situa\u00e7\u00f5es em que o c\u00e1lculo obstrua, mesmo que temporariamente, a drenagem pancre\u00e1tica, pode ocorrer aumento da press\u00e3o no ducto pancre\u00e1tico e ocasionar um processo inflamat\u00f3rio no p\u00e2ncreas. A pancreatite biliar pode apresentar-se desde quadros simples de v\u00f4mitos e dor abdominal, at\u00e9 situa\u00e7\u00f5es extremamente graves.<\/p>\n<p><img data-recalc-dims=\"1\" loading=\"lazy\" decoding=\"async\" data-attachment-id=\"434\" data-permalink=\"https:\/\/drdouglascaetano.med.br\/novo\/a-cirurgia-pediatrica\/calculos-biliares\/slide1-15\/\" data-orig-file=\"https:\/\/i0.wp.com\/drdouglascaetano.med.br\/novo\/wp-content\/uploads\/2017\/06\/Slide1-6.jpg?fit=720%2C540&amp;ssl=1\" data-orig-size=\"720,540\" data-comments-opened=\"0\" data-image-meta=\"{&quot;aperture&quot;:&quot;0&quot;,&quot;credit&quot;:&quot;&quot;,&quot;camera&quot;:&quot;&quot;,&quot;caption&quot;:&quot;&quot;,&quot;created_timestamp&quot;:&quot;0&quot;,&quot;copyright&quot;:&quot;&quot;,&quot;focal_length&quot;:&quot;0&quot;,&quot;iso&quot;:&quot;0&quot;,&quot;shutter_speed&quot;:&quot;0&quot;,&quot;title&quot;:&quot;&quot;,&quot;orientation&quot;:&quot;1&quot;}\" data-image-title=\"Slide1\" data-image-description=\"\" data-image-caption=\"\" data-medium-file=\"https:\/\/i0.wp.com\/drdouglascaetano.med.br\/novo\/wp-content\/uploads\/2017\/06\/Slide1-6.jpg?fit=300%2C225&amp;ssl=1\" data-large-file=\"https:\/\/i0.wp.com\/drdouglascaetano.med.br\/novo\/wp-content\/uploads\/2017\/06\/Slide1-6.jpg?fit=640%2C480&amp;ssl=1\" class=\"aligncenter  wp-image-434\" src=\"https:\/\/i0.wp.com\/drdouglascaetano.med.br\/novo\/wp-content\/uploads\/2017\/06\/Slide1-6.jpg?resize=591%2C443\" alt=\"\" width=\"591\" height=\"443\" srcset=\"https:\/\/i0.wp.com\/drdouglascaetano.med.br\/novo\/wp-content\/uploads\/2017\/06\/Slide1-6.jpg?w=720&amp;ssl=1 720w, https:\/\/i0.wp.com\/drdouglascaetano.med.br\/novo\/wp-content\/uploads\/2017\/06\/Slide1-6.jpg?resize=300%2C225&amp;ssl=1 300w\" sizes=\"(max-width: 591px) 100vw, 591px\" \/><\/p>\n<h2><strong>Todos precisam operar?<\/strong><strong>\u00a0<\/strong><\/h2>\n<p>Especialmente no grupo infantil, h\u00e1 margem para discuss\u00e3o sobre a condu\u00e7\u00e3o dos casos.<\/p>\n<p>Crian\u00e7as acima de 4 anos sempre t\u00eam indica\u00e7\u00e3o cir\u00fargica assim como todos os que apresentem sintomas, em qualquer idade.<\/p>\n<p>Alguns servi\u00e7os defendem que crian\u00e7as menores de 4 anos, sem sintomas e com c\u00e1lculos pequenos e pouco numerosos, possam ser apenas observados com US de 6\/6 meses. Entretanto, a potencial gravidade das complica\u00e7\u00f5es poss\u00edveis e a dificuldade de acesso a servi\u00e7os com capacidade para realizar descompress\u00e3o biliar de urg\u00eancia nessas crian\u00e7as pequenas, fazem com que tamb\u00e9m tenham a indica\u00e7\u00e3o de cirurgia precoce.<\/p>\n<h2><strong>Como \u00e9 a cirurgia?<\/strong><\/h2>\n<p><img data-recalc-dims=\"1\" loading=\"lazy\" decoding=\"async\" data-attachment-id=\"436\" data-permalink=\"https:\/\/drdouglascaetano.med.br\/novo\/a-cirurgia-pediatrica\/calculos-biliares\/slide1-17\/\" data-orig-file=\"https:\/\/i0.wp.com\/drdouglascaetano.med.br\/novo\/wp-content\/uploads\/2017\/06\/Slide1-8.jpg?fit=720%2C540&amp;ssl=1\" data-orig-size=\"720,540\" data-comments-opened=\"0\" data-image-meta=\"{&quot;aperture&quot;:&quot;0&quot;,&quot;credit&quot;:&quot;&quot;,&quot;camera&quot;:&quot;&quot;,&quot;caption&quot;:&quot;&quot;,&quot;created_timestamp&quot;:&quot;0&quot;,&quot;copyright&quot;:&quot;&quot;,&quot;focal_length&quot;:&quot;0&quot;,&quot;iso&quot;:&quot;0&quot;,&quot;shutter_speed&quot;:&quot;0&quot;,&quot;title&quot;:&quot;&quot;,&quot;orientation&quot;:&quot;0&quot;}\" data-image-title=\"Slide1\" data-image-description=\"\" data-image-caption=\"\" data-medium-file=\"https:\/\/i0.wp.com\/drdouglascaetano.med.br\/novo\/wp-content\/uploads\/2017\/06\/Slide1-8.jpg?fit=300%2C225&amp;ssl=1\" data-large-file=\"https:\/\/i0.wp.com\/drdouglascaetano.med.br\/novo\/wp-content\/uploads\/2017\/06\/Slide1-8.jpg?fit=640%2C480&amp;ssl=1\" class=\"aligncenter  wp-image-436\" src=\"https:\/\/i0.wp.com\/drdouglascaetano.med.br\/novo\/wp-content\/uploads\/2017\/06\/Slide1-8.jpg?resize=576%2C432\" alt=\"\" width=\"576\" height=\"432\" srcset=\"https:\/\/i0.wp.com\/drdouglascaetano.med.br\/novo\/wp-content\/uploads\/2017\/06\/Slide1-8.jpg?w=720&amp;ssl=1 720w, https:\/\/i0.wp.com\/drdouglascaetano.med.br\/novo\/wp-content\/uploads\/2017\/06\/Slide1-8.jpg?resize=300%2C225&amp;ssl=1 300w\" sizes=\"(max-width: 576px) 100vw, 576px\" \/><\/p>\n<p><img data-recalc-dims=\"1\" loading=\"lazy\" decoding=\"async\" data-attachment-id=\"435\" data-permalink=\"https:\/\/drdouglascaetano.med.br\/novo\/a-cirurgia-pediatrica\/calculos-biliares\/slide1-16\/\" data-orig-file=\"https:\/\/i0.wp.com\/drdouglascaetano.med.br\/novo\/wp-content\/uploads\/2017\/06\/Slide1-7.jpg?fit=700%2C418&amp;ssl=1\" data-orig-size=\"700,418\" data-comments-opened=\"0\" data-image-meta=\"{&quot;aperture&quot;:&quot;0&quot;,&quot;credit&quot;:&quot;&quot;,&quot;camera&quot;:&quot;&quot;,&quot;caption&quot;:&quot;&quot;,&quot;created_timestamp&quot;:&quot;0&quot;,&quot;copyright&quot;:&quot;&quot;,&quot;focal_length&quot;:&quot;0&quot;,&quot;iso&quot;:&quot;0&quot;,&quot;shutter_speed&quot;:&quot;0&quot;,&quot;title&quot;:&quot;&quot;,&quot;orientation&quot;:&quot;1&quot;}\" data-image-title=\"Slide1\" data-image-description=\"\" data-image-caption=\"\" data-medium-file=\"https:\/\/i0.wp.com\/drdouglascaetano.med.br\/novo\/wp-content\/uploads\/2017\/06\/Slide1-7.jpg?fit=300%2C179&amp;ssl=1\" data-large-file=\"https:\/\/i0.wp.com\/drdouglascaetano.med.br\/novo\/wp-content\/uploads\/2017\/06\/Slide1-7.jpg?fit=640%2C382&amp;ssl=1\" class=\"aligncenter  wp-image-435\" src=\"https:\/\/i0.wp.com\/drdouglascaetano.med.br\/novo\/wp-content\/uploads\/2017\/06\/Slide1-7.jpg?resize=534%2C319\" alt=\"\" width=\"534\" height=\"319\" srcset=\"https:\/\/i0.wp.com\/drdouglascaetano.med.br\/novo\/wp-content\/uploads\/2017\/06\/Slide1-7.jpg?w=700&amp;ssl=1 700w, https:\/\/i0.wp.com\/drdouglascaetano.med.br\/novo\/wp-content\/uploads\/2017\/06\/Slide1-7.jpg?resize=300%2C179&amp;ssl=1 300w\" sizes=\"(max-width: 534px) 100vw, 534px\" \/><\/p>\n<ol>\n<li>Abertura da cicatriz umbilical e introdu\u00e7\u00e3o da \u00f3tica ap\u00f3s confec\u00e7\u00e3o de pneumoperit\u00f4nio;<\/li>\n<li>Introdu\u00e7\u00e3o de mais 2 ou 3 pi\u00e7as por trocartes;<\/li>\n<li>Localiza\u00e7\u00e3o da ves\u00edcula biliar;<\/li>\n<li>Individualiza\u00e7\u00e3o e sec\u00e7\u00e3o do dueto biliar e da art\u00e9ria biliar;<\/li>\n<li>Descolamento e retirada da ves\u00edcula biliar<\/li>\n<\/ol>\n<p>P\u00f3s-operat\u00f3rio<\/p>\n<p>Em geral as crian\u00e7as evoluem com boa recupera\u00e7\u00e3o p\u00f3s-operat\u00f3ria, como dor de baixa intensidade e facilmente tratadas com analg\u00e9sicos orais. C\u00e1lculos residuais em vias biliares s\u00e3o extremamente raros na inf\u00e2ncia ou adolesc\u00eancia.<\/p>\n<p>H\u00e1 um per\u00edodo de adapta\u00e7\u00e3o do sistema digestivo \u00e0 retida da ves\u00edcula. Esse per\u00edodo \u00e9 vari\u00e1vel e geralmente menor e menos intenso nas crian\u00e7as, mas pode durar at\u00e9 3 meses e cursar com intoler\u00e2ncia a alimentos gordurosos.<\/p>\n<p>Esteticamente as cicatrizes s\u00e3o quase impercept\u00edveis.<\/p>\n<p>&nbsp;<\/p>\n","protected":false},"excerpt":{"rendered":"<p>Lit\u00edase Biliar Crian\u00e7as t\u00eam c\u00e1lculo na ves\u00edcula biliar? A lit\u00edase biliar, tamb\u00e9m chamados de c\u00e1lculos biliares \u00e9 rara na idade pedi\u00e1trica. Enquanto na popula\u00e7\u00e3o adulta entre 30 e 65 anos 9,5% dos homens e 20% das mulheres apresentam c\u00e1lculo na ves\u00edcula biliar ou nas vias biliares, apenas 0,1-2% das crian\u00e7as apresentam o problema. O que&#8230;<\/p>\n","protected":false},"author":1,"featured_media":0,"parent":9,"menu_order":0,"comment_status":"closed","ping_status":"closed","template":"","meta":{"advanced_seo_description":"","jetpack_seo_html_title":"","jetpack_seo_noindex":false,"jetpack_post_was_ever_published":false,"footnotes":""},"class_list":["post-426","page","type-page","status-publish","hentry"],"jetpack_sharing_enabled":true,"jetpack_shortlink":"https:\/\/wp.me\/P8zks0-6S","jetpack-related-posts":[],"_links":{"self":[{"href":"https:\/\/drdouglascaetano.med.br\/novo\/wp-json\/wp\/v2\/pages\/426","targetHints":{"allow":["GET"]}}],"collection":[{"href":"https:\/\/drdouglascaetano.med.br\/novo\/wp-json\/wp\/v2\/pages"}],"about":[{"href":"https:\/\/drdouglascaetano.med.br\/novo\/wp-json\/wp\/v2\/types\/page"}],"author":[{"embeddable":true,"href":"https:\/\/drdouglascaetano.med.br\/novo\/wp-json\/wp\/v2\/users\/1"}],"replies":[{"embeddable":true,"href":"https:\/\/drdouglascaetano.med.br\/novo\/wp-json\/wp\/v2\/comments?post=426"}],"version-history":[{"count":3,"href":"https:\/\/drdouglascaetano.med.br\/novo\/wp-json\/wp\/v2\/pages\/426\/revisions"}],"predecessor-version":[{"id":441,"href":"https:\/\/drdouglascaetano.med.br\/novo\/wp-json\/wp\/v2\/pages\/426\/revisions\/441"}],"up":[{"embeddable":true,"href":"https:\/\/drdouglascaetano.med.br\/novo\/wp-json\/wp\/v2\/pages\/9"}],"wp:attachment":[{"href":"https:\/\/drdouglascaetano.med.br\/novo\/wp-json\/wp\/v2\/media?parent=426"}],"curies":[{"name":"wp","href":"https:\/\/api.w.org\/{rel}","templated":true}]}}