{"id":78,"date":"2017-03-30T19:55:10","date_gmt":"2017-03-30T19:55:10","guid":{"rendered":"http:\/\/drdouglascaetano.med.br\/novo\/?page_id=78"},"modified":"2017-03-31T00:46:44","modified_gmt":"2017-03-31T00:46:44","slug":"hernia-umbilical","status":"publish","type":"page","link":"https:\/\/drdouglascaetano.med.br\/novo\/casos-frequentes\/hernia-umbilical\/","title":{"rendered":"H\u00e9rnia umbilical"},"content":{"rendered":"<p><strong>O que \u00e9?<\/strong><\/p>\n<p>\u00c9 o defeito do fechamento da estrutura fibromuscular do anel umbilical, permitindo a protrus\u00e3o de \u00f3rg\u00e3os intra-abdominal atrav\u00e9s da falha, que pode ser notada como abaulamento da \u00a0 cicatriz umbilical. Geralmente al\u00e7as intestinais.<\/p>\n<p style=\"text-align: center;\"><img data-recalc-dims=\"1\" fetchpriority=\"high\" decoding=\"async\" data-attachment-id=\"186\" data-permalink=\"https:\/\/drdouglascaetano.med.br\/novo\/casos-frequentes\/hernia-umbilical\/hernia_umbilical_14\/\" data-orig-file=\"https:\/\/i0.wp.com\/drdouglascaetano.med.br\/novo\/wp-content\/uploads\/2017\/03\/hernia_umbilical_14.jpg?fit=700%2C300&amp;ssl=1\" data-orig-size=\"700,300\" data-comments-opened=\"0\" data-image-meta=\"{&quot;aperture&quot;:&quot;0&quot;,&quot;credit&quot;:&quot;&quot;,&quot;camera&quot;:&quot;&quot;,&quot;caption&quot;:&quot;&quot;,&quot;created_timestamp&quot;:&quot;0&quot;,&quot;copyright&quot;:&quot;&quot;,&quot;focal_length&quot;:&quot;0&quot;,&quot;iso&quot;:&quot;0&quot;,&quot;shutter_speed&quot;:&quot;0&quot;,&quot;title&quot;:&quot;&quot;,&quot;orientation&quot;:&quot;0&quot;}\" data-image-title=\"hernia_umbilical_14\" data-image-description=\"\" data-image-caption=\"\" data-medium-file=\"https:\/\/i0.wp.com\/drdouglascaetano.med.br\/novo\/wp-content\/uploads\/2017\/03\/hernia_umbilical_14.jpg?fit=300%2C129&amp;ssl=1\" data-large-file=\"https:\/\/i0.wp.com\/drdouglascaetano.med.br\/novo\/wp-content\/uploads\/2017\/03\/hernia_umbilical_14.jpg?fit=640%2C274&amp;ssl=1\" class=\"aligncenter size-full wp-image-186\" src=\"https:\/\/i0.wp.com\/drdouglascaetano.med.br\/novo\/wp-content\/uploads\/2017\/03\/hernia_umbilical_14.jpg?resize=640%2C274\" alt=\"\" width=\"640\" height=\"274\" srcset=\"https:\/\/i0.wp.com\/drdouglascaetano.med.br\/novo\/wp-content\/uploads\/2017\/03\/hernia_umbilical_14.jpg?w=700&amp;ssl=1 700w, https:\/\/i0.wp.com\/drdouglascaetano.med.br\/novo\/wp-content\/uploads\/2017\/03\/hernia_umbilical_14.jpg?resize=300%2C129&amp;ssl=1 300w\" sizes=\"(max-width: 640px) 100vw, 640px\" \/><\/p>\n<p><strong>Por que acontece?<\/strong><\/p>\n<p>Durante a vida embrion\u00e1ria, o umbigo \u00e9 formado por diversas estruturas como saco vitelino, alant\u00f3ide, \u00e2mnio e vasos umbilicais. Parte do desenvolvimento do intestino, nesse per\u00edodo ocorre fora do corpo do embri\u00e3o, atrav\u00e9s do anel umbilical. O retorno do intestino ao interior do beb\u00ea ocorre at\u00e9 10<sup>a <\/sup>semana de gesta\u00e7\u00e3o, quando ent\u00e3o ocorrer\u00e1 produ\u00e7\u00e3o um tecido conectivo denso que ir\u00e1 ocupar o anel umbilical. Ap\u00f3s o nascimento as estruturas que comp\u00f5em o umbigo perder\u00e3o sua fun\u00e7\u00e3o e com isso acontece uma contra\u00e7\u00e3o do anel umbilical at\u00e9 que se feche totalmente. As crian\u00e7as com h\u00e9rnia umbilical apresentam falha nesse processo de fechamento.<\/p>\n<p style=\"text-align: center;\"><img data-recalc-dims=\"1\" decoding=\"async\" data-attachment-id=\"187\" data-permalink=\"https:\/\/drdouglascaetano.med.br\/novo\/casos-frequentes\/hernia-umbilical\/hernia-umbilical-03\/\" data-orig-file=\"https:\/\/i0.wp.com\/drdouglascaetano.med.br\/novo\/wp-content\/uploads\/2017\/03\/H%C3%A9rnia-umbilical-03.png?fit=865%2C338&amp;ssl=1\" data-orig-size=\"865,338\" data-comments-opened=\"0\" data-image-meta=\"{&quot;aperture&quot;:&quot;0&quot;,&quot;credit&quot;:&quot;&quot;,&quot;camera&quot;:&quot;&quot;,&quot;caption&quot;:&quot;&quot;,&quot;created_timestamp&quot;:&quot;0&quot;,&quot;copyright&quot;:&quot;&quot;,&quot;focal_length&quot;:&quot;0&quot;,&quot;iso&quot;:&quot;0&quot;,&quot;shutter_speed&quot;:&quot;0&quot;,&quot;title&quot;:&quot;&quot;,&quot;orientation&quot;:&quot;0&quot;}\" data-image-title=\"H\u00e9rnia-umbilical-03\" data-image-description=\"\" data-image-caption=\"\" data-medium-file=\"https:\/\/i0.wp.com\/drdouglascaetano.med.br\/novo\/wp-content\/uploads\/2017\/03\/H%C3%A9rnia-umbilical-03.png?fit=300%2C117&amp;ssl=1\" data-large-file=\"https:\/\/i0.wp.com\/drdouglascaetano.med.br\/novo\/wp-content\/uploads\/2017\/03\/H%C3%A9rnia-umbilical-03.png?fit=640%2C250&amp;ssl=1\" class=\"aligncenter size-full wp-image-187\" src=\"https:\/\/i0.wp.com\/drdouglascaetano.med.br\/novo\/wp-content\/uploads\/2017\/03\/H%C3%A9rnia-umbilical-03.png?resize=640%2C250\" alt=\"\" width=\"640\" height=\"250\" srcset=\"https:\/\/i0.wp.com\/drdouglascaetano.med.br\/novo\/wp-content\/uploads\/2017\/03\/H%C3%A9rnia-umbilical-03.png?w=865&amp;ssl=1 865w, https:\/\/i0.wp.com\/drdouglascaetano.med.br\/novo\/wp-content\/uploads\/2017\/03\/H%C3%A9rnia-umbilical-03.png?resize=300%2C117&amp;ssl=1 300w, https:\/\/i0.wp.com\/drdouglascaetano.med.br\/novo\/wp-content\/uploads\/2017\/03\/H%C3%A9rnia-umbilical-03.png?resize=768%2C300&amp;ssl=1 768w\" sizes=\"(max-width: 640px) 100vw, 640px\" \/><\/p>\n<p><strong><img data-recalc-dims=\"1\" decoding=\"async\" data-attachment-id=\"195\" data-permalink=\"https:\/\/drdouglascaetano.med.br\/novo\/casos-frequentes\/hernia-umbilical\/hernia-inguinal-prematuro\/\" data-orig-file=\"https:\/\/i0.wp.com\/drdouglascaetano.med.br\/novo\/wp-content\/uploads\/2017\/03\/hernia-inguinal-prematuro.jpg?fit=393%2C273&amp;ssl=1\" data-orig-size=\"393,273\" data-comments-opened=\"0\" data-image-meta=\"{&quot;aperture&quot;:&quot;0&quot;,&quot;credit&quot;:&quot;&quot;,&quot;camera&quot;:&quot;&quot;,&quot;caption&quot;:&quot;&quot;,&quot;created_timestamp&quot;:&quot;0&quot;,&quot;copyright&quot;:&quot;&quot;,&quot;focal_length&quot;:&quot;0&quot;,&quot;iso&quot;:&quot;0&quot;,&quot;shutter_speed&quot;:&quot;0&quot;,&quot;title&quot;:&quot;&quot;,&quot;orientation&quot;:&quot;1&quot;}\" data-image-title=\"hernia-inguinal-prematuro\" data-image-description=\"\" data-image-caption=\"\" data-medium-file=\"https:\/\/i0.wp.com\/drdouglascaetano.med.br\/novo\/wp-content\/uploads\/2017\/03\/hernia-inguinal-prematuro.jpg?fit=300%2C208&amp;ssl=1\" data-large-file=\"https:\/\/i0.wp.com\/drdouglascaetano.med.br\/novo\/wp-content\/uploads\/2017\/03\/hernia-inguinal-prematuro.jpg?fit=393%2C273&amp;ssl=1\" class=\"alignleft size-medium wp-image-195\" src=\"https:\/\/i0.wp.com\/drdouglascaetano.med.br\/novo\/wp-content\/uploads\/2017\/03\/hernia-inguinal-prematuro-300x208.jpg?resize=300%2C208\" alt=\"\" width=\"300\" height=\"208\" srcset=\"https:\/\/i0.wp.com\/drdouglascaetano.med.br\/novo\/wp-content\/uploads\/2017\/03\/hernia-inguinal-prematuro.jpg?resize=300%2C208&amp;ssl=1 300w, https:\/\/i0.wp.com\/drdouglascaetano.med.br\/novo\/wp-content\/uploads\/2017\/03\/hernia-inguinal-prematuro.jpg?w=393&amp;ssl=1 393w\" sizes=\"(max-width: 300px) 100vw, 300px\" \/>Incid\u00eancia<\/strong><\/p>\n<p>A incid\u00eancia geral \u00e9 de 20%, mas alguns fatores de risco fazem essa frequ\u00eancia aumentar. Crian\u00e7as da ra\u00e7a negra t\u00eam 2 vezes mais chance de apresentar o problema. A desnutri\u00e7\u00e3o tamb\u00e9m \u00e9 um fator de risco importante assim como a prematuridade. Beb\u00eas prematuros, entre 1kg e 1,5kg, apresentam uma chance de at\u00e9 80% de possu\u00edrem h\u00e9rnia umbilical.<\/p>\n<p><strong>\u00c9 perigoso?<\/strong><\/p>\n<p>Raramente na crian\u00e7a ocorre alguma complica\u00e7\u00e3o como encarceramento, estrangulamento ou perfura\u00e7\u00e3o. A dor abdominal \u00e9 uma preocupa\u00e7\u00e3o constante dos pais, entretanto, exceto quando ocorre alguma das complica\u00e7\u00f5es acima, a h\u00e9rnia umbilical n\u00e3o \u00e9 a respons\u00e1vel por essa queixa. Na grande maioria dos casos n\u00e3o h\u00e1 sintomas e \u00e9 bastante comum n\u00e3o ser notada pelos pais at\u00e9 ficarem maiores ou serem percebidas durante consultas por outros motivos.<\/p>\n<p><img data-recalc-dims=\"1\" loading=\"lazy\" decoding=\"async\" data-attachment-id=\"196\" data-permalink=\"https:\/\/drdouglascaetano.med.br\/novo\/casos-frequentes\/hernia-umbilical\/hernia_umbilical_15\/\" data-orig-file=\"https:\/\/i0.wp.com\/drdouglascaetano.med.br\/novo\/wp-content\/uploads\/2017\/03\/hernia_umbilical_15.jpg?fit=700%2C300&amp;ssl=1\" data-orig-size=\"700,300\" data-comments-opened=\"0\" data-image-meta=\"{&quot;aperture&quot;:&quot;0&quot;,&quot;credit&quot;:&quot;&quot;,&quot;camera&quot;:&quot;&quot;,&quot;caption&quot;:&quot;&quot;,&quot;created_timestamp&quot;:&quot;0&quot;,&quot;copyright&quot;:&quot;&quot;,&quot;focal_length&quot;:&quot;0&quot;,&quot;iso&quot;:&quot;0&quot;,&quot;shutter_speed&quot;:&quot;0&quot;,&quot;title&quot;:&quot;&quot;,&quot;orientation&quot;:&quot;0&quot;}\" data-image-title=\"hernia_umbilical_15\" data-image-description=\"\" data-image-caption=\"\" data-medium-file=\"https:\/\/i0.wp.com\/drdouglascaetano.med.br\/novo\/wp-content\/uploads\/2017\/03\/hernia_umbilical_15.jpg?fit=300%2C129&amp;ssl=1\" data-large-file=\"https:\/\/i0.wp.com\/drdouglascaetano.med.br\/novo\/wp-content\/uploads\/2017\/03\/hernia_umbilical_15.jpg?fit=640%2C274&amp;ssl=1\" class=\"aligncenter size-full wp-image-196\" src=\"https:\/\/i0.wp.com\/drdouglascaetano.med.br\/novo\/wp-content\/uploads\/2017\/03\/hernia_umbilical_15.jpg?resize=640%2C274\" alt=\"\" width=\"640\" height=\"274\" srcset=\"https:\/\/i0.wp.com\/drdouglascaetano.med.br\/novo\/wp-content\/uploads\/2017\/03\/hernia_umbilical_15.jpg?w=700&amp;ssl=1 700w, https:\/\/i0.wp.com\/drdouglascaetano.med.br\/novo\/wp-content\/uploads\/2017\/03\/hernia_umbilical_15.jpg?resize=300%2C129&amp;ssl=1 300w\" sizes=\"(max-width: 640px) 100vw, 640px\" \/><\/p>\n<p><strong>H\u00e9rnia umbilical estrangulada<\/strong><\/p>\n<p>Quando operar?<\/p>\n<p>Dos beb\u00eas que apresentam h\u00e9rnia umbilical, cerca de 80% apresentar\u00e3o fechamento espont\u00e2neo at\u00e9 os 3 anos de idade devido ao aumento da musculatura abdominal e quanto menor a h\u00e9rnia, maior essa chance. As menores que 1 cm provavelmente fechar\u00e3o sozinhas, sendo mais dif\u00edcil nas acima de 1,5 cm e improv\u00e1vel nas maiores que 2 cm. Dessa forma a cirurgia est\u00e1 indicada nas crian\u00e7as acima de 3 anos e nas h\u00e9rnia ma<br \/>\nores que 2 cm ou que apresentem alguma complica\u00e7\u00e3o.<\/p>\n<p>Como \u00e9 a cirurgia?<\/p>\n<p>A crian\u00e7a recebe anestesia geral e o procedimento cir\u00fargico \u00e9 realizado da seguinte forma:<\/p>\n<figure id=\"attachment_171\" class=\"wp-caption aligncenter\">\n<p><figure id=\"attachment_190\" aria-describedby=\"caption-attachment-190\" style=\"width: 329px\" class=\"wp-caption aligncenter\"><img data-recalc-dims=\"1\" loading=\"lazy\" decoding=\"async\" data-attachment-id=\"190\" data-permalink=\"https:\/\/drdouglascaetano.med.br\/novo\/casos-frequentes\/hernia-umbilical\/hernia-umbilical-06\/\" data-orig-file=\"https:\/\/i0.wp.com\/drdouglascaetano.med.br\/novo\/wp-content\/uploads\/2017\/03\/H%C3%A9rnia-umbilical-06.png?fit=517%2C550&amp;ssl=1\" data-orig-size=\"517,550\" data-comments-opened=\"0\" data-image-meta=\"{&quot;aperture&quot;:&quot;0&quot;,&quot;credit&quot;:&quot;&quot;,&quot;camera&quot;:&quot;&quot;,&quot;caption&quot;:&quot;&quot;,&quot;created_timestamp&quot;:&quot;0&quot;,&quot;copyright&quot;:&quot;&quot;,&quot;focal_length&quot;:&quot;0&quot;,&quot;iso&quot;:&quot;0&quot;,&quot;shutter_speed&quot;:&quot;0&quot;,&quot;title&quot;:&quot;&quot;,&quot;orientation&quot;:&quot;0&quot;}\" data-image-title=\"H\u00e9rnia-umbilical-06\" data-image-description=\"\" data-image-caption=\"&lt;p&gt;Incis\u00e3o semi-circular na margem inferior do umbigo&lt;\/p&gt;\n\" data-medium-file=\"https:\/\/i0.wp.com\/drdouglascaetano.med.br\/novo\/wp-content\/uploads\/2017\/03\/H%C3%A9rnia-umbilical-06.png?fit=282%2C300&amp;ssl=1\" data-large-file=\"https:\/\/i0.wp.com\/drdouglascaetano.med.br\/novo\/wp-content\/uploads\/2017\/03\/H%C3%A9rnia-umbilical-06.png?fit=517%2C550&amp;ssl=1\" class=\" wp-image-190\" src=\"https:\/\/i0.wp.com\/drdouglascaetano.med.br\/novo\/wp-content\/uploads\/2017\/03\/H%C3%A9rnia-umbilical-06.png?resize=329%2C350\" alt=\"\" width=\"329\" height=\"350\" srcset=\"https:\/\/i0.wp.com\/drdouglascaetano.med.br\/novo\/wp-content\/uploads\/2017\/03\/H%C3%A9rnia-umbilical-06.png?w=517&amp;ssl=1 517w, https:\/\/i0.wp.com\/drdouglascaetano.med.br\/novo\/wp-content\/uploads\/2017\/03\/H%C3%A9rnia-umbilical-06.png?resize=282%2C300&amp;ssl=1 282w\" sizes=\"(max-width: 329px) 100vw, 329px\" \/><figcaption id=\"caption-attachment-190\" class=\"wp-caption-text\">Incis\u00e3o semi-circular na margem inferior do umbigo<\/figcaption><\/figure><figcaption id=\"figcaption_attachment_171\" class=\"wp-caption-text\"><\/figcaption><\/figure>\n<figure id=\"attachment_191\" aria-describedby=\"caption-attachment-191\" style=\"width: 326px\" class=\"wp-caption aligncenter\"><img data-recalc-dims=\"1\" loading=\"lazy\" decoding=\"async\" data-attachment-id=\"191\" data-permalink=\"https:\/\/drdouglascaetano.med.br\/novo\/casos-frequentes\/hernia-umbilical\/hernia-umbilical-07\/\" data-orig-file=\"https:\/\/i0.wp.com\/drdouglascaetano.med.br\/novo\/wp-content\/uploads\/2017\/03\/H%C3%A9rnia-umbilical-07.png?fit=560%2C520&amp;ssl=1\" data-orig-size=\"560,520\" data-comments-opened=\"0\" data-image-meta=\"{&quot;aperture&quot;:&quot;0&quot;,&quot;credit&quot;:&quot;&quot;,&quot;camera&quot;:&quot;&quot;,&quot;caption&quot;:&quot;&quot;,&quot;created_timestamp&quot;:&quot;0&quot;,&quot;copyright&quot;:&quot;&quot;,&quot;focal_length&quot;:&quot;0&quot;,&quot;iso&quot;:&quot;0&quot;,&quot;shutter_speed&quot;:&quot;0&quot;,&quot;title&quot;:&quot;&quot;,&quot;orientation&quot;:&quot;0&quot;}\" data-image-title=\"H\u00e9rnia-umbilical-07\" data-image-description=\"\" data-image-caption=\"&lt;p&gt;Isolamento do saco herni\u00e1rio&lt;\/p&gt;\n\" data-medium-file=\"https:\/\/i0.wp.com\/drdouglascaetano.med.br\/novo\/wp-content\/uploads\/2017\/03\/H%C3%A9rnia-umbilical-07.png?fit=300%2C279&amp;ssl=1\" data-large-file=\"https:\/\/i0.wp.com\/drdouglascaetano.med.br\/novo\/wp-content\/uploads\/2017\/03\/H%C3%A9rnia-umbilical-07.png?fit=560%2C520&amp;ssl=1\" class=\" wp-image-191\" src=\"https:\/\/i0.wp.com\/drdouglascaetano.med.br\/novo\/wp-content\/uploads\/2017\/03\/H%C3%A9rnia-umbilical-07.png?resize=326%2C303\" alt=\"\" width=\"326\" height=\"303\" srcset=\"https:\/\/i0.wp.com\/drdouglascaetano.med.br\/novo\/wp-content\/uploads\/2017\/03\/H%C3%A9rnia-umbilical-07.png?w=560&amp;ssl=1 560w, https:\/\/i0.wp.com\/drdouglascaetano.med.br\/novo\/wp-content\/uploads\/2017\/03\/H%C3%A9rnia-umbilical-07.png?resize=300%2C279&amp;ssl=1 300w\" sizes=\"(max-width: 326px) 100vw, 326px\" \/><figcaption id=\"caption-attachment-191\" class=\"wp-caption-text\">Isolamento do saco herni\u00e1rio<\/figcaption><\/figure>\n<figure id=\"attachment_172\" class=\"wp-caption aligncenter\"><figcaption id=\"figcaption_attachment_172\" class=\"wp-caption-text\"><\/figcaption><\/figure>\n<figure id=\"attachment_192\" aria-describedby=\"caption-attachment-192\" style=\"width: 342px\" class=\"wp-caption aligncenter\"><img data-recalc-dims=\"1\" loading=\"lazy\" decoding=\"async\" data-attachment-id=\"192\" data-permalink=\"https:\/\/drdouglascaetano.med.br\/novo\/casos-frequentes\/hernia-umbilical\/hernia-umbilical-08\/\" data-orig-file=\"https:\/\/i0.wp.com\/drdouglascaetano.med.br\/novo\/wp-content\/uploads\/2017\/03\/H%C3%A9rnia-umbilical-08.png?fit=520%2C499&amp;ssl=1\" data-orig-size=\"520,499\" data-comments-opened=\"0\" data-image-meta=\"{&quot;aperture&quot;:&quot;0&quot;,&quot;credit&quot;:&quot;&quot;,&quot;camera&quot;:&quot;&quot;,&quot;caption&quot;:&quot;&quot;,&quot;created_timestamp&quot;:&quot;0&quot;,&quot;copyright&quot;:&quot;&quot;,&quot;focal_length&quot;:&quot;0&quot;,&quot;iso&quot;:&quot;0&quot;,&quot;shutter_speed&quot;:&quot;0&quot;,&quot;title&quot;:&quot;&quot;,&quot;orientation&quot;:&quot;0&quot;}\" data-image-title=\"H\u00e9rnia-umbilical-08\" data-image-description=\"\" data-image-caption=\"&lt;p&gt;Separa\u00e7\u00e3o do saco herni\u00e1rio da cicatriz umbilical&lt;\/p&gt;\n\" data-medium-file=\"https:\/\/i0.wp.com\/drdouglascaetano.med.br\/novo\/wp-content\/uploads\/2017\/03\/H%C3%A9rnia-umbilical-08.png?fit=300%2C288&amp;ssl=1\" data-large-file=\"https:\/\/i0.wp.com\/drdouglascaetano.med.br\/novo\/wp-content\/uploads\/2017\/03\/H%C3%A9rnia-umbilical-08.png?fit=520%2C499&amp;ssl=1\" class=\" wp-image-192\" src=\"https:\/\/i0.wp.com\/drdouglascaetano.med.br\/novo\/wp-content\/uploads\/2017\/03\/H%C3%A9rnia-umbilical-08.png?resize=342%2C328\" alt=\"\" width=\"342\" height=\"328\" srcset=\"https:\/\/i0.wp.com\/drdouglascaetano.med.br\/novo\/wp-content\/uploads\/2017\/03\/H%C3%A9rnia-umbilical-08.png?w=520&amp;ssl=1 520w, https:\/\/i0.wp.com\/drdouglascaetano.med.br\/novo\/wp-content\/uploads\/2017\/03\/H%C3%A9rnia-umbilical-08.png?resize=300%2C288&amp;ssl=1 300w\" sizes=\"(max-width: 342px) 100vw, 342px\" \/><figcaption id=\"caption-attachment-192\" class=\"wp-caption-text\">Separa\u00e7\u00e3o do saco herni\u00e1rio da cicatriz umbilical<\/figcaption><\/figure>\n<figure id=\"attachment_173\" class=\"wp-caption aligncenter\"><figcaption id=\"figcaption_attachment_173\" class=\"wp-caption-text\"><\/figcaption><\/figure>\n<figure id=\"attachment_193\" aria-describedby=\"caption-attachment-193\" style=\"width: 337px\" class=\"wp-caption aligncenter\"><img data-recalc-dims=\"1\" loading=\"lazy\" decoding=\"async\" data-attachment-id=\"193\" data-permalink=\"https:\/\/drdouglascaetano.med.br\/novo\/casos-frequentes\/hernia-umbilical\/hernia-umbilical-09\/\" data-orig-file=\"https:\/\/i0.wp.com\/drdouglascaetano.med.br\/novo\/wp-content\/uploads\/2017\/03\/H%C3%A9rnia-umbilical-09.png?fit=520%2C506&amp;ssl=1\" data-orig-size=\"520,506\" data-comments-opened=\"0\" data-image-meta=\"{&quot;aperture&quot;:&quot;0&quot;,&quot;credit&quot;:&quot;&quot;,&quot;camera&quot;:&quot;&quot;,&quot;caption&quot;:&quot;&quot;,&quot;created_timestamp&quot;:&quot;0&quot;,&quot;copyright&quot;:&quot;&quot;,&quot;focal_length&quot;:&quot;0&quot;,&quot;iso&quot;:&quot;0&quot;,&quot;shutter_speed&quot;:&quot;0&quot;,&quot;title&quot;:&quot;&quot;,&quot;orientation&quot;:&quot;0&quot;}\" data-image-title=\"H\u00e9rnia-umbilical-09\" data-image-description=\"\" data-image-caption=\"&lt;p&gt;Fechamento do orif\u00edcio herni\u00e1rio e fixa\u00e7\u00e3o da cicatriz umbilical&lt;\/p&gt;\n\" data-medium-file=\"https:\/\/i0.wp.com\/drdouglascaetano.med.br\/novo\/wp-content\/uploads\/2017\/03\/H%C3%A9rnia-umbilical-09.png?fit=300%2C292&amp;ssl=1\" data-large-file=\"https:\/\/i0.wp.com\/drdouglascaetano.med.br\/novo\/wp-content\/uploads\/2017\/03\/H%C3%A9rnia-umbilical-09.png?fit=520%2C506&amp;ssl=1\" class=\" wp-image-193\" src=\"https:\/\/i0.wp.com\/drdouglascaetano.med.br\/novo\/wp-content\/uploads\/2017\/03\/H%C3%A9rnia-umbilical-09.png?resize=337%2C328\" alt=\"\" width=\"337\" height=\"328\" srcset=\"https:\/\/i0.wp.com\/drdouglascaetano.med.br\/novo\/wp-content\/uploads\/2017\/03\/H%C3%A9rnia-umbilical-09.png?w=520&amp;ssl=1 520w, https:\/\/i0.wp.com\/drdouglascaetano.med.br\/novo\/wp-content\/uploads\/2017\/03\/H%C3%A9rnia-umbilical-09.png?resize=300%2C292&amp;ssl=1 300w\" sizes=\"(max-width: 337px) 100vw, 337px\" \/><figcaption id=\"caption-attachment-193\" class=\"wp-caption-text\">Fechamento do orif\u00edcio herni\u00e1rio e fixa\u00e7\u00e3o da cicatriz umbilical<\/figcaption><\/figure>\n<figure id=\"attachment_174\" class=\"wp-caption aligncenter\"><figcaption id=\"figcaption_attachment_174\" class=\"wp-caption-text\"><\/figcaption><\/figure>\n<figure id=\"attachment_175\" class=\"wp-caption aligncenter\">\n<p><figure id=\"attachment_194\" aria-describedby=\"caption-attachment-194\" style=\"width: 348px\" class=\"wp-caption aligncenter\"><img data-recalc-dims=\"1\" loading=\"lazy\" decoding=\"async\" data-attachment-id=\"194\" data-permalink=\"https:\/\/drdouglascaetano.med.br\/novo\/casos-frequentes\/hernia-umbilical\/hernia-umbilical-10\/\" data-orig-file=\"https:\/\/i0.wp.com\/drdouglascaetano.med.br\/novo\/wp-content\/uploads\/2017\/03\/H%C3%A9rnia-umbilical-10.png?fit=580%2C644&amp;ssl=1\" data-orig-size=\"580,644\" data-comments-opened=\"0\" data-image-meta=\"{&quot;aperture&quot;:&quot;0&quot;,&quot;credit&quot;:&quot;&quot;,&quot;camera&quot;:&quot;&quot;,&quot;caption&quot;:&quot;&quot;,&quot;created_timestamp&quot;:&quot;0&quot;,&quot;copyright&quot;:&quot;&quot;,&quot;focal_length&quot;:&quot;0&quot;,&quot;iso&quot;:&quot;0&quot;,&quot;shutter_speed&quot;:&quot;0&quot;,&quot;title&quot;:&quot;&quot;,&quot;orientation&quot;:&quot;0&quot;}\" data-image-title=\"H\u00e9rnia-umbilical-10\" data-image-description=\"\" data-image-caption=\"&lt;p&gt;Fechamento da pele com pontos intrad\u00e9rmicos&lt;\/p&gt;\n\" data-medium-file=\"https:\/\/i0.wp.com\/drdouglascaetano.med.br\/novo\/wp-content\/uploads\/2017\/03\/H%C3%A9rnia-umbilical-10.png?fit=270%2C300&amp;ssl=1\" data-large-file=\"https:\/\/i0.wp.com\/drdouglascaetano.med.br\/novo\/wp-content\/uploads\/2017\/03\/H%C3%A9rnia-umbilical-10.png?fit=580%2C644&amp;ssl=1\" class=\" wp-image-194\" src=\"https:\/\/i0.wp.com\/drdouglascaetano.med.br\/novo\/wp-content\/uploads\/2017\/03\/H%C3%A9rnia-umbilical-10.png?resize=348%2C386\" alt=\"\" width=\"348\" height=\"386\" srcset=\"https:\/\/i0.wp.com\/drdouglascaetano.med.br\/novo\/wp-content\/uploads\/2017\/03\/H%C3%A9rnia-umbilical-10.png?w=580&amp;ssl=1 580w, https:\/\/i0.wp.com\/drdouglascaetano.med.br\/novo\/wp-content\/uploads\/2017\/03\/H%C3%A9rnia-umbilical-10.png?resize=270%2C300&amp;ssl=1 270w\" sizes=\"(max-width: 348px) 100vw, 348px\" \/><figcaption id=\"caption-attachment-194\" class=\"wp-caption-text\">Fechamento da pele com pontos intrad\u00e9rmicos<\/figcaption><\/figure><figcaption id=\"figcaption_attachment_175\" class=\"wp-caption-text\"><\/figcaption><\/figure>\n<p>Recupera\u00e7\u00e3o<\/p>\n<p>Geralmente a crian\u00e7a sente pouca dor no p\u00f3s-operat\u00f3rio e se recupera rapidamente. O resultado est\u00e9tico final ocorre ap\u00f3s 3 a 6 meses. H\u00e9rnias maiores podem demorar um pouco mais para a acomoda\u00e7\u00e3o da pele em excesso. O retorno \u00e0s aulas se d\u00e1 em 5 a 7 dias, devendo a crian\u00e7a se manter afastada da educa\u00e7\u00e3o f\u00edsica por pelo menos 30 dias.<\/p>\n","protected":false},"excerpt":{"rendered":"<p>O que \u00e9? \u00c9 o defeito do fechamento da estrutura fibromuscular do anel umbilical, permitindo a protrus\u00e3o de \u00f3rg\u00e3os intra-abdominal atrav\u00e9s da falha, que pode ser notada como abaulamento da \u00a0 cicatriz umbilical. Geralmente al\u00e7as intestinais. Por que acontece? Durante a vida embrion\u00e1ria, o umbigo \u00e9 formado por diversas estruturas como saco vitelino, alant\u00f3ide, \u00e2mnio&#8230;<\/p>\n","protected":false},"author":1,"featured_media":0,"parent":32,"menu_order":0,"comment_status":"closed","ping_status":"closed","template":"","meta":{"advanced_seo_description":"","jetpack_seo_html_title":"","jetpack_seo_noindex":false,"jetpack_post_was_ever_published":false,"footnotes":""},"class_list":["post-78","page","type-page","status-publish","hentry"],"jetpack_sharing_enabled":true,"jetpack_shortlink":"https:\/\/wp.me\/P8zks0-1g","jetpack-related-posts":[],"_links":{"self":[{"href":"https:\/\/drdouglascaetano.med.br\/novo\/wp-json\/wp\/v2\/pages\/78","targetHints":{"allow":["GET"]}}],"collection":[{"href":"https:\/\/drdouglascaetano.med.br\/novo\/wp-json\/wp\/v2\/pages"}],"about":[{"href":"https:\/\/drdouglascaetano.med.br\/novo\/wp-json\/wp\/v2\/types\/page"}],"author":[{"embeddable":true,"href":"https:\/\/drdouglascaetano.med.br\/novo\/wp-json\/wp\/v2\/users\/1"}],"replies":[{"embeddable":true,"href":"https:\/\/drdouglascaetano.med.br\/novo\/wp-json\/wp\/v2\/comments?post=78"}],"version-history":[{"count":3,"href":"https:\/\/drdouglascaetano.med.br\/novo\/wp-json\/wp\/v2\/pages\/78\/revisions"}],"predecessor-version":[{"id":197,"href":"https:\/\/drdouglascaetano.med.br\/novo\/wp-json\/wp\/v2\/pages\/78\/revisions\/197"}],"up":[{"embeddable":true,"href":"https:\/\/drdouglascaetano.med.br\/novo\/wp-json\/wp\/v2\/pages\/32"}],"wp:attachment":[{"href":"https:\/\/drdouglascaetano.med.br\/novo\/wp-json\/wp\/v2\/media?parent=78"}],"curies":[{"name":"wp","href":"https:\/\/api.w.org\/{rel}","templated":true}]}}