{"id":9,"date":"2017-03-29T11:02:46","date_gmt":"2017-03-29T11:02:46","guid":{"rendered":"http:\/\/drdouglascaetano.med.br\/novo\/?page_id=9"},"modified":"2017-04-24T18:23:46","modified_gmt":"2017-04-24T18:23:46","slug":"a-cirurgia-pediatrica","status":"publish","type":"page","link":"https:\/\/drdouglascaetano.med.br\/novo\/a-cirurgia-pediatrica\/","title":{"rendered":"A Cirurgia Pedi\u00e1trica"},"content":{"rendered":"<p><strong><img data-recalc-dims=\"1\" fetchpriority=\"high\" decoding=\"async\" data-attachment-id=\"10\" data-permalink=\"https:\/\/drdouglascaetano.med.br\/novo\/a-cirurgia-pediatrica\/cirurgiapediatrica\/\" data-orig-file=\"https:\/\/i0.wp.com\/drdouglascaetano.med.br\/novo\/wp-content\/uploads\/2017\/03\/cirurgiapediatrica.jpg?fit=209%2C300&amp;ssl=1\" data-orig-size=\"209,300\" data-comments-opened=\"1\" data-image-meta=\"{&quot;aperture&quot;:&quot;0&quot;,&quot;credit&quot;:&quot;&quot;,&quot;camera&quot;:&quot;&quot;,&quot;caption&quot;:&quot;&quot;,&quot;created_timestamp&quot;:&quot;0&quot;,&quot;copyright&quot;:&quot;&quot;,&quot;focal_length&quot;:&quot;0&quot;,&quot;iso&quot;:&quot;0&quot;,&quot;shutter_speed&quot;:&quot;0&quot;,&quot;title&quot;:&quot;&quot;,&quot;orientation&quot;:&quot;0&quot;}\" data-image-title=\"cirurgiapediatrica\" data-image-description=\"\" data-image-caption=\"\" data-medium-file=\"https:\/\/i0.wp.com\/drdouglascaetano.med.br\/novo\/wp-content\/uploads\/2017\/03\/cirurgiapediatrica.jpg?fit=209%2C300&amp;ssl=1\" data-large-file=\"https:\/\/i0.wp.com\/drdouglascaetano.med.br\/novo\/wp-content\/uploads\/2017\/03\/cirurgiapediatrica.jpg?fit=209%2C300&amp;ssl=1\" class=\"alignleft size-medium wp-image-10\" src=\"https:\/\/i0.wp.com\/drdouglascaetano.med.br\/novo\/wp-content\/uploads\/2017\/03\/cirurgiapediatrica-209x300.jpg?resize=209%2C300\" alt=\"cirurgiapediatrica\" width=\"209\" height=\"300\" \/>Hist\u00f3ria<\/strong><\/p>\n<p>Inicialmente a cirurgia infantil se desenvolveu juntamente com a cirurgia de adultos. Apesar da pr\u00e9via observa\u00e7\u00e3o de algumas malforma\u00e7\u00f5es caracter\u00edsticas cong\u00eanitas n\u00e3o havia distin\u00e7\u00e3o sobre os cuidados sobre ambos.<\/p>\n<p>No s\u00e9culo 17, gra\u00e7as aos avan\u00e7os na medicina atrav\u00e9s das aut\u00f3psias, come\u00e7ou-se e se ter um melhor entendimento das particularidades da anatomia e fisiologia das crian\u00e7as. Nesse per\u00edodo foram descritas pela primeira vez patologias pedi\u00e1tricas antes desconhecidas como as atresias de es\u00f4fago e intestino, bem como o megac\u00f3lon agangli\u00f4nico.<\/p>\n<p>No s\u00e9culo 19, surgiram os primeiros hospitais pedi\u00e1tricos na Europa e nos Estados Unidos, entretanto os cuidados cir\u00fargicos das crian\u00e7as era uma tarefa dif\u00edcil e realizada por cirurgi\u00f5es gerais. A anestesia era imprevis\u00edvel e n\u00e3o havia materiais espec\u00edficos, tornando muito arriscados procedimentos hoje considerados simples.<\/p>\n<p>\u00c0 medida que a medicina avan\u00e7ava ficava cada vez mais claro que as crian\u00e7as n\u00e3o eram adultos pequenos a necessidade de atendimento cir\u00fargico mais especializado. Acreditando nisso, alguns cirurgi\u00f5es come\u00e7aram a se dedicar exclusivamente ao tratamento de crian\u00e7as.<\/p>\n<p>A Associa\u00e7\u00e3o Brasileira de Cirurgia Pedi\u00e1trica foi fundada em 1964.<\/p>\n<p><strong>Forma\u00e7\u00e3o<\/strong><\/p>\n<p>Os Cirurgi\u00f5es Pedi\u00e1tricos s\u00e3o treinados e qualificados para o cuidado cir\u00fargico de todas as fase do desenvolvimento da inf\u00e2ncia, desde o per\u00edodo neonatal at\u00e9 a adolesc\u00eancia. S\u00e3o aptos atrav\u00e9s de especializa\u00e7\u00e3o a tratar de malforma\u00e7\u00f5es cong\u00eanitas e doen\u00e7as pr\u00f3prias da inf\u00e2ncia. Ap\u00f3s a faculdade de medicina o treinamento inclui 2 anos de especializa\u00e7\u00e3o em Cirurgia Geral, seguidos de 3 anos de especializa\u00e7\u00e3o e Cirurgia Pedi\u00e1trica. Al\u00e9m disso \u00e9 fundamental o constante aperfei\u00e7oamento atrav\u00e9s de diversos cursos, congressos e jornadas<\/p>\n<p><strong>Aten\u00e7\u00e3o \u00e0 crian\u00e7a<\/strong><\/p>\n<p>As crian\u00e7as apresentam particularidades f\u00edsicas, fisiol\u00f3gicas e psicol\u00f3gicas em rela\u00e7\u00e3o aos adultos, o que pede um tratamento espec\u00edfico desse p\u00fablico desde um ambiente adequado \u00e0 idade nos consult\u00f3rios at\u00e9 materiais e cuidados adequados na sala de cirurgia. Salvo rar\u00edssimas exce\u00e7\u00f5es, todos os procedimentos cir\u00fargicos s\u00e3o realizados sob anestesia geral. Em muitos casos, o paciente tem a possibilidade de ter alta no mesmo dia da cirurgia.<\/p>\n","protected":false},"excerpt":{"rendered":"<p>Hist\u00f3ria Inicialmente a cirurgia infantil se desenvolveu juntamente com a cirurgia de adultos. Apesar da pr\u00e9via observa\u00e7\u00e3o de algumas malforma\u00e7\u00f5es caracter\u00edsticas cong\u00eanitas n\u00e3o havia distin\u00e7\u00e3o sobre os cuidados sobre ambos. No s\u00e9culo 17, gra\u00e7as aos avan\u00e7os na medicina atrav\u00e9s das aut\u00f3psias, come\u00e7ou-se e se ter um melhor entendimento das particularidades da anatomia e fisiologia das&#8230;<\/p>\n","protected":false},"author":1,"featured_media":0,"parent":0,"menu_order":0,"comment_status":"closed","ping_status":"closed","template":"","meta":{"advanced_seo_description":"","jetpack_seo_html_title":"","jetpack_seo_noindex":false,"jetpack_post_was_ever_published":false,"footnotes":""},"class_list":["post-9","page","type-page","status-publish","hentry"],"jetpack_sharing_enabled":true,"jetpack_shortlink":"https:\/\/wp.me\/P8zks0-9","jetpack-related-posts":[],"_links":{"self":[{"href":"https:\/\/drdouglascaetano.med.br\/novo\/wp-json\/wp\/v2\/pages\/9","targetHints":{"allow":["GET"]}}],"collection":[{"href":"https:\/\/drdouglascaetano.med.br\/novo\/wp-json\/wp\/v2\/pages"}],"about":[{"href":"https:\/\/drdouglascaetano.med.br\/novo\/wp-json\/wp\/v2\/types\/page"}],"author":[{"embeddable":true,"href":"https:\/\/drdouglascaetano.med.br\/novo\/wp-json\/wp\/v2\/users\/1"}],"replies":[{"embeddable":true,"href":"https:\/\/drdouglascaetano.med.br\/novo\/wp-json\/wp\/v2\/comments?post=9"}],"version-history":[{"count":5,"href":"https:\/\/drdouglascaetano.med.br\/novo\/wp-json\/wp\/v2\/pages\/9\/revisions"}],"predecessor-version":[{"id":305,"href":"https:\/\/drdouglascaetano.med.br\/novo\/wp-json\/wp\/v2\/pages\/9\/revisions\/305"}],"wp:attachment":[{"href":"https:\/\/drdouglascaetano.med.br\/novo\/wp-json\/wp\/v2\/media?parent=9"}],"curies":[{"name":"wp","href":"https:\/\/api.w.org\/{rel}","templated":true}]}}